{"id":105818,"date":"2026-04-09T16:59:00","date_gmt":"2026-04-09T16:59:00","guid":{"rendered":"https:\/\/e.kosmolat.eu\/product\/jigott-red-ginseng-real-ampoule-mask-jigott-%d0%bca%d1%81%d0%baa-%d1%82%d0%baa%d0%bdc%d0%bd%d0%bda-ae%d1%8f-%d0%beiec%d1%87%d1%87%d1%8f-red-ginseng-real-ampoule-%d0%b7\/"},"modified":"2026-04-11T20:04:06","modified_gmt":"2026-04-11T20:04:06","slug":"jigott-red-ginseng-real-ampoule-mask-jigott-%d0%bca%d1%81%d0%baa-%d1%82%d0%baa%d0%bdc%d0%bd%d0%bda-ae%d1%8f-%d0%beiec%d1%87%d1%87%d1%8f-red-ginseng-real-ampoule-%d0%b7","status":"publish","type":"product","link":"https:\/\/e.kosmolat.eu\/lt\/produktas\/jigott-red-ginseng-real-ampoule-mask-jigott-%d0%bca%d1%81%d0%baa-%d1%82%d0%baa%d0%bdc%d0%bd%d0%bda-ae%d1%8f-%d0%beiec%d1%87%d1%87%d1%8f-red-ginseng-real-ampoule-%d0%b7\/","title":{"rendered":"JIGOTT RED GINSENG REAL AMPOULE MASK \/ JIGOTT \u041c\u0105\u0441\u043a\u0105 \u0442\u043a\u0105\u043d\u010d\u043d\u043d\u0105 \u00e4\u0117\u044f \u043e\u012f\u0117\u010d\u0447\u0447\u044f Red Ginseng Real Ampoule \u0437"},"content":{"rendered":"<p>Sarkan\u0101 \u017ee\u0146\u0161e\u0146a auduma maska efekt\u012bvi mitrina un baro \u0101du, jo sarkan\u0101 \u017ee\u0146\u0161e\u0146a ekstrakts nodro\u0161ina atsvaidzino\u0161u mitrino\u0161u saj\u016btu.<\/p>\n<p>Lieto\u0161ana:<br \/>\nP\u0113c uzkl\u0101\u0161anas uz \u0101das no\u0146emiet masku p\u0113c 15\u201320 min\u016bt\u0113m un vienm\u0113r\u012bgi iemas\u0113jiet atliku\u0161o produktu.<\/p>\n<p>Piesardz\u012bbas pas\u0101kumi:<br \/>\n1) Ja lietojot produktu vai p\u0113c t\u0101 lieto\u0161anas par\u0101d\u0101s k\u0101di neparasti simptomi vai blakuspar\u0101d\u012bbas, piem\u0113ram, sarkani plankumi, piet\u016bkums vai nieze, konsult\u0113jieties ar \u0101rstu vai speci\u0101listu.<br \/>\n2) Nelietojiet uz viet\u0101m, kur ir br\u016bces vai skr\u0101p\u0113jumi.<\/p>\n<p>Uzglab\u0101t b\u0113rniem nepieejam\u0101 viet\u0101, temperat\u016br\u0101 no +5 \u00b0\u0421 l\u012bdz +25 \u00b0\u0421, sarg\u0101jot no tie\u0161iem saules stariem, siltuma avotiem. Ja nok\u013c\u016bst ac\u012bs, nekav\u0113joties izskalojiet.<\/p>\n","protected":false},"excerpt":{"rendered":"<p>Sarkan\u0101 \u017ee\u0146\u0161e\u0146a auduma maska efekt\u012bvi mitrina un baro \u0101du, jo sarkan\u0101 \u017ee\u0146\u0161e\u0146a ekstrakts nodro\u0161ina atsvaidzino\u0161u mitrino\u0161u saj\u016btu. Lieto\u0161ana: P\u0113c uzkl\u0101\u0161anas uz \u0101das no\u0146emiet masku p\u0113c 15\u201320 min\u016bt\u0113m un vienm\u0113r\u012bgi iemas\u0113jiet atliku\u0161o produktu. Piesardz\u012bbas pas\u0101kumi: 1) Ja lietojot produktu vai p\u0113c t\u0101 lieto\u0161anas par\u0101d\u0101s k\u0101di neparasti simptomi vai blakuspar\u0101d\u012bbas, piem\u0113ram, sarkani plankumi, piet\u016bkums vai nieze, konsult\u0113jieties [&#8230;]\n","protected":false},"featured_media":105820,"template":"","meta":[],"product_cat":[1369],"product_tag":[],"class_list":{"0":"post-105818","1":"product","2":"type-product","3":"status-publish","4":"has-post-thumbnail","6":"product_brand-replay_kr-lt","7":"product_cat-veido-kaukes","9":"first","10":"instock","11":"taxable","12":"shipping-taxable","13":"product-type-simple"},"_links":{"self":[{"href":"https:\/\/e.kosmolat.eu\/lt\/wp-json\/wp\/v2\/product\/105818","targetHints":{"allow":["GET"]}}],"collection":[{"href":"https:\/\/e.kosmolat.eu\/lt\/wp-json\/wp\/v2\/product"}],"about":[{"href":"https:\/\/e.kosmolat.eu\/lt\/wp-json\/wp\/v2\/types\/product"}],"wp:featuredmedia":[{"embeddable":true,"href":"https:\/\/e.kosmolat.eu\/lt\/wp-json\/wp\/v2\/media\/105820"}],"wp:attachment":[{"href":"https:\/\/e.kosmolat.eu\/lt\/wp-json\/wp\/v2\/media?parent=105818"}],"wp:term":[{"taxonomy":"product_cat","embeddable":true,"href":"https:\/\/e.kosmolat.eu\/lt\/wp-json\/wp\/v2\/product_cat?post=105818"},{"taxonomy":"product_tag","embeddable":true,"href":"https:\/\/e.kosmolat.eu\/lt\/wp-json\/wp\/v2\/product_tag?post=105818"}],"curies":[{"name":"wp","href":"https:\/\/api.w.org\/{rel}","templated":true}]}}