{"id":105810,"date":"2026-04-09T16:58:44","date_gmt":"2026-04-09T16:58:44","guid":{"rendered":"https:\/\/e.kosmolat.eu\/product\/jigott-camellia-auduma-sejas-maska-ar-kamelijas-ekstr-27-ml\/"},"modified":"2026-04-11T20:03:55","modified_gmt":"2026-04-11T20:03:55","slug":"jigott-camellia-auduma-sejas-maska-ar-kamelijas-ekstr-27-ml","status":"publish","type":"product","link":"https:\/\/e.kosmolat.eu\/lt\/produktas\/jigott-camellia-auduma-sejas-maska-ar-kamelijas-ekstr-27-ml\/","title":{"rendered":"Jigott Camellia Auduma sejas maska ar kam\u0113lijas ekstr., 27 ml"},"content":{"rendered":"<p>Kamelijas auduma maska efekt\u012bvi mitrina un baro \u0101du, jo kam\u0113lijas ekstrakts nodro\u0161ina atsvaidzino\u0161u mitrino\u0161u saj\u016btu. Maskas loksne satur alvejas lapu ekstraktu, glieme\u017eu sekr\u0113ta filtr\u0101tu, prie\u017eu ekstraktu, medus ekstraktu un za\u013c\u0101s t\u0113jas ekstraktu, kas pal\u012bdz maigi nogludin\u0101t \u0101du un veidot t\u012bru un vesel\u012bgu sejas \u0101du.<\/p>\n<p>Lieto\u0161ana:<br \/>\nP\u0113c uzkl\u0101\u0161anas uz \u0101das no\u0146emiet masku p\u0113c 15\u201320 min\u016bt\u0113m un vienm\u0113r\u012bgi iemas\u0113jiet atliku\u0161o produktu.<\/p>\n<p>Piesardz\u012bbas pas\u0101kumi:<br \/>\n1) Ja lietojot produktu vai p\u0113c t\u0101 lieto\u0161anas par\u0101d\u0101s k\u0101di neparasti simptomi vai blakuspar\u0101d\u012bbas, piem\u0113ram, sarkani plankumi, piet\u016bkums vai nieze, konsult\u0113jieties ar \u0101rstu vai speci\u0101listu.<br \/>\n2) Nelietojiet uz viet\u0101m, kur ir br\u016bces vai skr\u0101p\u0113jumi.<br \/>\nUzglab\u0101t b\u0113rniem nepieejam\u0101 viet\u0101, temperat\u016br\u0101 no +5 \u00b0\u0421 l\u012bdz +25 \u00b0\u0421, sarg\u0101jot no tie\u0161iem saules stariem, siltuma avotiem. Ja nok\u013c\u016bst ac\u012bs, nekav\u0113joties izskalojiet.<\/p>\n","protected":false},"excerpt":{"rendered":"<p>Kamelijas auduma maska efekt\u012bvi mitrina un baro \u0101du, jo kam\u0113lijas ekstrakts nodro\u0161ina atsvaidzino\u0161u mitrino\u0161u saj\u016btu. Maskas loksne satur alvejas lapu ekstraktu, glieme\u017eu sekr\u0113ta filtr\u0101tu, prie\u017eu ekstraktu, medus ekstraktu un za\u013c\u0101s t\u0113jas ekstraktu, kas pal\u012bdz maigi nogludin\u0101t \u0101du un veidot t\u012bru un vesel\u012bgu sejas \u0101du. Lieto\u0161ana: P\u0113c uzkl\u0101\u0161anas uz \u0101das no\u0146emiet masku p\u0113c 15\u201320 min\u016bt\u0113m un [&#8230;]\n","protected":false},"featured_media":105812,"template":"","meta":[],"product_cat":[1369],"product_tag":[],"class_list":{"0":"post-105810","1":"product","2":"type-product","3":"status-publish","4":"has-post-thumbnail","6":"product_brand-replay_kr-lt","7":"product_cat-veido-kaukes","9":"first","10":"instock","11":"taxable","12":"shipping-taxable","13":"product-type-simple"},"_links":{"self":[{"href":"https:\/\/e.kosmolat.eu\/lt\/wp-json\/wp\/v2\/product\/105810","targetHints":{"allow":["GET"]}}],"collection":[{"href":"https:\/\/e.kosmolat.eu\/lt\/wp-json\/wp\/v2\/product"}],"about":[{"href":"https:\/\/e.kosmolat.eu\/lt\/wp-json\/wp\/v2\/types\/product"}],"wp:featuredmedia":[{"embeddable":true,"href":"https:\/\/e.kosmolat.eu\/lt\/wp-json\/wp\/v2\/media\/105812"}],"wp:attachment":[{"href":"https:\/\/e.kosmolat.eu\/lt\/wp-json\/wp\/v2\/media?parent=105810"}],"wp:term":[{"taxonomy":"product_cat","embeddable":true,"href":"https:\/\/e.kosmolat.eu\/lt\/wp-json\/wp\/v2\/product_cat?post=105810"},{"taxonomy":"product_tag","embeddable":true,"href":"https:\/\/e.kosmolat.eu\/lt\/wp-json\/wp\/v2\/product_tag?post=105810"}],"curies":[{"name":"wp","href":"https:\/\/api.w.org\/{rel}","templated":true}]}}