{"id":105802,"date":"2026-04-09T16:58:26","date_gmt":"2026-04-09T16:58:26","guid":{"rendered":"https:\/\/e.kosmolat.eu\/product\/krems-altajas-mumijo-intens-jut-adai-30-ml\/"},"modified":"2026-04-10T10:36:57","modified_gmt":"2026-04-10T10:36:57","slug":"krems-altajas-mumijo-intens-jut-adai-30-ml","status":"publish","type":"product","link":"https:\/\/e.kosmolat.eu\/lt\/produktas\/krems-altajas-mumijo-intens-jut-adai-30-ml\/","title":{"rendered":"Kremas Altajaus Mumijus Intensyvus Jautriai odai, 30 ml"},"content":{"rendered":"<p>Intensyvus. Jautriai odai. Sud\u0117tyje yra Altajaus mumijus, kuris pasi\u017eymi pla\u010diu biologinio aktyvumo spektru ir turi teigiam\u0105 poveik\u012f net ma\u017eomis doz\u0117mis. <\/p>\n<p>Naudojimas: u\u017etepkite plon\u0105 sluoksn\u012f ant \u0161varios odos. Kad apsaugotum\u0117te od\u0105 \u0161altuoju met\u0173 laiku, 20 minu\u010di\u0173 prie\u0161 i\u0161einant \u012f lauk\u0105 pasitepkite kremu. <\/p>\n<p>Atsargumo priemon\u0117s: tik i\u0161oriniam naudojimui. Patekus \u012f akis, praplauti vandeniu. Galimas individualus jautrumas atskiriems kremo komponentams. <\/p>\n<p>Saugojimo temperat\u016bra: +5 \u00b0C &#8211; +25 \u00b0C.<\/p>\n","protected":false},"excerpt":{"rendered":"<p>Intensyvus. Jautriai odai. Sud\u0117tyje yra Altajaus mumijus, kuris pasi\u017eymi pla\u010diu biologinio aktyvumo spektru ir turi teigiam\u0105 poveik\u012f net ma\u017eomis doz\u0117mis. Naudojimas: u\u017etepkite plon\u0105 sluoksn\u012f ant \u0161varios odos. Kad apsaugotum\u0117te od\u0105 \u0161altuoju met\u0173 laiku, 20 minu\u010di\u0173 prie\u0161 i\u0161einant \u012f lauk\u0105 pasitepkite kremu. Atsargumo priemon\u0117s: tik i\u0161oriniam naudojimui. Patekus \u012f akis, praplauti vandeniu. Galimas individualus jautrumas atskiriems [&#8230;]\n","protected":false},"featured_media":105804,"template":"","meta":[],"product_cat":[1390],"product_tag":[],"class_list":{"0":"post-105802","1":"product","2":"type-product","3":"status-publish","4":"has-post-thumbnail","6":"product_brand-private-label-lt","7":"product_cat-kremai-aliejai-kuno-pienelis","9":"first","10":"instock","11":"taxable","12":"shipping-taxable","13":"product-type-simple"},"_links":{"self":[{"href":"https:\/\/e.kosmolat.eu\/lt\/wp-json\/wp\/v2\/product\/105802","targetHints":{"allow":["GET"]}}],"collection":[{"href":"https:\/\/e.kosmolat.eu\/lt\/wp-json\/wp\/v2\/product"}],"about":[{"href":"https:\/\/e.kosmolat.eu\/lt\/wp-json\/wp\/v2\/types\/product"}],"wp:featuredmedia":[{"embeddable":true,"href":"https:\/\/e.kosmolat.eu\/lt\/wp-json\/wp\/v2\/media\/105804"}],"wp:attachment":[{"href":"https:\/\/e.kosmolat.eu\/lt\/wp-json\/wp\/v2\/media?parent=105802"}],"wp:term":[{"taxonomy":"product_cat","embeddable":true,"href":"https:\/\/e.kosmolat.eu\/lt\/wp-json\/wp\/v2\/product_cat?post=105802"},{"taxonomy":"product_tag","embeddable":true,"href":"https:\/\/e.kosmolat.eu\/lt\/wp-json\/wp\/v2\/product_tag?post=105802"}],"curies":[{"name":"wp","href":"https:\/\/api.w.org\/{rel}","templated":true}]}}