{"id":105794,"date":"2026-04-09T16:58:08","date_gmt":"2026-04-09T16:58:08","guid":{"rendered":"https:\/\/e.kosmolat.eu\/product\/7days-skropstu-tusa-shine-bombita-smoky-eyes-01-melna-11-5-ml\/"},"modified":"2026-04-09T16:58:17","modified_gmt":"2026-04-09T16:58:17","slug":"7days-skropstu-tusa-shine-bombita-smoky-eyes-01-melna-11-5-ml","status":"publish","type":"product","link":"https:\/\/e.kosmolat.eu\/lt\/produktas\/7days-skropstu-tusa-shine-bombita-smoky-eyes-01-melna-11-5-ml\/","title":{"rendered":"7DAYS Bombita! tu\u0161as blakstienoms smoky eyes 01 juodas, 11,5 ml"},"content":{"rendered":"<p>Suteikite savo blakstienoms stulbinan\u010dios apimties su \u0161iuo juodu smoky eyes efekto tu\u0161u. Silikoninis \u0161epet\u0117lis puikiai atskiria blakstienas j\u0173 nesulipdydamas, o tu\u0161as nebyra.<\/p>\n<p>Atsargumo priemon\u0117s: Tik i\u0161oriniam naudojimui. Venkite patekimo \u012f akis. Patekus \u012f akis, nedelsiant praplaukite dideliu kiekiu vandens. ir, jei reikia, kreipkit\u0117s \u012f gydytoj\u0105. Nenaudokite, jei yra padid\u0117j\u0119s jautrumas bet kuriai i\u0161 sudedam\u0173j\u0173 dali\u0173. Nustokite naudoti, jei atsiranda dirginimas. Laikyti vaikams nepasiekiamoje vietoje. Laikyti +5\u2013+25 \u00b0C temperat\u016broje, vengiant tiesiogini\u0173 saul\u0117s spinduli\u0173.<\/p>\n","protected":false},"excerpt":{"rendered":"<p>Suteikite savo blakstienoms stulbinan\u010dios apimties su \u0161iuo juodu smoky eyes efekto tu\u0161u. Silikoninis \u0161epet\u0117lis puikiai atskiria blakstienas j\u0173 nesulipdydamas, o tu\u0161as nebyra. Atsargumo priemon\u0117s: Tik i\u0161oriniam naudojimui. Venkite patekimo \u012f akis. Patekus \u012f akis, nedelsiant praplaukite dideliu kiekiu vandens. ir, jei reikia, kreipkit\u0117s \u012f gydytoj\u0105. Nenaudokite, jei yra padid\u0117j\u0119s jautrumas bet kuriai i\u0161 sudedam\u0173j\u0173 dali\u0173. [&#8230;]\n","protected":false},"featured_media":105796,"template":"","meta":[],"product_cat":[1382],"product_tag":[],"class_list":{"0":"post-105794","1":"product","2":"type-product","3":"status-publish","4":"has-post-thumbnail","6":"product_brand-7days_it-lt","7":"product_cat-tusai","9":"first","10":"instock","11":"taxable","12":"shipping-taxable","13":"product-type-simple"},"_links":{"self":[{"href":"https:\/\/e.kosmolat.eu\/lt\/wp-json\/wp\/v2\/product\/105794","targetHints":{"allow":["GET"]}}],"collection":[{"href":"https:\/\/e.kosmolat.eu\/lt\/wp-json\/wp\/v2\/product"}],"about":[{"href":"https:\/\/e.kosmolat.eu\/lt\/wp-json\/wp\/v2\/types\/product"}],"wp:featuredmedia":[{"embeddable":true,"href":"https:\/\/e.kosmolat.eu\/lt\/wp-json\/wp\/v2\/media\/105796"}],"wp:attachment":[{"href":"https:\/\/e.kosmolat.eu\/lt\/wp-json\/wp\/v2\/media?parent=105794"}],"wp:term":[{"taxonomy":"product_cat","embeddable":true,"href":"https:\/\/e.kosmolat.eu\/lt\/wp-json\/wp\/v2\/product_cat?post=105794"},{"taxonomy":"product_tag","embeddable":true,"href":"https:\/\/e.kosmolat.eu\/lt\/wp-json\/wp\/v2\/product_tag?post=105794"}],"curies":[{"name":"wp","href":"https:\/\/api.w.org\/{rel}","templated":true}]}}