{"id":105778,"date":"2026-04-09T16:57:33","date_gmt":"2026-04-09T16:57:33","guid":{"rendered":"https:\/\/e.kosmolat.eu\/product\/7days-b-colour-skdr-korektors-01-light-8-ml\/"},"modified":"2026-04-09T16:57:41","modified_gmt":"2026-04-09T16:57:41","slug":"7days-b-colour-skdr-korektors-01-light-8-ml","status":"publish","type":"product","link":"https:\/\/e.kosmolat.eu\/lt\/produktas\/7days-b-colour-skdr-korektors-01-light-8-ml\/","title":{"rendered":"7 DAYS B.COLOUR skystas maskuoklis, 01 Light, 8 ml"},"content":{"rendered":"<p>\u0160iuo kreminiu maskuokliu galite kont\u016bruoti ir pasl\u0117pti odos tr\u016bkumus. Smailus aplikatorius u\u017etikrina tiksl\u0173 u\u017etepim\u0105, o lengva ir lanksti tekst\u016bra neleid\u017eia jam nus\u0117sti ant smulki\u0173 rauk\u0161leli\u0173 ar i\u0161sausinti paaki\u0173 srities.<\/p>\n<p>Atsargumo priemon\u0117s: Tik i\u0161oriniam naudojimui. Venkite patekimo \u012f akis. Patekus \u012f akis, nedelsiant praplaukite dideliu kiekiu vandens ir, jei reikia, kreipkit\u0117s \u012f gydytoj\u0105. Nenaudokite, jei esate jautrus bet kuriai i\u0161 sudedam\u0173j\u0173 dali\u0173. Nustokite naudoti, jei atsiranda dirginimas. Laikyti vaikams nepasiekiamoje vietoje.  +5\u2013+25 \u00b0C temperat\u016broje, vengiant tiesiogini\u0173 saul\u0117s spinduli\u0173.<\/p>\n","protected":false},"excerpt":{"rendered":"<p>\u0160iuo kreminiu maskuokliu galite kont\u016bruoti ir pasl\u0117pti odos tr\u016bkumus. Smailus aplikatorius u\u017etikrina tiksl\u0173 u\u017etepim\u0105, o lengva ir lanksti tekst\u016bra neleid\u017eia jam nus\u0117sti ant smulki\u0173 rauk\u0161leli\u0173 ar i\u0161sausinti paaki\u0173 srities. Atsargumo priemon\u0117s: Tik i\u0161oriniam naudojimui. Venkite patekimo \u012f akis. Patekus \u012f akis, nedelsiant praplaukite dideliu kiekiu vandens ir, jei reikia, kreipkit\u0117s \u012f gydytoj\u0105. Nenaudokite, jei esate [&#8230;]\n","protected":false},"featured_media":105780,"template":"","meta":[],"product_cat":[1490],"product_tag":[],"class_list":{"0":"post-105778","1":"product","2":"type-product","3":"status-publish","4":"has-post-thumbnail","6":"product_brand-7days_it-lt","7":"product_cat-korektoriai","9":"first","10":"instock","11":"taxable","12":"shipping-taxable","13":"product-type-simple"},"_links":{"self":[{"href":"https:\/\/e.kosmolat.eu\/lt\/wp-json\/wp\/v2\/product\/105778","targetHints":{"allow":["GET"]}}],"collection":[{"href":"https:\/\/e.kosmolat.eu\/lt\/wp-json\/wp\/v2\/product"}],"about":[{"href":"https:\/\/e.kosmolat.eu\/lt\/wp-json\/wp\/v2\/types\/product"}],"wp:featuredmedia":[{"embeddable":true,"href":"https:\/\/e.kosmolat.eu\/lt\/wp-json\/wp\/v2\/media\/105780"}],"wp:attachment":[{"href":"https:\/\/e.kosmolat.eu\/lt\/wp-json\/wp\/v2\/media?parent=105778"}],"wp:term":[{"taxonomy":"product_cat","embeddable":true,"href":"https:\/\/e.kosmolat.eu\/lt\/wp-json\/wp\/v2\/product_cat?post=105778"},{"taxonomy":"product_tag","embeddable":true,"href":"https:\/\/e.kosmolat.eu\/lt\/wp-json\/wp\/v2\/product_tag?post=105778"}],"curies":[{"name":"wp","href":"https:\/\/api.w.org\/{rel}","templated":true}]}}