{"id":105762,"date":"2026-04-09T16:56:56","date_gmt":"2026-04-09T16:56:56","guid":{"rendered":"https:\/\/e.kosmolat.eu\/product\/7days-b-colour-holografiska-lupu-krasa-01-barbie-4-g\/"},"modified":"2026-04-11T19:48:55","modified_gmt":"2026-04-11T19:48:55","slug":"7days-b-colour-holografiska-lupu-krasa-01-barbie-4-g","status":"publish","type":"product","link":"https:\/\/e.kosmolat.eu\/lt\/produktas\/7days-b-colour-holografiska-lupu-krasa-01-barbie-4-g\/","title":{"rendered":"7 DAYS B. COLOUR holografinis l\u016bpda\u017eis, 01 Barbie, 4 g"},"content":{"rendered":"<p>Suteikite savo l\u016bpoms ne\u012ftik\u0117tin\u0105 blizges\u012f su \u0161iais holografiniais blizgan\u010diais l\u016bp\u0173 da\u017eais. \u0160velni tekst\u016bra tolygiai tepasi, dr\u0117kina jas ir suteikia blizgesio.<\/p>\n<p>Atsargumo priemon\u0117s: Tik i\u0161oriniam naudojimui. Venkite patekimo \u012f akis. Patekus \u012f akis, nedelsiant praplaukite dideliu kiekiu vandens ir, jei reikia, kreipkit\u0117s \u012f gydytoj\u0105. Nenaudokite, jei esate jautrus bet kuriai i\u0161 sudedam\u0173j\u0173 dali\u0173. Nustokite naudoti, jei atsiranda dirginimas. Laikyti vaikams nepasiekiamoje vietoje. +5\u2013+25 \u00b0C temperat\u016broje, vengiant tiesiogini\u0173 saul\u0117s spinduli\u0173.<\/p>\n","protected":false},"excerpt":{"rendered":"<p>Suteikite savo l\u016bpoms ne\u012ftik\u0117tin\u0105 blizges\u012f su \u0161iais holografiniais blizgan\u010diais l\u016bp\u0173 da\u017eais. \u0160velni tekst\u016bra tolygiai tepasi, dr\u0117kina jas ir suteikia blizgesio. Atsargumo priemon\u0117s: Tik i\u0161oriniam naudojimui. Venkite patekimo \u012f akis. Patekus \u012f akis, nedelsiant praplaukite dideliu kiekiu vandens ir, jei reikia, kreipkit\u0117s \u012f gydytoj\u0105. Nenaudokite, jei esate jautrus bet kuriai i\u0161 sudedam\u0173j\u0173 dali\u0173. Nustokite naudoti, jei [&#8230;]\n","protected":false},"featured_media":105764,"template":"","meta":[],"product_cat":[1269],"product_tag":[],"class_list":{"0":"post-105762","1":"product","2":"type-product","3":"status-publish","4":"has-post-thumbnail","6":"product_brand-7days_it-lt","7":"product_cat-lupu-dazai","9":"first","10":"instock","11":"taxable","12":"shipping-taxable","13":"product-type-simple"},"_links":{"self":[{"href":"https:\/\/e.kosmolat.eu\/lt\/wp-json\/wp\/v2\/product\/105762","targetHints":{"allow":["GET"]}}],"collection":[{"href":"https:\/\/e.kosmolat.eu\/lt\/wp-json\/wp\/v2\/product"}],"about":[{"href":"https:\/\/e.kosmolat.eu\/lt\/wp-json\/wp\/v2\/types\/product"}],"wp:featuredmedia":[{"embeddable":true,"href":"https:\/\/e.kosmolat.eu\/lt\/wp-json\/wp\/v2\/media\/105764"}],"wp:attachment":[{"href":"https:\/\/e.kosmolat.eu\/lt\/wp-json\/wp\/v2\/media?parent=105762"}],"wp:term":[{"taxonomy":"product_cat","embeddable":true,"href":"https:\/\/e.kosmolat.eu\/lt\/wp-json\/wp\/v2\/product_cat?post=105762"},{"taxonomy":"product_tag","embeddable":true,"href":"https:\/\/e.kosmolat.eu\/lt\/wp-json\/wp\/v2\/product_tag?post=105762"}],"curies":[{"name":"wp","href":"https:\/\/api.w.org\/{rel}","templated":true}]}}