{"id":105746,"date":"2026-04-09T16:56:18","date_gmt":"2026-04-09T16:56:18","guid":{"rendered":"https:\/\/e.kosmolat.eu\/product\/7days-b-colour-we-udensnot-acu-zim-01-christmas-tree-025-g\/"},"modified":"2026-04-09T16:56:27","modified_gmt":"2026-04-09T16:56:27","slug":"7days-b-colour-we-udensnot-acu-zim-01-christmas-tree-025-g","status":"publish","type":"product","link":"https:\/\/e.kosmolat.eu\/lt\/produktas\/7days-b-colour-we-udensnot-acu-zim-01-christmas-tree-025-g\/","title":{"rendered":"7 DAYS B.COLOUR WE vandeniui atsparus aki\u0173 pie\u0161tukas, 01 Christmas Tree, 0,25 g"},"content":{"rendered":"<p>Atskleiskite savo aki\u0173 magij\u0105 su \u0161iuo daugiafunkciu 3 viename blizgan\u010diu aki\u0173 pie\u0161tuku. D\u0117l itin mink\u0161to galiuko j\u012f galite naudoti kaip aki\u0173 pie\u0161tuk\u0105, ar kreminius aki\u0173 \u0161e\u0161\u0117lius. O vandeniui atspari formul\u0117 u\u017etikrina ilgai i\u0161liekant\u012f makia\u017e\u0105, kuris i\u0161silaiko vis\u0105 dien\u0105.<\/p>\n<p>Atsargumo priemon\u0117s: Tik i\u0161oriniam naudojimui. Venkite patekimo \u012f akis. Patekus \u012f akis, nedelsiant praplaukite dideliu kiekiu vandens ir, jei reikia, kreipkit\u0117s \u012f gydytoj\u0105. Nenaudokite, jei esate jautrus bet kuriai i\u0161 sudedam\u0173j\u0173 dali\u0173. Nustokite naudoti, jei atsiranda dirginimas. Laikyti vaikams nepasiekiamoje vietoje.  +5\u2013+25 \u00b0C temperat\u016broje, vengiant tiesiogini\u0173 saul\u0117s spinduli\u0173.<\/p>\n","protected":false},"excerpt":{"rendered":"<p>Atskleiskite savo aki\u0173 magij\u0105 su \u0161iuo daugiafunkciu 3 viename blizgan\u010diu aki\u0173 pie\u0161tuku. D\u0117l itin mink\u0161to galiuko j\u012f galite naudoti kaip aki\u0173 pie\u0161tuk\u0105, ar kreminius aki\u0173 \u0161e\u0161\u0117lius. O vandeniui atspari formul\u0117 u\u017etikrina ilgai i\u0161liekant\u012f makia\u017e\u0105, kuris i\u0161silaiko vis\u0105 dien\u0105. Atsargumo priemon\u0117s: Tik i\u0161oriniam naudojimui. Venkite patekimo \u012f akis. Patekus \u012f akis, nedelsiant praplaukite dideliu kiekiu vandens [&#8230;]\n","protected":false},"featured_media":105748,"template":"","meta":[],"product_cat":[1264],"product_tag":[],"class_list":{"0":"post-105746","1":"product","2":"type-product","3":"status-publish","4":"has-post-thumbnail","6":"product_brand-7days_it-lt","7":"product_cat-piestukai-konturai","9":"first","10":"instock","11":"taxable","12":"shipping-taxable","13":"product-type-simple"},"_links":{"self":[{"href":"https:\/\/e.kosmolat.eu\/lt\/wp-json\/wp\/v2\/product\/105746","targetHints":{"allow":["GET"]}}],"collection":[{"href":"https:\/\/e.kosmolat.eu\/lt\/wp-json\/wp\/v2\/product"}],"about":[{"href":"https:\/\/e.kosmolat.eu\/lt\/wp-json\/wp\/v2\/types\/product"}],"wp:featuredmedia":[{"embeddable":true,"href":"https:\/\/e.kosmolat.eu\/lt\/wp-json\/wp\/v2\/media\/105748"}],"wp:attachment":[{"href":"https:\/\/e.kosmolat.eu\/lt\/wp-json\/wp\/v2\/media?parent=105746"}],"wp:term":[{"taxonomy":"product_cat","embeddable":true,"href":"https:\/\/e.kosmolat.eu\/lt\/wp-json\/wp\/v2\/product_cat?post=105746"},{"taxonomy":"product_tag","embeddable":true,"href":"https:\/\/e.kosmolat.eu\/lt\/wp-json\/wp\/v2\/product_tag?post=105746"}],"curies":[{"name":"wp","href":"https:\/\/api.w.org\/{rel}","templated":true}]}}