{"id":105738,"date":"2026-04-09T16:56:02","date_gmt":"2026-04-09T16:56:02","guid":{"rendered":"https:\/\/e.kosmolat.eu\/product\/7days-b-colour-udensnot-acu-laineris-ar-metal-ef-02-christmas-miracle-05-g\/"},"modified":"2026-04-09T16:56:10","modified_gmt":"2026-04-09T16:56:10","slug":"7days-b-colour-udensnot-acu-laineris-ar-metal-ef-02-christmas-miracle-05-g","status":"publish","type":"product","link":"https:\/\/e.kosmolat.eu\/lt\/produktas\/7days-b-colour-udensnot-acu-laineris-ar-metal-ef-02-christmas-miracle-05-g\/","title":{"rendered":"7 DAYS B.COLOUR vandeniui atsparus aki\u0173 pie\u0161tukas metal. efekt., 02 Christmas Miracle 0,5 g"},"content":{"rendered":"<p>Sukurkite k\u016brybing\u0105 aki\u0173 makia\u017e\u0105 su \u0161iuo metalinio atspalvio aki\u0173 pie\u0161tuku. Vandeniui atspari formul\u0117 greitai d\u017ei\u016bsta ir i\u0161silaiko vis\u0105 dien\u0105. I\u0161manus \u0161epet\u0117lis leid\u017eia lengvai sukurti tiek plonas, tiek storas linijas. Pie\u0161tukas gra\u017eiai pasiskirsto, nesitepa ir netempia. Prie\u0161 naudojim\u0105 suplakite.<\/p>\n<p>Atsargumo priemon\u0117s: Tik i\u0161oriniam naudojimui. Venkite patekimo \u012f akis. Patekus \u012f akis, nedelsiant praplaukite dideliu kiekiu vandens ir, jei reikia, kreipkit\u0117s \u012f gydytoj\u0105. Nenaudokite, jei esate jautrus bet kuriai i\u0161 sudedam\u0173j\u0173 dali\u0173. Nustokite naudoti, jei atsiranda dirginimas. Laikyti vaikams nepasiekiamoje vietoje.  +5\u2013+25 \u00b0C temperat\u016broje, vengiant tiesiogini\u0173 saul\u0117s spinduli\u0173.<\/p>\n","protected":false},"excerpt":{"rendered":"<p>Sukurkite k\u016brybing\u0105 aki\u0173 makia\u017e\u0105 su \u0161iuo metalinio atspalvio aki\u0173 pie\u0161tuku. Vandeniui atspari formul\u0117 greitai d\u017ei\u016bsta ir i\u0161silaiko vis\u0105 dien\u0105. I\u0161manus \u0161epet\u0117lis leid\u017eia lengvai sukurti tiek plonas, tiek storas linijas. Pie\u0161tukas gra\u017eiai pasiskirsto, nesitepa ir netempia. Prie\u0161 naudojim\u0105 suplakite. Atsargumo priemon\u0117s: Tik i\u0161oriniam naudojimui. Venkite patekimo \u012f akis. Patekus \u012f akis, nedelsiant praplaukite dideliu kiekiu vandens [&#8230;]\n","protected":false},"featured_media":105740,"template":"","meta":[],"product_cat":[1264],"product_tag":[],"class_list":{"0":"post-105738","1":"product","2":"type-product","3":"status-publish","4":"has-post-thumbnail","6":"product_brand-7days_it-lt","7":"product_cat-piestukai-konturai","9":"first","10":"instock","11":"taxable","12":"shipping-taxable","13":"product-type-simple"},"_links":{"self":[{"href":"https:\/\/e.kosmolat.eu\/lt\/wp-json\/wp\/v2\/product\/105738","targetHints":{"allow":["GET"]}}],"collection":[{"href":"https:\/\/e.kosmolat.eu\/lt\/wp-json\/wp\/v2\/product"}],"about":[{"href":"https:\/\/e.kosmolat.eu\/lt\/wp-json\/wp\/v2\/types\/product"}],"wp:featuredmedia":[{"embeddable":true,"href":"https:\/\/e.kosmolat.eu\/lt\/wp-json\/wp\/v2\/media\/105740"}],"wp:attachment":[{"href":"https:\/\/e.kosmolat.eu\/lt\/wp-json\/wp\/v2\/media?parent=105738"}],"wp:term":[{"taxonomy":"product_cat","embeddable":true,"href":"https:\/\/e.kosmolat.eu\/lt\/wp-json\/wp\/v2\/product_cat?post=105738"},{"taxonomy":"product_tag","embeddable":true,"href":"https:\/\/e.kosmolat.eu\/lt\/wp-json\/wp\/v2\/product_tag?post=105738"}],"curies":[{"name":"wp","href":"https:\/\/api.w.org\/{rel}","templated":true}]}}