{"id":105690,"date":"2026-04-09T16:54:12","date_gmt":"2026-04-09T16:54:12","guid":{"rendered":"https:\/\/e.kosmolat.eu\/product\/gp-kondicionieris-matiem-dizdadzis-un-kviesu-prot-300-ml\/"},"modified":"2026-04-09T16:54:20","modified_gmt":"2026-04-09T16:54:20","slug":"gp-kondicionieris-matiem-dizdadzis-un-kviesu-prot-300-ml","status":"publish","type":"product","link":"https:\/\/e.kosmolat.eu\/lt\/produktas\/gp-kondicionieris-matiem-dizdadzis-un-kviesu-prot-300-ml\/","title":{"rendered":"GP Plauku slinkimui skirtas kondic.su varnale\u0161os ekstraktu ir kvie\u0161iu prot., 300 ml"},"content":{"rendered":"<p>Maitinamasis kondicionierius nuo plauk\u0173 slinkimo su varnal\u0117&scaron;\u0173 ekstraktu ir kvie\u010di\u0173 baltymais, kuris stiprina plaukus nuo &scaron;akn\u0173 ir suteikia jiems &scaron;velnumo bei lengvo formavimo. Plaukai tampa &scaron;var\u016bs, sudr\u0117kinti ir gyvybingi su sveiku blizgesiu.<\/p>\n<p><strong>Naudojimas:<\/strong><br \/>\nTepti ant &scaron;vari\u0173, dr\u0117gn\u0173 plauk\u0173 &scaron;akn\u0173, tolygiai paskirstyti per vis\u0105 ilg\u012f. Palikti 2 minut\u0117ms, tada nuplauti vandeniu.<\/p>\n<p><strong>Atsargumo priemon\u0117s:<\/strong><br \/>\nPatekus \u012f akis, nuplauti vandeniu.<\/p>\n","protected":false},"excerpt":{"rendered":"<p>Maitinamasis kondicionierius nuo plauk\u0173 slinkimo su varnal\u0117&scaron;\u0173 ekstraktu ir kvie\u010di\u0173 baltymais, kuris stiprina plaukus nuo &scaron;akn\u0173 ir suteikia jiems &scaron;velnumo bei lengvo formavimo. Plaukai tampa &scaron;var\u016bs, sudr\u0117kinti ir gyvybingi su sveiku blizgesiu. Naudojimas: Tepti ant &scaron;vari\u0173, dr\u0117gn\u0173 plauk\u0173 &scaron;akn\u0173, tolygiai paskirstyti per vis\u0105 ilg\u012f. Palikti 2 minut\u0117ms, tada nuplauti vandeniu. Atsargumo priemon\u0117s: Patekus \u012f akis, [&#8230;]\n","protected":false},"featured_media":105692,"template":"","meta":[],"product_cat":[1640],"product_tag":[],"class_list":{"0":"post-105690","1":"product","2":"type-product","3":"status-publish","4":"has-post-thumbnail","6":"product_brand-elfa_ua-lt","7":"product_cat-balzamai","9":"first","10":"instock","11":"taxable","12":"shipping-taxable","13":"product-type-simple"},"_links":{"self":[{"href":"https:\/\/e.kosmolat.eu\/lt\/wp-json\/wp\/v2\/product\/105690","targetHints":{"allow":["GET"]}}],"collection":[{"href":"https:\/\/e.kosmolat.eu\/lt\/wp-json\/wp\/v2\/product"}],"about":[{"href":"https:\/\/e.kosmolat.eu\/lt\/wp-json\/wp\/v2\/types\/product"}],"wp:featuredmedia":[{"embeddable":true,"href":"https:\/\/e.kosmolat.eu\/lt\/wp-json\/wp\/v2\/media\/105692"}],"wp:attachment":[{"href":"https:\/\/e.kosmolat.eu\/lt\/wp-json\/wp\/v2\/media?parent=105690"}],"wp:term":[{"taxonomy":"product_cat","embeddable":true,"href":"https:\/\/e.kosmolat.eu\/lt\/wp-json\/wp\/v2\/product_cat?post=105690"},{"taxonomy":"product_tag","embeddable":true,"href":"https:\/\/e.kosmolat.eu\/lt\/wp-json\/wp\/v2\/product_tag?post=105690"}],"curies":[{"name":"wp","href":"https:\/\/api.w.org\/{rel}","templated":true}]}}