{"id":105682,"date":"2026-04-09T16:53:53","date_gmt":"2026-04-09T16:53:53","guid":{"rendered":"https:\/\/e.kosmolat.eu\/product\/sana-active-eksfol-lidz-pedam-ar-rullisa-apl-50-ml\/"},"modified":"2026-04-09T16:54:03","modified_gmt":"2026-04-09T16:54:03","slug":"sana-active-eksfol-lidz-pedam-ar-rullisa-apl-50-ml","status":"publish","type":"product","link":"https:\/\/e.kosmolat.eu\/lt\/produktas\/sana-active-eksfol-lidz-pedam-ar-rullisa-apl-50-ml\/","title":{"rendered":"SANA Active nuospaud\u0173 valiklis su rutuliniu aplikatoriumi, 50 ml"},"content":{"rendered":"<p>Matomi rezultatai jau po vieno panaudojimo. Produktas veikia kaip pemza \u2013 pa\u0161alina negyvas odos l\u0105steles be mechaninio trynimo. Papaino fermentas skaido negyvas odos l\u0105steles ir padeda i\u0161lyginti odos tekst\u016br\u0105. Delta-gliukonolaktonas suteikia \u0161veln\u0173 \u0161vei\u010diam\u0105j\u012f poveik\u012f. Pa\u0161alina negyvas odos l\u0105steles ir padeda suma\u017einti j\u0173 stor\u012f. Salicilo r\u016bg\u0161tis skatina odos atsinaujinim\u0105, o pieno r\u016bg\u0161tis efektyviai dr\u0117kina ir mink\u0161tina \u0161iurk\u0161\u010di\u0105 od\u0105, tod\u0117l kulnai tampa mink\u0161ti ir \u0161veln\u016bs. Produktas taip pat skatina kolageno gamyb\u0105, o tai teigiamai veikia odos b\u016bkl\u0119.<\/p>\n<p>Naudojimas: U\u017etepkite plon\u0105 priemon\u0117s sluoksn\u012f ant kuln\u0173 ir leiskite jam \u012fsigerti. Nenuplaukite. Geriausiems rezultatams pasiekti naudokite vakare prie\u0161 mieg\u0105. Kartokite, kol pasieksite norim\u0173 rezultat\u0173, bet ne ilgiau kaip 6 dienas i\u0161 eil\u0117s. Naudojimo trukm\u0117 priklauso nuo j\u016bs\u0173 odos \u0161iurk\u0161tumo.<\/p>\n<p>\u012esp\u0117jimas: Nenaudoti ant pa\u017eeistos ar sudirgusios odos.<\/p>\n","protected":false},"excerpt":{"rendered":"<p>Matomi rezultatai jau po vieno panaudojimo. Produktas veikia kaip pemza \u2013 pa\u0161alina negyvas odos l\u0105steles be mechaninio trynimo. Papaino fermentas skaido negyvas odos l\u0105steles ir padeda i\u0161lyginti odos tekst\u016br\u0105. Delta-gliukonolaktonas suteikia \u0161veln\u0173 \u0161vei\u010diam\u0105j\u012f poveik\u012f. Pa\u0161alina negyvas odos l\u0105steles ir padeda suma\u017einti j\u0173 stor\u012f. Salicilo r\u016bg\u0161tis skatina odos atsinaujinim\u0105, o pieno r\u016bg\u0161tis efektyviai dr\u0117kina ir mink\u0161tina [&#8230;]\n","protected":false},"featured_media":105684,"template":"","meta":[],"product_cat":[1763],"product_tag":[],"class_list":{"0":"post-105682","1":"product","2":"type-product","3":"status-publish","4":"has-post-thumbnail","6":"product_brand-florin_hu-lt","7":"product_cat-koju-prieziuros-kosmetika","9":"first","10":"instock","11":"taxable","12":"shipping-taxable","13":"product-type-simple"},"_links":{"self":[{"href":"https:\/\/e.kosmolat.eu\/lt\/wp-json\/wp\/v2\/product\/105682","targetHints":{"allow":["GET"]}}],"collection":[{"href":"https:\/\/e.kosmolat.eu\/lt\/wp-json\/wp\/v2\/product"}],"about":[{"href":"https:\/\/e.kosmolat.eu\/lt\/wp-json\/wp\/v2\/types\/product"}],"wp:featuredmedia":[{"embeddable":true,"href":"https:\/\/e.kosmolat.eu\/lt\/wp-json\/wp\/v2\/media\/105684"}],"wp:attachment":[{"href":"https:\/\/e.kosmolat.eu\/lt\/wp-json\/wp\/v2\/media?parent=105682"}],"wp:term":[{"taxonomy":"product_cat","embeddable":true,"href":"https:\/\/e.kosmolat.eu\/lt\/wp-json\/wp\/v2\/product_cat?post=105682"},{"taxonomy":"product_tag","embeddable":true,"href":"https:\/\/e.kosmolat.eu\/lt\/wp-json\/wp\/v2\/product_tag?post=105682"}],"curies":[{"name":"wp","href":"https:\/\/api.w.org\/{rel}","templated":true}]}}