{"id":105674,"date":"2026-04-09T16:53:35","date_gmt":"2026-04-09T16:53:35","guid":{"rendered":"https:\/\/e.kosmolat.eu\/product\/revers-skropstu-tusa-maxi-eyes-pagarin-un-kuplin-melna-12-ml\/"},"modified":"2026-04-09T16:53:45","modified_gmt":"2026-04-09T16:53:45","slug":"revers-skropstu-tusa-maxi-eyes-pagarin-un-kuplin-melna-12-ml","status":"publish","type":"product","link":"https:\/\/e.kosmolat.eu\/lt\/produktas\/revers-skropstu-tusa-maxi-eyes-pagarin-un-kuplin-melna-12-ml\/","title":{"rendered":"REVERS Maxi Eyes tu\u0161as, ilginantis ir suteikiantis apimties, juodas, 12 ml"},"content":{"rendered":"<p>\u0160is tu\u0161as turi didel\u012f silikonin\u012f \u0161epet\u0117l\u012f, kad b\u016bt\u0173 galima tolygiai tepti, o blakstienos b\u016bt\u0173 kuo ilgesn\u0117s ir storesn\u0117s, ta\u010diau lengvos ir purios.<\/p>\n","protected":false},"excerpt":{"rendered":"<p>\u0160is tu\u0161as turi didel\u012f silikonin\u012f \u0161epet\u0117l\u012f, kad b\u016bt\u0173 galima tolygiai tepti, o blakstienos b\u016bt\u0173 kuo ilgesn\u0117s ir storesn\u0117s, ta\u010diau lengvos ir purios.<\/p>\n","protected":false},"featured_media":105676,"template":"","meta":[],"product_cat":[1382],"product_tag":[],"class_list":{"0":"post-105674","1":"product","2":"type-product","3":"status-publish","4":"has-post-thumbnail","6":"product_brand-revers-cosmetics_pl-lt","7":"product_cat-tusai","9":"first","10":"instock","11":"taxable","12":"shipping-taxable","13":"product-type-simple"},"_links":{"self":[{"href":"https:\/\/e.kosmolat.eu\/lt\/wp-json\/wp\/v2\/product\/105674","targetHints":{"allow":["GET"]}}],"collection":[{"href":"https:\/\/e.kosmolat.eu\/lt\/wp-json\/wp\/v2\/product"}],"about":[{"href":"https:\/\/e.kosmolat.eu\/lt\/wp-json\/wp\/v2\/types\/product"}],"wp:featuredmedia":[{"embeddable":true,"href":"https:\/\/e.kosmolat.eu\/lt\/wp-json\/wp\/v2\/media\/105676"}],"wp:attachment":[{"href":"https:\/\/e.kosmolat.eu\/lt\/wp-json\/wp\/v2\/media?parent=105674"}],"wp:term":[{"taxonomy":"product_cat","embeddable":true,"href":"https:\/\/e.kosmolat.eu\/lt\/wp-json\/wp\/v2\/product_cat?post=105674"},{"taxonomy":"product_tag","embeddable":true,"href":"https:\/\/e.kosmolat.eu\/lt\/wp-json\/wp\/v2\/product_tag?post=105674"}],"curies":[{"name":"wp","href":"https:\/\/api.w.org\/{rel}","templated":true}]}}