{"id":105658,"date":"2026-04-09T16:53:02","date_gmt":"2026-04-09T16:53:02","guid":{"rendered":"https:\/\/e.kosmolat.eu\/product\/revers-skropstu-tusa-big-eyes-kupl-un-atliec-intens-melna-12-ml\/"},"modified":"2026-04-09T16:53:10","modified_gmt":"2026-04-09T16:53:10","slug":"revers-skropstu-tusa-big-eyes-kupl-un-atliec-intens-melna-12-ml","status":"publish","type":"product","link":"https:\/\/e.kosmolat.eu\/lt\/produktas\/revers-skropstu-tusa-big-eyes-kupl-un-atliec-intens-melna-12-ml\/","title":{"rendered":"REVERS Big Eyes tu\u0161as apimtis ir u\u017erietimas, intensyviai juodas, 12 ml"},"content":{"rendered":"<p>Lengva, intensyviai juoda formul\u0117 nesulimpa ir neu\u017ekem\u0161a blakstien\u0173.<br \/>\n\u0160is tu\u0161as matomai u\u017erie\u010dia blakstienas ir tolygiai jas dengia nuo vidinio iki i\u0161orinio kampu\u010dio, sukurdamas maksimali\u0105 apimt\u012f.<\/p>\n","protected":false},"excerpt":{"rendered":"<p>Lengva, intensyviai juoda formul\u0117 nesulimpa ir neu\u017ekem\u0161a blakstien\u0173. \u0160is tu\u0161as matomai u\u017erie\u010dia blakstienas ir tolygiai jas dengia nuo vidinio iki i\u0161orinio kampu\u010dio, sukurdamas maksimali\u0105 apimt\u012f.<\/p>\n","protected":false},"featured_media":105660,"template":"","meta":[],"product_cat":[1382],"product_tag":[],"class_list":{"0":"post-105658","1":"product","2":"type-product","3":"status-publish","4":"has-post-thumbnail","6":"product_brand-revers-cosmetics_pl-lt","7":"product_cat-tusai","9":"first","10":"instock","11":"taxable","12":"shipping-taxable","13":"product-type-simple"},"_links":{"self":[{"href":"https:\/\/e.kosmolat.eu\/lt\/wp-json\/wp\/v2\/product\/105658","targetHints":{"allow":["GET"]}}],"collection":[{"href":"https:\/\/e.kosmolat.eu\/lt\/wp-json\/wp\/v2\/product"}],"about":[{"href":"https:\/\/e.kosmolat.eu\/lt\/wp-json\/wp\/v2\/types\/product"}],"wp:featuredmedia":[{"embeddable":true,"href":"https:\/\/e.kosmolat.eu\/lt\/wp-json\/wp\/v2\/media\/105660"}],"wp:attachment":[{"href":"https:\/\/e.kosmolat.eu\/lt\/wp-json\/wp\/v2\/media?parent=105658"}],"wp:term":[{"taxonomy":"product_cat","embeddable":true,"href":"https:\/\/e.kosmolat.eu\/lt\/wp-json\/wp\/v2\/product_cat?post=105658"},{"taxonomy":"product_tag","embeddable":true,"href":"https:\/\/e.kosmolat.eu\/lt\/wp-json\/wp\/v2\/product_tag?post=105658"}],"curies":[{"name":"wp","href":"https:\/\/api.w.org\/{rel}","templated":true}]}}