{"id":105650,"date":"2026-04-09T16:52:44","date_gmt":"2026-04-09T16:52:44","guid":{"rendered":"https:\/\/e.kosmolat.eu\/product\/revers-sos-nails-kompleks-lidz-trausl-un-lustos-nag-10-ml\/"},"modified":"2026-04-09T16:52:53","modified_gmt":"2026-04-09T16:52:53","slug":"revers-sos-nails-kompleks-lidz-trausl-un-lustos-nag-10-ml","status":"publish","type":"product","link":"https:\/\/e.kosmolat.eu\/lt\/produktas\/revers-sos-nails-kompleks-lidz-trausl-un-lustos-nag-10-ml\/","title":{"rendered":"REVERS SOS Nails Kompleksin\u0117 priemon\u0117 trapiems ir silpniems nagams, 10 ml"},"content":{"rendered":"<p>Stipresni, atsparesni pa\u017eeidimams nagai. \u0160i specialiai atkuriamoji nag\u0173 prie\u017ei\u016bros priemon\u0117 akimirksniu sustiprina nago plok\u0161tel\u0119 ir apsaugo nuo bet koki\u0173 pa\u017eeidim\u0173. Nagai tampa pastebimai sveikesni, stipresni, tankesni, lygesni ir kietesni. Moderni SOS NAILS formul\u0117 atkuria ir visapusi\u0161kai stiprina nagus. Apsaugo nuo skilin\u0117jimo. Sud\u0117tyje yra UV filtras, kuris apsaugo nago plok\u0161tel\u0119 nuo pageltimo ir spalvos pakitimo.<\/p>\n<p>Naudojant kaip stiprinan\u010di\u0105j\u0105 priemon\u0119: Tepkite ant \u0161vari\u0173 nag\u0173.<br \/>\nNaudokite du kartus per savait\u0119 vien\u0105 m\u0117nes\u012f, po to darykite dviej\u0173 savai\u010di\u0173 pertrauk\u0105.<\/p>\n<p>Naudojant kaip stiprinan\u010di\u0105j\u0105 baz\u0119: U\u017etepkite vien\u0105 sluoksn\u012f ant \u0161vari\u0173 nag\u0173. Kai i\u0161d\u017eius, u\u017etepkite m\u0117gstam\u0105 nag\u0173 lak\u0105.<\/p>\n","protected":false},"excerpt":{"rendered":"<p>Stipresni, atsparesni pa\u017eeidimams nagai. \u0160i specialiai atkuriamoji nag\u0173 prie\u017ei\u016bros priemon\u0117 akimirksniu sustiprina nago plok\u0161tel\u0119 ir apsaugo nuo bet koki\u0173 pa\u017eeidim\u0173. Nagai tampa pastebimai sveikesni, stipresni, tankesni, lygesni ir kietesni. Moderni SOS NAILS formul\u0117 atkuria ir visapusi\u0161kai stiprina nagus. Apsaugo nuo skilin\u0117jimo. Sud\u0117tyje yra UV filtras, kuris apsaugo nago plok\u0161tel\u0119 nuo pageltimo ir spalvos pakitimo. Naudojant [&#8230;]\n","protected":false},"featured_media":105652,"template":"","meta":[],"product_cat":[1745],"product_tag":[],"class_list":{"0":"post-105650","1":"product","2":"type-product","3":"status-publish","4":"has-post-thumbnail","6":"product_brand-revers-cosmetics_pl-lt","7":"product_cat-nagu-prieziura-ranku-prieziura","9":"first","10":"instock","11":"taxable","12":"shipping-taxable","13":"product-type-simple"},"_links":{"self":[{"href":"https:\/\/e.kosmolat.eu\/lt\/wp-json\/wp\/v2\/product\/105650","targetHints":{"allow":["GET"]}}],"collection":[{"href":"https:\/\/e.kosmolat.eu\/lt\/wp-json\/wp\/v2\/product"}],"about":[{"href":"https:\/\/e.kosmolat.eu\/lt\/wp-json\/wp\/v2\/types\/product"}],"wp:featuredmedia":[{"embeddable":true,"href":"https:\/\/e.kosmolat.eu\/lt\/wp-json\/wp\/v2\/media\/105652"}],"wp:attachment":[{"href":"https:\/\/e.kosmolat.eu\/lt\/wp-json\/wp\/v2\/media?parent=105650"}],"wp:term":[{"taxonomy":"product_cat","embeddable":true,"href":"https:\/\/e.kosmolat.eu\/lt\/wp-json\/wp\/v2\/product_cat?post=105650"},{"taxonomy":"product_tag","embeddable":true,"href":"https:\/\/e.kosmolat.eu\/lt\/wp-json\/wp\/v2\/product_tag?post=105650"}],"curies":[{"name":"wp","href":"https:\/\/api.w.org\/{rel}","templated":true}]}}