{"id":105642,"date":"2026-04-09T16:52:26","date_gmt":"2026-04-09T16:52:26","guid":{"rendered":"https:\/\/e.kosmolat.eu\/product\/revers-stiprin-nagu-lakas-virskarta-ar-salona-ef-maxi-gel-10-ml\/"},"modified":"2026-04-09T16:52:36","modified_gmt":"2026-04-09T16:52:36","slug":"revers-stiprin-nagu-lakas-virskarta-ar-salona-ef-maxi-gel-10-ml","status":"publish","type":"product","link":"https:\/\/e.kosmolat.eu\/lt\/produktas\/revers-stiprin-nagu-lakas-virskarta-ar-salona-ef-maxi-gel-10-ml\/","title":{"rendered":"REVERS Maxi Gel stiprinamasis vir\u0161utinis lakas nagams Salono efektas, 10 ml"},"content":{"rendered":"<p>Maksimalus blizgesys ir ypatingas patvarumas. Su UV filtru.<\/p>\n<p>\u2022 Gelio nag\u0173 efektas<br \/>\n\u2022 Lygus, blizgus pavir\u0161ius<br \/>\n\u2022 Atsparus dilimui ir \u012ftr\u016bkimams maniki\u016bras<br \/>\n\u2022 Greitai d\u017ei\u016bstantis<br \/>\n\u2022 Stipr\u016bs, atspar\u016bs pa\u017eeidimams nagai<br \/>\n\u2022 Blizgantis, ilgai i\u0161liekantis maniki\u016bras be UV lempos<br \/>\n\u2022 Pailgina nag\u0173 lako i\u0161silaikym\u0105<\/p>\n<p>\u0160i novatori\u0161ka formul\u0117 su putlinimo efektu suteikia nagams apimties. \u0160i unikali formul\u0117 stiprina nago plok\u0161tel\u0119 ir sukuria apsaugin\u012f, blizgant\u012f sluoksn\u012f, kuris apsaugo lak\u0105 nuo nusitrynimo, skilin\u0117jimo ar blukimo. Ji suteikia i\u0161skirtin\u012f blizges\u012f ir iki trij\u0173 kart\u0173 pailgina lako i\u0161silaikym\u0105. Garantuoja gelinio maniki\u016bro efekt\u0105 be speciali\u0173 lemp\u0173. Nagai tampa idealiai lyg\u016bs ir blizgantys. D\u0117l UV filtro formul\u0117 veiksmingai apsaugo nago plok\u0161tel\u0119 nuo negra\u017eaus pageltimo ir blukimo.<\/p>\n<p>Naudojimas: U\u017etepkite vien\u0105 arba daugiausia du plonus sluoksnius, kad lakas visi\u0161kai i\u0161d\u017ei\u016bt\u0173. Vir\u0161utinis sluoksnis yra labai ekonomi\u0161kas \u2013 nedidelio kiekio pakanka visai nago plok\u0161telei padengti. J\u012f taip pat galima tepti tiesiai ant \u0161vari\u0173 nag\u0173. Jis apsaugo nagus nuo kenksming\u0173 i\u0161or\u0117s veiksni\u0173, buitini\u0173 chemikal\u0173 ir mechanini\u0173 pa\u017eeidim\u0173. Nagai tampa stipresni ir sveikesni.<\/p>\n","protected":false},"excerpt":{"rendered":"<p>Maksimalus blizgesys ir ypatingas patvarumas. Su UV filtru. \u2022 Gelio nag\u0173 efektas \u2022 Lygus, blizgus pavir\u0161ius \u2022 Atsparus dilimui ir \u012ftr\u016bkimams maniki\u016bras \u2022 Greitai d\u017ei\u016bstantis \u2022 Stipr\u016bs, atspar\u016bs pa\u017eeidimams nagai \u2022 Blizgantis, ilgai i\u0161liekantis maniki\u016bras be UV lempos \u2022 Pailgina nag\u0173 lako i\u0161silaikym\u0105 \u0160i novatori\u0161ka formul\u0117 su putlinimo efektu suteikia nagams apimties. \u0160i unikali formul\u0117 [&#8230;]\n","protected":false},"featured_media":105644,"template":"","meta":[],"product_cat":[1745],"product_tag":[],"class_list":{"0":"post-105642","1":"product","2":"type-product","3":"status-publish","4":"has-post-thumbnail","6":"product_brand-revers-cosmetics_pl-lt","7":"product_cat-nagu-prieziura-ranku-prieziura","9":"first","10":"instock","11":"taxable","12":"shipping-taxable","13":"product-type-simple"},"_links":{"self":[{"href":"https:\/\/e.kosmolat.eu\/lt\/wp-json\/wp\/v2\/product\/105642","targetHints":{"allow":["GET"]}}],"collection":[{"href":"https:\/\/e.kosmolat.eu\/lt\/wp-json\/wp\/v2\/product"}],"about":[{"href":"https:\/\/e.kosmolat.eu\/lt\/wp-json\/wp\/v2\/types\/product"}],"wp:featuredmedia":[{"embeddable":true,"href":"https:\/\/e.kosmolat.eu\/lt\/wp-json\/wp\/v2\/media\/105644"}],"wp:attachment":[{"href":"https:\/\/e.kosmolat.eu\/lt\/wp-json\/wp\/v2\/media?parent=105642"}],"wp:term":[{"taxonomy":"product_cat","embeddable":true,"href":"https:\/\/e.kosmolat.eu\/lt\/wp-json\/wp\/v2\/product_cat?post=105642"},{"taxonomy":"product_tag","embeddable":true,"href":"https:\/\/e.kosmolat.eu\/lt\/wp-json\/wp\/v2\/product_tag?post=105642"}],"curies":[{"name":"wp","href":"https:\/\/api.w.org\/{rel}","templated":true}]}}