{"id":105634,"date":"2026-04-09T16:52:09","date_gmt":"2026-04-09T16:52:09","guid":{"rendered":"https:\/\/e.kosmolat.eu\/product\/revers-prof-lidz-kutikulas-nonems-goodbye-cuticles-10-ml\/"},"modified":"2026-04-09T16:52:17","modified_gmt":"2026-04-09T16:52:17","slug":"revers-prof-lidz-kutikulas-nonems-goodbye-cuticles-10-ml","status":"publish","type":"product","link":"https:\/\/e.kosmolat.eu\/lt\/produktas\/revers-prof-lidz-kutikulas-nonems-goodbye-cuticles-10-ml\/","title":{"rendered":"REVERS Profesionalus odeli\u0173 valiklis Goodbye Cuticles, 10 ml"},"content":{"rendered":"<p>\u0160velnios ir gerai pri\u017ei\u016brimos odel\u0117s. Profesionali priemon\u0117, skirta greitai ir saugiai pa\u0161alinti sausas, sustor\u0117jusias ir peraugusias odeles aplink nagus. Moderni, mink\u0161tinanti formul\u0117 apsaugo nuo nag\u0173 odeli\u0173 atplai\u0161\u0173, skilin\u0117jimo ir odeli\u0173 kaupimosi. Gelio konsistencija pasi\u017eymi dr\u0117kinamosiomis savyb\u0117mis. D\u0117l to produktas yra saugus nago plok\u0161telei. Tikslus \u0161epet\u0117lio formos aplikatorius leid\u017eia lengvai u\u017etepti \u2013 u\u017etenka vieno br\u016bk\u0161tel\u0117jimo.<\/p>\n<p>Naudojimas: \u0160epet\u0117liu u\u017etepkite gelio ant odeli\u0173 ir palikite 30 sekund\u017ei\u0173, tada \u0161velniai jas nustumkite mediniu pagaliuku. Po to kruop\u0161\u010diai nusiplaukite rankas. Efekto i\u0161laikymui naudokite bent kart\u0105 per savait\u0119.<\/p>\n","protected":false},"excerpt":{"rendered":"<p>\u0160velnios ir gerai pri\u017ei\u016brimos odel\u0117s. Profesionali priemon\u0117, skirta greitai ir saugiai pa\u0161alinti sausas, sustor\u0117jusias ir peraugusias odeles aplink nagus. Moderni, mink\u0161tinanti formul\u0117 apsaugo nuo nag\u0173 odeli\u0173 atplai\u0161\u0173, skilin\u0117jimo ir odeli\u0173 kaupimosi. Gelio konsistencija pasi\u017eymi dr\u0117kinamosiomis savyb\u0117mis. D\u0117l to produktas yra saugus nago plok\u0161telei. Tikslus \u0161epet\u0117lio formos aplikatorius leid\u017eia lengvai u\u017etepti \u2013 u\u017etenka vieno br\u016bk\u0161tel\u0117jimo. Naudojimas: [&#8230;]\n","protected":false},"featured_media":105636,"template":"","meta":[],"product_cat":[1517],"product_tag":[],"class_list":{"0":"post-105634","1":"product","2":"type-product","3":"status-publish","4":"has-post-thumbnail","6":"product_brand-revers-cosmetics_pl-lt","7":"product_cat-nagu-lakai","9":"first","10":"instock","11":"taxable","12":"shipping-taxable","13":"product-type-simple"},"_links":{"self":[{"href":"https:\/\/e.kosmolat.eu\/lt\/wp-json\/wp\/v2\/product\/105634","targetHints":{"allow":["GET"]}}],"collection":[{"href":"https:\/\/e.kosmolat.eu\/lt\/wp-json\/wp\/v2\/product"}],"about":[{"href":"https:\/\/e.kosmolat.eu\/lt\/wp-json\/wp\/v2\/types\/product"}],"wp:featuredmedia":[{"embeddable":true,"href":"https:\/\/e.kosmolat.eu\/lt\/wp-json\/wp\/v2\/media\/105636"}],"wp:attachment":[{"href":"https:\/\/e.kosmolat.eu\/lt\/wp-json\/wp\/v2\/media?parent=105634"}],"wp:term":[{"taxonomy":"product_cat","embeddable":true,"href":"https:\/\/e.kosmolat.eu\/lt\/wp-json\/wp\/v2\/product_cat?post=105634"},{"taxonomy":"product_tag","embeddable":true,"href":"https:\/\/e.kosmolat.eu\/lt\/wp-json\/wp\/v2\/product_tag?post=105634"}],"curies":[{"name":"wp","href":"https:\/\/api.w.org\/{rel}","templated":true}]}}