{"id":105626,"date":"2026-04-09T16:51:51","date_gmt":"2026-04-09T16:51:51","guid":{"rendered":"https:\/\/e.kosmolat.eu\/product\/revers-2in1-nagu-lak-baze-un-virsk-easy-to-go-10-ml\/"},"modified":"2026-04-09T16:52:00","modified_gmt":"2026-04-09T16:52:00","slug":"revers-2in1-nagu-lak-baze-un-virsk-easy-to-go-10-ml","status":"publish","type":"product","link":"https:\/\/e.kosmolat.eu\/lt\/produktas\/revers-2in1-nagu-lak-baze-un-virsk-easy-to-go-10-ml\/","title":{"rendered":"REVERS 2 in 1 lengvai tepamas pagrindas ir vir\u0161utinis sluoksnis, 10 ml"},"content":{"rendered":"<p>\u0160is nag\u0173 lakas su UV filtru sujungia pagrindo ir apsauginio vir\u0161utinio sluoksnio savybes su blizgiu pavir\u0161iumi. \u201eEASY TO GO 2-in-1\u201c suteikia gelin\u012f padengim\u0105 ir ilgai i\u0161liekant\u012f maniki\u016br\u0105. Priemon\u0117 pasi\u017eymi greitai d\u017ei\u016bstan\u010dia formule, kuri u\u017epildo nago plok\u0161tel\u0117s nelygumus ir apsaugo nuo d\u0117mi\u0173. Ji i\u0161lygina nago pavir\u0161i\u0173, tod\u0117l lak\u0105 lengva tepti. Nagai tampa atspar\u016bs \u012fbr\u0117\u017eimams ir skilin\u0117jimui, o lako patvarumas gerokai padid\u0117ja.<\/p>\n<p>Kaip naudoti kaip pagrind\u0105: u\u017etepkite vien\u0105 sluoksn\u012f ant \u0161vari\u0173 nag\u0173. Kai i\u0161d\u017eius, u\u017etepkite m\u0117gstamos spalvos lak\u0105.<\/p>\n<p>Kaip naudoti kaip vir\u0161utin\u012f sluoksn\u012f: u\u017etepkite vien\u0105 sluoksn\u012f ant sauso nag\u0173 lako.<\/p>\n","protected":false},"excerpt":{"rendered":"<p>\u0160is nag\u0173 lakas su UV filtru sujungia pagrindo ir apsauginio vir\u0161utinio sluoksnio savybes su blizgiu pavir\u0161iumi. \u201eEASY TO GO 2-in-1\u201c suteikia gelin\u012f padengim\u0105 ir ilgai i\u0161liekant\u012f maniki\u016br\u0105. Priemon\u0117 pasi\u017eymi greitai d\u017ei\u016bstan\u010dia formule, kuri u\u017epildo nago plok\u0161tel\u0117s nelygumus ir apsaugo nuo d\u0117mi\u0173. Ji i\u0161lygina nago pavir\u0161i\u0173, tod\u0117l lak\u0105 lengva tepti. Nagai tampa atspar\u016bs \u012fbr\u0117\u017eimams ir skilin\u0117jimui, [&#8230;]\n","protected":false},"featured_media":105628,"template":"","meta":[],"product_cat":[1745],"product_tag":[],"class_list":{"0":"post-105626","1":"product","2":"type-product","3":"status-publish","4":"has-post-thumbnail","6":"product_brand-revers-cosmetics_pl-lt","7":"product_cat-nagu-prieziura-ranku-prieziura","9":"first","10":"instock","11":"taxable","12":"shipping-taxable","13":"product-type-simple"},"_links":{"self":[{"href":"https:\/\/e.kosmolat.eu\/lt\/wp-json\/wp\/v2\/product\/105626","targetHints":{"allow":["GET"]}}],"collection":[{"href":"https:\/\/e.kosmolat.eu\/lt\/wp-json\/wp\/v2\/product"}],"about":[{"href":"https:\/\/e.kosmolat.eu\/lt\/wp-json\/wp\/v2\/types\/product"}],"wp:featuredmedia":[{"embeddable":true,"href":"https:\/\/e.kosmolat.eu\/lt\/wp-json\/wp\/v2\/media\/105628"}],"wp:attachment":[{"href":"https:\/\/e.kosmolat.eu\/lt\/wp-json\/wp\/v2\/media?parent=105626"}],"wp:term":[{"taxonomy":"product_cat","embeddable":true,"href":"https:\/\/e.kosmolat.eu\/lt\/wp-json\/wp\/v2\/product_cat?post=105626"},{"taxonomy":"product_tag","embeddable":true,"href":"https:\/\/e.kosmolat.eu\/lt\/wp-json\/wp\/v2\/product_tag?post=105626"}],"curies":[{"name":"wp","href":"https:\/\/api.w.org\/{rel}","templated":true}]}}