{"id":105618,"date":"2026-04-09T16:51:34","date_gmt":"2026-04-09T16:51:34","guid":{"rendered":"https:\/\/e.kosmolat.eu\/product\/revers-stipr-nagu-serums-ar-mikrodimant-diamond-power-10-ml\/"},"modified":"2026-04-09T16:51:42","modified_gmt":"2026-04-09T16:51:42","slug":"revers-stipr-nagu-serums-ar-mikrodimant-diamond-power-10-ml","status":"publish","type":"product","link":"https:\/\/e.kosmolat.eu\/lt\/produktas\/revers-stipr-nagu-serums-ar-mikrodimant-diamond-power-10-ml\/","title":{"rendered":"REVERS Diamond Power stiprinamasis nag\u0173 serumas su mikrodeimantais, 10 ml"},"content":{"rendered":"<p>STOP l\u016b\u017ein\u0117jantiems ir matiniams nagams. Stipr\u016bs deimantinio blizgesio nagai. Novatori\u0161kas stiprinamasis nag\u0173 serumas su mikrodeimantais. Moderni formul\u0117 sukuria kiet\u0105, atspari\u0105 pa\u017eeidimams ir labai blizgan\u010di\u0105 dang\u0105 ant nago pavir\u0161iaus. Akimirksniu pagerina nag\u0173 i\u0161vaizd\u0105 ir b\u016bkl\u0119, tod\u0117l jie tampa sveikesni. Apsaugo silpnus nagus nuo trapumo, skilin\u0117jimo ir lupimosi, suteikdamas jiems unikal\u0173 deimantin\u012f blizges\u012f.<\/p>\n<p>Naudojimas: U\u017etepkite vien\u0105 serumo sluoksn\u012f ant \u0161vari\u0173 nag\u0173. Kit\u0105 dien\u0105 u\u017etepkite antr\u0105 sluoksn\u012f. Tre\u010di\u0105 dien\u0105 nuimkite visus sluoksnius ir pakartokite proces\u0105. Naudokite reguliariai dvi savaites. Tada padarykite m\u0117nesio pertrauk\u0105. Serum\u0105 taip pat galima naudoti kaip m\u0117gstamo nag\u0173 lako pagrind\u0105.<\/p>\n","protected":false},"excerpt":{"rendered":"<p>STOP l\u016b\u017ein\u0117jantiems ir matiniams nagams. Stipr\u016bs deimantinio blizgesio nagai. Novatori\u0161kas stiprinamasis nag\u0173 serumas su mikrodeimantais. Moderni formul\u0117 sukuria kiet\u0105, atspari\u0105 pa\u017eeidimams ir labai blizgan\u010di\u0105 dang\u0105 ant nago pavir\u0161iaus. Akimirksniu pagerina nag\u0173 i\u0161vaizd\u0105 ir b\u016bkl\u0119, tod\u0117l jie tampa sveikesni. Apsaugo silpnus nagus nuo trapumo, skilin\u0117jimo ir lupimosi, suteikdamas jiems unikal\u0173 deimantin\u012f blizges\u012f. Naudojimas: U\u017etepkite vien\u0105 serumo [&#8230;]\n","protected":false},"featured_media":105620,"template":"","meta":[],"product_cat":[1745],"product_tag":[],"class_list":{"0":"post-105618","1":"product","2":"type-product","3":"status-publish","4":"has-post-thumbnail","6":"product_brand-revers-cosmetics_pl-lt","7":"product_cat-nagu-prieziura-ranku-prieziura","9":"first","10":"instock","11":"taxable","12":"shipping-taxable","13":"product-type-simple"},"_links":{"self":[{"href":"https:\/\/e.kosmolat.eu\/lt\/wp-json\/wp\/v2\/product\/105618","targetHints":{"allow":["GET"]}}],"collection":[{"href":"https:\/\/e.kosmolat.eu\/lt\/wp-json\/wp\/v2\/product"}],"about":[{"href":"https:\/\/e.kosmolat.eu\/lt\/wp-json\/wp\/v2\/types\/product"}],"wp:featuredmedia":[{"embeddable":true,"href":"https:\/\/e.kosmolat.eu\/lt\/wp-json\/wp\/v2\/media\/105620"}],"wp:attachment":[{"href":"https:\/\/e.kosmolat.eu\/lt\/wp-json\/wp\/v2\/media?parent=105618"}],"wp:term":[{"taxonomy":"product_cat","embeddable":true,"href":"https:\/\/e.kosmolat.eu\/lt\/wp-json\/wp\/v2\/product_cat?post=105618"},{"taxonomy":"product_tag","embeddable":true,"href":"https:\/\/e.kosmolat.eu\/lt\/wp-json\/wp\/v2\/product_tag?post=105618"}],"curies":[{"name":"wp","href":"https:\/\/api.w.org\/{rel}","templated":true}]}}