{"id":105602,"date":"2026-04-09T16:51:02","date_gmt":"2026-04-09T16:51:02","guid":{"rendered":"https:\/\/e.kosmolat.eu\/product\/revers-uzacu-henna-oh-my-br-1-0-melns-ar-arg-ellu-un-ricinel-15-ml-15-ml\/"},"modified":"2026-04-09T16:51:10","modified_gmt":"2026-04-09T16:51:10","slug":"revers-uzacu-henna-oh-my-br-1-0-melns-ar-arg-ellu-un-ricinel-15-ml-15-ml","status":"publish","type":"product","link":"https:\/\/e.kosmolat.eu\/lt\/produktas\/revers-uzacu-henna-oh-my-br-1-0-melns-ar-arg-ellu-un-ricinel-15-ml-15-ml\/","title":{"rendered":"REVERS Oh! My Brow antaki\u0173 da\u017eai su argano ir ricinos aliejumi, atspalvis 1.0, juoda, 15 ml\/ 15 ml"},"content":{"rendered":"<p>TIK PROFESIONALIAM NAUDOJIMUI.<\/p>\n<p>PAKUOT\u0116S SUD\u0116TIS:<br \/>\n\u2022 15 ml da\u017eomojo kremo t\u016bbel\u0117;<br \/>\n\u2022 15 ml buteliukas 3 % aktyvatoriaus;<br \/>\n\u2022 Aplikatorius su \u0161ukomis;<br \/>\n\u2022 Mai\u0161ymo indas.<\/p>\n<p>SVARBIOS PASTABOS IR \u012eSP\u0116JIMAI:<br \/>\nOdos jautrumo test\u0105 reikia atlikti bent 48 valandas prie\u0161 kiekvien\u0105 naudojim\u0105. Sud\u0117tyje yra vandenilio peroksido, fenilendiamin\u0173, fenilendiamin\u0173 (toluendiamin\u0173), rezorcinolio.<br \/>\nAntaki\u0173 da\u017eai gali sukelti stiprias alergines reakcijas. Pra\u0161ome laikytis instrukcij\u0173. \u0160is produktas n\u0117ra skirtas naudoti jaunesniems nei 16 met\u0173 asmenims. Laikinos \u201ejuodosios chnos\u201c tatuiruot\u0117s gali padidinti alergijos rizik\u0105.<\/p>\n<p>NEDA\u017dYKITE antaki\u0173, jei:<br \/>\n&#8211; ant veido yra b\u0117rimas,<br \/>\n&#8211; kada nors po antaki\u0173 da\u017eymo buvo alergin\u0117 reakcija \u012f antaki\u0173 da\u017eus,<br \/>\n&#8211; kada nors buvo alergin\u0117 reakcija \u012f laikin\u0105 chna tatuiruot\u0119.<\/p>\n<p>Tokiais atvejais prie\u0161 da\u017eydami antakius pasitarkite su gydytoju.<\/p>\n<p>Venkite patekimo \u012f akis. Patekus \u012f akis, nedelsiant praplaukite vandeniu. Mi\u0161in\u012f sunaudokite i\u0161 karto po paruo\u0161imo. LAIKYTI VAIKAMS NEPASIEKIAMOJE VIETOJE.<\/p>\n<p>PERSKAITYKITE IR LAIKYKIT\u0116S INSTRUKCIJ\u0172, ESAN\u010cI\u0172 PAKUOT\u0116S VIDUJE.<\/p>\n<p>NAUDOJIMO INSTRUKCIJOS:<br \/>\n1. I\u0161spauskite nedidel\u012f kiek\u012f (apie 1 cm) kremo i\u0161 t\u016bbel\u0117s \u012f indel\u012f.<br \/>\n2. Sumai\u0161ykite krem\u0105 ir aktyvatori\u0173 santykiu 1:1.<br \/>\n3. Mentele mai\u0161ykite mi\u0161in\u012f, kol gausite vientis\u0105, kremin\u0119 konsistencij\u0105.<br \/>\n4. Apsaugokite od\u0105 aplink antakius riebiu kremu.<br \/>\n5. Mentele u\u017etepkite da\u017eus ant antaki\u0173.<br \/>\n6. Palaikykite ant antaki\u0173 10\u201315 minu\u010di\u0173.<br \/>\n7. Nuplaukite da\u017eus \u0161iltu vandeniu. Venkite mi\u0161inio patekimo \u012f akis. Proced\u016bros pabaigoje suformuokite antakius ir patepkite dr\u0117kinamuoju kremu.<\/p>\n<p>Saugoti +5\u2013+25 \u00b0C temperat\u016broje.<\/p>\n","protected":false},"excerpt":{"rendered":"<p>TIK PROFESIONALIAM NAUDOJIMUI. PAKUOT\u0116S SUD\u0116TIS: \u2022 15 ml da\u017eomojo kremo t\u016bbel\u0117; \u2022 15 ml buteliukas 3 % aktyvatoriaus; \u2022 Aplikatorius su \u0161ukomis; \u2022 Mai\u0161ymo indas. SVARBIOS PASTABOS IR \u012eSP\u0116JIMAI: Odos jautrumo test\u0105 reikia atlikti bent 48 valandas prie\u0161 kiekvien\u0105 naudojim\u0105. Sud\u0117tyje yra vandenilio peroksido, fenilendiamin\u0173, fenilendiamin\u0173 (toluendiamin\u0173), rezorcinolio. Antaki\u0173 da\u017eai gali sukelti stiprias alergines reakcijas. [&#8230;]\n","protected":false},"featured_media":105604,"template":"","meta":[],"product_cat":[1508],"product_tag":[],"class_list":{"0":"post-105602","1":"product","2":"type-product","3":"status-publish","4":"has-post-thumbnail","6":"product_brand-revers-cosmetics_pl-lt","7":"product_cat-antakiams","9":"first","10":"instock","11":"taxable","12":"shipping-taxable","13":"product-type-simple"},"_links":{"self":[{"href":"https:\/\/e.kosmolat.eu\/lt\/wp-json\/wp\/v2\/product\/105602","targetHints":{"allow":["GET"]}}],"collection":[{"href":"https:\/\/e.kosmolat.eu\/lt\/wp-json\/wp\/v2\/product"}],"about":[{"href":"https:\/\/e.kosmolat.eu\/lt\/wp-json\/wp\/v2\/types\/product"}],"wp:featuredmedia":[{"embeddable":true,"href":"https:\/\/e.kosmolat.eu\/lt\/wp-json\/wp\/v2\/media\/105604"}],"wp:attachment":[{"href":"https:\/\/e.kosmolat.eu\/lt\/wp-json\/wp\/v2\/media?parent=105602"}],"wp:term":[{"taxonomy":"product_cat","embeddable":true,"href":"https:\/\/e.kosmolat.eu\/lt\/wp-json\/wp\/v2\/product_cat?post=105602"},{"taxonomy":"product_tag","embeddable":true,"href":"https:\/\/e.kosmolat.eu\/lt\/wp-json\/wp\/v2\/product_tag?post=105602"}],"curies":[{"name":"wp","href":"https:\/\/api.w.org\/{rel}","templated":true}]}}