{"id":105502,"date":"2026-04-09T16:34:10","date_gmt":"2026-04-09T16:34:10","guid":{"rendered":"https:\/\/e.kosmolat.eu\/product\/lady-cotton-kosmetiskie-vates-diski-15025-gab\/"},"modified":"2026-04-09T16:34:18","modified_gmt":"2026-04-09T16:34:18","slug":"lady-cotton-kosmetiskie-vates-diski-15025-gab","status":"publish","type":"product","link":"https:\/\/e.kosmolat.eu\/lt\/produktas\/lady-cotton-kosmetiskie-vates-diski-15025-gab\/","title":{"rendered":"&#8220;Lady Cotton&#8221; Kosmetiniai vatos diskeliai 150+25vnt."},"content":{"rendered":"<p>Kosmetin\u0117 ir higienin\u0117 priemon\u0117.\n<\/p>\n<h4>\nNaudojimo b\u016bdas:\u00a0\u00a0<\/h4>\n<p>\ni\u0161imkite vatos diskel\u012f ir naudokite pagal paskirt\u012f.<\/p>\n","protected":false},"excerpt":{"rendered":"<p>Kosmetin\u0117 ir higienin\u0117 priemon\u0117. Naudojimo b\u016bdas:\u00a0\u00a0 i\u0161imkite vatos diskel\u012f ir naudokite pagal paskirt\u012f.<\/p>\n","protected":false},"featured_media":105504,"template":"","meta":[],"product_cat":[1812],"product_tag":[],"class_list":{"0":"post-105502","1":"product","2":"type-product","3":"status-publish","4":"has-post-thumbnail","6":"product_brand-biosphere-corporation_ua-lt","7":"product_cat-vatos-produktai","9":"first","10":"instock","11":"taxable","12":"shipping-taxable","13":"product-type-simple"},"_links":{"self":[{"href":"https:\/\/e.kosmolat.eu\/lt\/wp-json\/wp\/v2\/product\/105502","targetHints":{"allow":["GET"]}}],"collection":[{"href":"https:\/\/e.kosmolat.eu\/lt\/wp-json\/wp\/v2\/product"}],"about":[{"href":"https:\/\/e.kosmolat.eu\/lt\/wp-json\/wp\/v2\/types\/product"}],"wp:featuredmedia":[{"embeddable":true,"href":"https:\/\/e.kosmolat.eu\/lt\/wp-json\/wp\/v2\/media\/105504"}],"wp:attachment":[{"href":"https:\/\/e.kosmolat.eu\/lt\/wp-json\/wp\/v2\/media?parent=105502"}],"wp:term":[{"taxonomy":"product_cat","embeddable":true,"href":"https:\/\/e.kosmolat.eu\/lt\/wp-json\/wp\/v2\/product_cat?post=105502"},{"taxonomy":"product_tag","embeddable":true,"href":"https:\/\/e.kosmolat.eu\/lt\/wp-json\/wp\/v2\/product_tag?post=105502"}],"curies":[{"name":"wp","href":"https:\/\/api.w.org\/{rel}","templated":true}]}}