{"id":105490,"date":"2026-04-09T16:33:03","date_gmt":"2026-04-09T16:33:03","guid":{"rendered":"https:\/\/e.kosmolat.eu\/product\/elskin-barojosa-sejas-maska-piena-proteini-1-gab-15-g\/"},"modified":"2026-04-09T16:33:12","modified_gmt":"2026-04-09T16:33:12","slug":"elskin-barojosa-sejas-maska-piena-proteini-1-gab-15-g","status":"publish","type":"product","link":"https:\/\/e.kosmolat.eu\/lt\/produktas\/elskin-barojosa-sejas-maska-piena-proteini-1-gab-15-g\/","title":{"rendered":"EL&#8217;SKIN maitinamoji veido kauk\u0117 su pieno baltymais, 1 vnt. \/ 15 g"},"content":{"rendered":"<p>\u0160i pieno baltym\u0173 veido kauk\u0117 skirta intensyviai vis\u0173 odos tip\u0173, ypa\u010d sausos, prie\u017ei\u016brai. Pieno baltymai giliai maitina epiderm\u012f, i\u0161lygina jo tekst\u016br\u0105, pa\u0161alina \u0161iurk\u0161tum\u0105 ir pleiskanojim\u0105, skaistina odos atspalv\u012f. D\u0117l smulkios tekst\u016bros, kuri u\u017etikrina tvirt\u0105 prigludim\u0105, ir didel\u0117s veikli\u0173j\u0173 med\u017eiag\u0173 koncentracijos \u0161i kauk\u0117 pad\u0117s sustiprinti ir sudr\u0117kinti dehidratuot\u0105 od\u0105, i\u0161lygins rauk\u0161les ir suteiks sveik\u0105 \u0161vyt\u0117jim\u0105. Ji \u012fkv\u0117ps naujos gyvyb\u0117s papilk\u0117jusiai, pavargusiai odai, pa\u0161alins streso po\u017eymius ir pad\u0117s ilgiau i\u0161laikyti jos gaivum\u0105 bei jaunatvi\u0161kum\u0105!<\/p>\n<p>Naudojimas: Prie\u0161 naudojim\u0105 kauk\u0119 galite atv\u0117sinti bent dvi valandas palaikydami \u0161aldytuve arba pa\u0161ildyti \u012fd\u0117dami pakuot\u0119 \u012f \u0161ilt\u0105 vanden\u012f. Bet kuriuo atveju kauk\u0117s poveikis sustipr\u0117s.<\/p>\n<p>1. Atidarykite pakuot\u0119 ir i\u0161imkite kauk\u0119.<br \/>\n2. \u0160velniai u\u017ed\u0117kite j\u0105 ant veido, pir\u0161t\u0173 galiukais \u012fmasa\u017euodami, ir palikite 15\u201320 minu\u010di\u0173.<br \/>\n3. Tada nuimkite kauk\u0119 ir \u0161velniai \u012fmasa\u017euokite arba tap\u0161nokite likus\u012f produkt\u0105 \u012f od\u0105. Nenuplaukite.<br \/>\nKauk\u0119 naudokite 2\u20133 kartus per savait\u0119 arba prie\u0161 i\u0161eidami i\u0161 nam\u0173.<\/p>\n<p>Atsargumo priemon\u0117s:<br \/>\n1. Venkite naudoti ant pa\u017eeistos, sudirgusios ar nudegintos saul\u0117s odos.<br \/>\n2. Nenaudokite, jei esate jautrus bet kuriai i\u0161 sudedam\u0173j\u0173 dali\u0173. Jei atsiranda paraudimas ar sudirginimas, nutraukite naudojim\u0105 ir kreipkit\u0117s \u012f gydytoj\u0105.<br \/>\n3. Venkite patekimo \u012f akis. Patekus \u012f akis, nedelsiant praplaukite vandeniu.<br \/>\n4. Nenaudokite ant odos, jautrios tvars\u010diams, pleistrams ar lipnioms kauk\u0117ms.<br \/>\n5. Laikyti vaikams nepasiekiamoje vietoje, 0\u201325 \u00b0C temperat\u016broje. Saugoti nuo tiesiogini\u0173 saul\u0117s spinduli\u0173.<br \/>\n6. Tik i\u0161oriniam naudojimui. Nenuryti!<\/p>\n<p>Geriausias: 3 metai nuo pagaminimo datos.<\/p>\n","protected":false},"excerpt":{"rendered":"<p>\u0160i pieno baltym\u0173 veido kauk\u0117 skirta intensyviai vis\u0173 odos tip\u0173, ypa\u010d sausos, prie\u017ei\u016brai. Pieno baltymai giliai maitina epiderm\u012f, i\u0161lygina jo tekst\u016br\u0105, pa\u0161alina \u0161iurk\u0161tum\u0105 ir pleiskanojim\u0105, skaistina odos atspalv\u012f. D\u0117l smulkios tekst\u016bros, kuri u\u017etikrina tvirt\u0105 prigludim\u0105, ir didel\u0117s veikli\u0173j\u0173 med\u017eiag\u0173 koncentracijos \u0161i kauk\u0117 pad\u0117s sustiprinti ir sudr\u0117kinti dehidratuot\u0105 od\u0105, i\u0161lygins rauk\u0161les ir suteiks sveik\u0105 \u0161vyt\u0117jim\u0105. Ji [&#8230;]\n","protected":false},"featured_media":105492,"template":"","meta":[],"product_cat":[1369],"product_tag":[],"class_list":{"0":"post-105490","1":"product","2":"type-product","3":"status-publish","4":"has-post-thumbnail","6":"product_brand-skinlite-lt","7":"product_cat-veido-kaukes","9":"first","10":"instock","11":"taxable","12":"shipping-taxable","13":"product-type-simple"},"_links":{"self":[{"href":"https:\/\/e.kosmolat.eu\/lt\/wp-json\/wp\/v2\/product\/105490","targetHints":{"allow":["GET"]}}],"collection":[{"href":"https:\/\/e.kosmolat.eu\/lt\/wp-json\/wp\/v2\/product"}],"about":[{"href":"https:\/\/e.kosmolat.eu\/lt\/wp-json\/wp\/v2\/types\/product"}],"wp:featuredmedia":[{"embeddable":true,"href":"https:\/\/e.kosmolat.eu\/lt\/wp-json\/wp\/v2\/media\/105492"}],"wp:attachment":[{"href":"https:\/\/e.kosmolat.eu\/lt\/wp-json\/wp\/v2\/media?parent=105490"}],"wp:term":[{"taxonomy":"product_cat","embeddable":true,"href":"https:\/\/e.kosmolat.eu\/lt\/wp-json\/wp\/v2\/product_cat?post=105490"},{"taxonomy":"product_tag","embeddable":true,"href":"https:\/\/e.kosmolat.eu\/lt\/wp-json\/wp\/v2\/product_tag?post=105490"}],"curies":[{"name":"wp","href":"https:\/\/api.w.org\/{rel}","templated":true}]}}