{"id":105390,"date":"2026-04-09T16:13:01","date_gmt":"2026-04-09T16:13:01","guid":{"rendered":"https:\/\/e.kosmolat.eu\/product\/gp-maigs-sejas-skrubis-valriekstsmandelu-ella-75-ml\/"},"modified":"2026-04-09T16:43:59","modified_gmt":"2026-04-09T16:43:59","slug":"gp-maigs-sejas-skrubis-valriekstsmandelu-ella-75-ml","status":"publish","type":"product","link":"https:\/\/e.kosmolat.eu\/lt\/produktas\/gp-maigs-sejas-skrubis-valriekstsmandelu-ella-75-ml\/","title":{"rendered":"GREEN PHARMACY \u0160velnus veido \u0161veitiklis, 75 ml"},"content":{"rendered":"<p>\u0160veln\u016bs kokos\u0173 kevalo milteliai \u0161velniai nu\u0161vei\u010dia veido od\u0105, valo poras, suteikia \u0161veln\u0173 ir veiksming\u0105 \u0161veitim\u0105, suteikia odai \u0161vyt\u0117jimo.<br \/>\nSud\u0117tyje yra alyvuogi\u0173 aliejaus.<\/p>\n<p>Naudojimas:<br \/>\nnedidel\u012f kiek\u012f \u0161veitiklio tepti ant veido ir kaklo odos masa\u017euojan\u010diais judesiais, po to nuplauti \u0161iltu vandeniu. Geresniam slydimui rekomenduojama sudr\u0117kinti od\u0105 vandeniu.<\/p>\n<p>Atsargumo priemon\u0117s:<br \/>\npatekus \u012f akis, nuplauti vandeniu.<\/p>\n","protected":false},"excerpt":{"rendered":"<p>\u0160veln\u016bs kokos\u0173 kevalo milteliai \u0161velniai nu\u0161vei\u010dia veido od\u0105, valo poras, suteikia \u0161veln\u0173 ir veiksming\u0105 \u0161veitim\u0105, suteikia odai \u0161vyt\u0117jimo. Sud\u0117tyje yra alyvuogi\u0173 aliejaus. Naudojimas: nedidel\u012f kiek\u012f \u0161veitiklio tepti ant veido ir kaklo odos masa\u017euojan\u010diais judesiais, po to nuplauti \u0161iltu vandeniu. Geresniam slydimui rekomenduojama sudr\u0117kinti od\u0105 vandeniu. Atsargumo priemon\u0117s: patekus \u012f akis, nuplauti vandeniu.<\/p>\n","protected":false},"featured_media":105588,"template":"","meta":[],"product_cat":[1396],"product_tag":[],"class_list":{"0":"post-105390","1":"product","2":"type-product","3":"status-publish","4":"has-post-thumbnail","6":"product_brand-elfa_ua-lt","7":"product_cat-veido-sveitikliai-ir-pilingai","9":"first","10":"instock","11":"taxable","12":"shipping-taxable","13":"product-type-simple"},"_links":{"self":[{"href":"https:\/\/e.kosmolat.eu\/lt\/wp-json\/wp\/v2\/product\/105390","targetHints":{"allow":["GET"]}}],"collection":[{"href":"https:\/\/e.kosmolat.eu\/lt\/wp-json\/wp\/v2\/product"}],"about":[{"href":"https:\/\/e.kosmolat.eu\/lt\/wp-json\/wp\/v2\/types\/product"}],"wp:featuredmedia":[{"embeddable":true,"href":"https:\/\/e.kosmolat.eu\/lt\/wp-json\/wp\/v2\/media\/105588"}],"wp:attachment":[{"href":"https:\/\/e.kosmolat.eu\/lt\/wp-json\/wp\/v2\/media?parent=105390"}],"wp:term":[{"taxonomy":"product_cat","embeddable":true,"href":"https:\/\/e.kosmolat.eu\/lt\/wp-json\/wp\/v2\/product_cat?post=105390"},{"taxonomy":"product_tag","embeddable":true,"href":"https:\/\/e.kosmolat.eu\/lt\/wp-json\/wp\/v2\/product_tag?post=105390"}],"curies":[{"name":"wp","href":"https:\/\/api.w.org\/{rel}","templated":true}]}}