{"id":105382,"date":"2026-04-09T16:12:44","date_gmt":"2026-04-09T16:12:44","guid":{"rendered":"https:\/\/e.kosmolat.eu\/product\/gp-kondicionieris-norm-matiem-ar-natru-un-dadzu-ellu-300-ml\/"},"modified":"2026-04-09T16:43:47","modified_gmt":"2026-04-09T16:43:47","slug":"gp-kondicionieris-norm-matiem-ar-natru-un-dadzu-ellu-300-ml","status":"publish","type":"product","link":"https:\/\/e.kosmolat.eu\/lt\/produktas\/gp-kondicionieris-norm-matiem-ar-natru-un-dadzu-ellu-300-ml\/","title":{"rendered":"GP Kondicionierius normaliems plaukams su dilgeliu ir varnale\u0161u aliejumi, 300 ml"},"content":{"rendered":"<p>\u0160velnus kondicionierius su dilg\u0117li\u0173 ir varnal\u0117\u0161\u0173 aliejumi normaliems plaukams, kuris suteikia mink\u0161tumo ir glotnumo.<br \/>\nNaudojimas:<br \/>\nPaskirstyti ant \u0161vari\u0173, dr\u0117gn\u0173 plauk\u0173 per vis\u0105 j\u0173 ilg\u012f. Nuskalauti vandeniu.<br \/>\n\u012esp\u0117jimai:<br \/>\nPatekus \u012f akis, gerai nuplauti vandeniu.<\/p>\n","protected":false},"excerpt":{"rendered":"<p>\u0160velnus kondicionierius su dilg\u0117li\u0173 ir varnal\u0117\u0161\u0173 aliejumi normaliems plaukams, kuris suteikia mink\u0161tumo ir glotnumo. Naudojimas: Paskirstyti ant \u0161vari\u0173, dr\u0117gn\u0173 plauk\u0173 per vis\u0105 j\u0173 ilg\u012f. Nuskalauti vandeniu. \u012esp\u0117jimai: Patekus \u012f akis, gerai nuplauti vandeniu.<\/p>\n","protected":false},"featured_media":105584,"template":"","meta":[],"product_cat":[1640],"product_tag":[],"class_list":{"0":"post-105382","1":"product","2":"type-product","3":"status-publish","4":"has-post-thumbnail","6":"product_brand-elfa_ua-lt","7":"product_cat-balzamai","9":"first","10":"instock","11":"taxable","12":"shipping-taxable","13":"product-type-simple"},"_links":{"self":[{"href":"https:\/\/e.kosmolat.eu\/lt\/wp-json\/wp\/v2\/product\/105382","targetHints":{"allow":["GET"]}}],"collection":[{"href":"https:\/\/e.kosmolat.eu\/lt\/wp-json\/wp\/v2\/product"}],"about":[{"href":"https:\/\/e.kosmolat.eu\/lt\/wp-json\/wp\/v2\/types\/product"}],"wp:featuredmedia":[{"embeddable":true,"href":"https:\/\/e.kosmolat.eu\/lt\/wp-json\/wp\/v2\/media\/105584"}],"wp:attachment":[{"href":"https:\/\/e.kosmolat.eu\/lt\/wp-json\/wp\/v2\/media?parent=105382"}],"wp:term":[{"taxonomy":"product_cat","embeddable":true,"href":"https:\/\/e.kosmolat.eu\/lt\/wp-json\/wp\/v2\/product_cat?post=105382"},{"taxonomy":"product_tag","embeddable":true,"href":"https:\/\/e.kosmolat.eu\/lt\/wp-json\/wp\/v2\/product_tag?post=105382"}],"curies":[{"name":"wp","href":"https:\/\/api.w.org\/{rel}","templated":true}]}}