{"id":105298,"date":"2026-04-09T16:05:27","date_gmt":"2026-04-09T16:05:27","guid":{"rendered":"https:\/\/e.kosmolat.eu\/product\/rt-matu-rulli-1-3-18cm-6-gab\/"},"modified":"2026-04-09T16:05:36","modified_gmt":"2026-04-09T16:05:36","slug":"rt-matu-rulli-1-3-18cm-6-gab","status":"publish","type":"product","link":"https:\/\/e.kosmolat.eu\/lt\/produktas\/rt-matu-rulli-1-3-18cm-6-gab\/","title":{"rendered":"DONEGAL Ribbon Twist Plauk\u0173 suktukai 1.3\/18cm 6vnt."},"content":{"rendered":"<p>Spyruokliuojan\u010dios garbanos ir \u0161velnios bangel\u0117s kurias lengva sukurti su suktukais Ribbon Twist.<\/p>\n<p>Rinkinys pagamintas i\u0161 mink\u0161tos med\u017eiagos, kuri apsaugo plaukus nuo pa\u017eeidim\u0173 ir i\u0161rovimo.<br \/>\nSuktukai turi metalin\u0119 \u0161erd\u012f, leid\u017eian\u010di\u0105 suformuoti plaukus \u012f bet koki\u0105 form\u0105.<br \/>\n\u201eRibbon Twist\u201c padeda sukurti tobulai garbanotus ir gerai pri\u017ei\u016brimus plaukus.<br \/>\nNaudojimo instrukcijos:<br \/>\n\u2022 Prie\u0161 formavim\u0105 lengvai sudr\u0117kinkite plaukus;<br \/>\n\u2022 Apvyniokite plauk\u0173 sruogas aplink suktukus, pritvirtindami galiukus;<br \/>\n\u2022 Palikite suktukus, kol visi\u0161kai i\u0161d\u017eius (nor\u0117dami pagreitinti proces\u0105, naudokite plauk\u0173 d\u017eiovintuv\u0105);<br \/>\n\u2022 Atsargiai nuimkite suktukus ir suformuokite \u0161ukuosen\u0105.<\/p>\n","protected":false},"excerpt":{"rendered":"<p>Spyruokliuojan\u010dios garbanos ir \u0161velnios bangel\u0117s kurias lengva sukurti su suktukais Ribbon Twist. Rinkinys pagamintas i\u0161 mink\u0161tos med\u017eiagos, kuri apsaugo plaukus nuo pa\u017eeidim\u0173 ir i\u0161rovimo. Suktukai turi metalin\u0119 \u0161erd\u012f, leid\u017eian\u010di\u0105 suformuoti plaukus \u012f bet koki\u0105 form\u0105. \u201eRibbon Twist\u201c padeda sukurti tobulai garbanotus ir gerai pri\u017ei\u016brimus plaukus. Naudojimo instrukcijos: \u2022 Prie\u0161 formavim\u0105 lengvai sudr\u0117kinkite plaukus; \u2022 Apvyniokite [&#8230;]\n","protected":false},"featured_media":105300,"template":"","meta":[],"product_cat":[1669],"product_tag":[],"class_list":{"0":"post-105298","1":"product","2":"type-product","3":"status-publish","4":"has-post-thumbnail","6":"product_brand-donegal-sp-zo-o-_pl-lt","7":"product_cat-plauku-aksesuarai","9":"first","10":"instock","11":"taxable","12":"shipping-taxable","13":"product-type-simple"},"_links":{"self":[{"href":"https:\/\/e.kosmolat.eu\/lt\/wp-json\/wp\/v2\/product\/105298","targetHints":{"allow":["GET"]}}],"collection":[{"href":"https:\/\/e.kosmolat.eu\/lt\/wp-json\/wp\/v2\/product"}],"about":[{"href":"https:\/\/e.kosmolat.eu\/lt\/wp-json\/wp\/v2\/types\/product"}],"wp:featuredmedia":[{"embeddable":true,"href":"https:\/\/e.kosmolat.eu\/lt\/wp-json\/wp\/v2\/media\/105300"}],"wp:attachment":[{"href":"https:\/\/e.kosmolat.eu\/lt\/wp-json\/wp\/v2\/media?parent=105298"}],"wp:term":[{"taxonomy":"product_cat","embeddable":true,"href":"https:\/\/e.kosmolat.eu\/lt\/wp-json\/wp\/v2\/product_cat?post=105298"},{"taxonomy":"product_tag","embeddable":true,"href":"https:\/\/e.kosmolat.eu\/lt\/wp-json\/wp\/v2\/product_tag?post=105298"}],"curies":[{"name":"wp","href":"https:\/\/api.w.org\/{rel}","templated":true}]}}