{"id":105254,"date":"2026-04-09T16:00:07","date_gmt":"2026-04-09T16:00:07","guid":{"rendered":"https:\/\/e.kosmolat.eu\/product\/nagu-pulesanas-bloks-9164\/"},"modified":"2026-04-09T16:00:35","modified_gmt":"2026-04-09T16:00:35","slug":"nagu-pulesanas-bloks-9164","status":"publish","type":"product","link":"https:\/\/e.kosmolat.eu\/lt\/produktas\/nagu-pulesanas-bloks-9164\/","title":{"rendered":"Donegal nag\u0173 dild\u017ei\u0173 blokas 9164"},"content":{"rendered":"<p>Keturpus\u0117 120 gr\u016bd\u0117tumo nag\u0173 dild\u0117. Skirta matinti ir lyginti nat\u016brali\u0105 nago plok\u0161tel\u0119, pa\u0161alinti bet kokius nelygumus.<\/p>\n","protected":false},"excerpt":{"rendered":"<p>Keturpus\u0117 120 gr\u016bd\u0117tumo nag\u0173 dild\u0117. Skirta matinti ir lyginti nat\u016brali\u0105 nago plok\u0161tel\u0119, pa\u0161alinti bet kokius nelygumus.<\/p>\n","protected":false},"featured_media":105257,"template":"","meta":[],"product_cat":[1757],"product_tag":[],"class_list":{"0":"post-105254","1":"product","2":"type-product","3":"status-publish","4":"has-post-thumbnail","6":"product_brand-donegal-sp-zo-o-_pl-lt","7":"product_cat-ranku-prieziuros-priedai","9":"first","10":"instock","11":"taxable","12":"shipping-taxable","13":"product-type-simple"},"_links":{"self":[{"href":"https:\/\/e.kosmolat.eu\/lt\/wp-json\/wp\/v2\/product\/105254","targetHints":{"allow":["GET"]}}],"collection":[{"href":"https:\/\/e.kosmolat.eu\/lt\/wp-json\/wp\/v2\/product"}],"about":[{"href":"https:\/\/e.kosmolat.eu\/lt\/wp-json\/wp\/v2\/types\/product"}],"wp:featuredmedia":[{"embeddable":true,"href":"https:\/\/e.kosmolat.eu\/lt\/wp-json\/wp\/v2\/media\/105257"}],"wp:attachment":[{"href":"https:\/\/e.kosmolat.eu\/lt\/wp-json\/wp\/v2\/media?parent=105254"}],"wp:term":[{"taxonomy":"product_cat","embeddable":true,"href":"https:\/\/e.kosmolat.eu\/lt\/wp-json\/wp\/v2\/product_cat?post=105254"},{"taxonomy":"product_tag","embeddable":true,"href":"https:\/\/e.kosmolat.eu\/lt\/wp-json\/wp\/v2\/product_tag?post=105254"}],"curies":[{"name":"wp","href":"https:\/\/api.w.org\/{rel}","templated":true}]}}