{"id":105238,"date":"2026-04-09T15:59:31","date_gmt":"2026-04-09T15:59:31","guid":{"rendered":"https:\/\/e.kosmolat.eu\/product\/skeres-kutikulai-3679\/"},"modified":"2026-04-15T11:26:24","modified_gmt":"2026-04-15T11:26:24","slug":"skeres-kutikulai-3679","status":"publish","type":"product","link":"https:\/\/e.kosmolat.eu\/lt\/produktas\/skeres-kutikulai-3679\/","title":{"rendered":"DONEGAL Odeli\u0173 \u017eirkl\u0117s, 3679"},"content":{"rendered":"<p>\u017dirkl\u0117s su nuo\u017eulniais a&scaron;menimis tiksliam odeli\u0173 kirpimui.<\/p>\n","protected":false},"excerpt":{"rendered":"<p>\u017dirkl\u0117s su nuo\u017eulniais a&scaron;menimis tiksliam odeli\u0173 kirpimui.<\/p>\n","protected":false},"featured_media":105240,"template":"","meta":[],"product_cat":[2181],"product_tag":[],"class_list":{"0":"post-105238","1":"product","2":"type-product","3":"status-publish","4":"has-post-thumbnail","6":"product_brand-donegal-sp-zo-o-_pl-lt","7":"product_cat-bez-kategorijas-lt","9":"first","10":"instock","11":"taxable","12":"shipping-taxable","13":"product-type-simple"},"_links":{"self":[{"href":"https:\/\/e.kosmolat.eu\/lt\/wp-json\/wp\/v2\/product\/105238","targetHints":{"allow":["GET"]}}],"collection":[{"href":"https:\/\/e.kosmolat.eu\/lt\/wp-json\/wp\/v2\/product"}],"about":[{"href":"https:\/\/e.kosmolat.eu\/lt\/wp-json\/wp\/v2\/types\/product"}],"wp:featuredmedia":[{"embeddable":true,"href":"https:\/\/e.kosmolat.eu\/lt\/wp-json\/wp\/v2\/media\/105240"}],"wp:attachment":[{"href":"https:\/\/e.kosmolat.eu\/lt\/wp-json\/wp\/v2\/media?parent=105238"}],"wp:term":[{"taxonomy":"product_cat","embeddable":true,"href":"https:\/\/e.kosmolat.eu\/lt\/wp-json\/wp\/v2\/product_cat?post=105238"},{"taxonomy":"product_tag","embeddable":true,"href":"https:\/\/e.kosmolat.eu\/lt\/wp-json\/wp\/v2\/product_tag?post=105238"}],"curies":[{"name":"wp","href":"https:\/\/api.w.org\/{rel}","templated":true}]}}