{"id":105230,"date":"2026-04-09T15:58:59","date_gmt":"2026-04-09T15:58:59","guid":{"rendered":"https:\/\/e.kosmolat.eu\/product\/donair-brs-matu-kemme-9091\/"},"modified":"2026-04-10T08:45:32","modified_gmt":"2026-04-10T08:45:32","slug":"donair-brs-matu-kemme-9091","status":"publish","type":"product","link":"https:\/\/e.kosmolat.eu\/lt\/produktas\/donair-brs-matu-kemme-9091\/","title":{"rendered":"Donegal Donair Blue Ribbon Stylers \u0161ukos plaukams 9091"},"content":{"rendered":"<p>Pagaminta i\u0161 novatori\u0161ko, patvaraus plastiko, \u017eymiai prana\u0161esnio u\u017e kiet\u0105 gum\u0105 ir nailon\u0105.<\/p>\n<p>\u2022 Patvarus, lankstus, su patikimais dantukais.<br \/>\n\u2022 Apdorotas liepsna, nesubrai\u017eo odos. Itin lyg\u016bs dantukai lengvai atskiria net storiausius plaukus.<br \/>\n\u2022 Atsparus plauk\u0173 prie\u017ei\u016bros priemon\u0117ms ir chemikalams.<br \/>\n\u2022 Labai atsparus kar\u0161\u010diui, idealiai tinka d\u017eiovinti d\u017eiovintuvu.<br \/>\n\u2022 Sukurta profesional\u0173 ir naudojama kirp\u0117j\u0173 visame pasaulyje.<br \/>\n\u2022 Auk\u0161\u010diausios ,salono lygio kokyb\u0117s, sukurta moderniems perukams ir \u0161ukuosenoms.<\/p>\n","protected":false},"excerpt":{"rendered":"<p>Pagaminta i\u0161 novatori\u0161ko, patvaraus plastiko, \u017eymiai prana\u0161esnio u\u017e kiet\u0105 gum\u0105 ir nailon\u0105. \u2022 Patvarus, lankstus, su patikimais dantukais. \u2022 Apdorotas liepsna, nesubrai\u017eo odos. Itin lyg\u016bs dantukai lengvai atskiria net storiausius plaukus. \u2022 Atsparus plauk\u0173 prie\u017ei\u016bros priemon\u0117ms ir chemikalams. \u2022 Labai atsparus kar\u0161\u010diui, idealiai tinka d\u017eiovinti d\u017eiovintuvu. \u2022 Sukurta profesional\u0173 ir naudojama kirp\u0117j\u0173 visame pasaulyje. \u2022 [&#8230;]\n","protected":false},"featured_media":105232,"template":"","meta":[],"product_cat":[1669],"product_tag":[],"class_list":{"0":"post-105230","1":"product","2":"type-product","3":"status-publish","4":"has-post-thumbnail","6":"product_brand-donegal-sp-zo-o-_pl-lt","7":"product_cat-plauku-aksesuarai","9":"first","10":"instock","11":"taxable","12":"shipping-taxable","13":"product-type-simple"},"_links":{"self":[{"href":"https:\/\/e.kosmolat.eu\/lt\/wp-json\/wp\/v2\/product\/105230","targetHints":{"allow":["GET"]}}],"collection":[{"href":"https:\/\/e.kosmolat.eu\/lt\/wp-json\/wp\/v2\/product"}],"about":[{"href":"https:\/\/e.kosmolat.eu\/lt\/wp-json\/wp\/v2\/types\/product"}],"wp:featuredmedia":[{"embeddable":true,"href":"https:\/\/e.kosmolat.eu\/lt\/wp-json\/wp\/v2\/media\/105232"}],"wp:attachment":[{"href":"https:\/\/e.kosmolat.eu\/lt\/wp-json\/wp\/v2\/media?parent=105230"}],"wp:term":[{"taxonomy":"product_cat","embeddable":true,"href":"https:\/\/e.kosmolat.eu\/lt\/wp-json\/wp\/v2\/product_cat?post=105230"},{"taxonomy":"product_tag","embeddable":true,"href":"https:\/\/e.kosmolat.eu\/lt\/wp-json\/wp\/v2\/product_tag?post=105230"}],"curies":[{"name":"wp","href":"https:\/\/api.w.org\/{rel}","templated":true}]}}