{"id":104354,"date":"2026-03-26T14:36:05","date_gmt":"2026-03-26T14:36:05","guid":{"rendered":"https:\/\/e.kosmolat.eu\/?post_type=product&#038;p=104354"},"modified":"2026-04-09T17:46:18","modified_gmt":"2026-04-09T17:46:18","slug":"tenzero-royal-jelly-auduma-sejas-maska-25-ml","status":"publish","type":"product","link":"https:\/\/e.kosmolat.eu\/lt\/produktas\/tenzero-royal-jelly-auduma-sejas-maska-25-ml\/","title":{"rendered":"Tenzero \u041c\u0105\u0441\u043a\u0105 \u0442\u043a\u0105\u043d\u010d\u043d\u043d\u0105 \u00e4\u0117\u044f \u043e\u012f\u0117\u010d\u0447\u0447\u044f Royal Jelly \u0437 \u043c\u0105\u0442\u043e\u0447\u043d\u010d\u043c \u043c\u043e\u0117\u043e\u0447\u043a\u043e\u043c 25 ml"},"content":{"rendered":"","protected":false},"excerpt":{"rendered":"","protected":false},"featured_media":104548,"template":"","meta":[],"product_cat":[1910],"product_tag":[],"class_list":{"0":"post-104354","1":"product","2":"type-product","3":"status-publish","4":"has-post-thumbnail","6":"product_brand-replay_kr-lt","7":"product_cat-new-lt","9":"first","10":"instock","11":"taxable","12":"shipping-taxable","13":"product-type-simple"},"_links":{"self":[{"href":"https:\/\/e.kosmolat.eu\/lt\/wp-json\/wp\/v2\/product\/104354","targetHints":{"allow":["GET"]}}],"collection":[{"href":"https:\/\/e.kosmolat.eu\/lt\/wp-json\/wp\/v2\/product"}],"about":[{"href":"https:\/\/e.kosmolat.eu\/lt\/wp-json\/wp\/v2\/types\/product"}],"wp:featuredmedia":[{"embeddable":true,"href":"https:\/\/e.kosmolat.eu\/lt\/wp-json\/wp\/v2\/media\/104548"}],"wp:attachment":[{"href":"https:\/\/e.kosmolat.eu\/lt\/wp-json\/wp\/v2\/media?parent=104354"}],"wp:term":[{"taxonomy":"product_cat","embeddable":true,"href":"https:\/\/e.kosmolat.eu\/lt\/wp-json\/wp\/v2\/product_cat?post=104354"},{"taxonomy":"product_tag","embeddable":true,"href":"https:\/\/e.kosmolat.eu\/lt\/wp-json\/wp\/v2\/product_tag?post=104354"}],"curies":[{"name":"wp","href":"https:\/\/api.w.org\/{rel}","templated":true}]}}