{"id":104337,"date":"2026-03-24T07:24:20","date_gmt":"2026-03-24T07:24:20","guid":{"rendered":"https:\/\/e.kosmolat.eu\/product\/salz-zobu-pasta-original-80-g\/"},"modified":"2026-04-01T06:16:42","modified_gmt":"2026-04-01T06:16:42","slug":"salz-zobu-pasta-original-80-g","status":"publish","type":"product","link":"https:\/\/e.kosmolat.eu\/lt\/produktas\/salz-zobu-pasta-original-80-g\/","title":{"rendered":"Salz Zobu pasta Original, 80 g"},"content":{"rendered":"<p>Maigi not\u012bra zobus un smaganas. Piem\u0113rota visiem mutes dobuma st\u0101vok\u013ciem. Augsta hipertonisk\u0101 s\u0101ls koncentr\u0101cija nodro&scaron;ina lab\u0101ku higi\u0113nu un neitraliz\u0113 nepat\u012bkamu elpu. Atv\u0113sino&scaron;a formula nodro&scaron;ina svaigu piparm\u0113tru arom\u0101tu. Koenz\u012bms Q10 uzlabo smaganu un zobu vesel\u012bbu, bet fluors nov\u0113r&scaron; zobu kariesu.<\/p>\n<p><strong>Lieto&scaron;ana:<\/strong> Lai nodro&scaron;in\u0101tu zobu un smaganu vesel\u012bbu, t\u012briet zobus 2-3 min\u016btes vismaz divas reizes dien\u0101.<\/p>\n<p><strong>Br\u012bdin\u0101jums:<\/strong> satur n\u0101trija fluor\u012bdu 0,100 %, kas apr\u0113\u0137in\u0101ti k\u0101 F. Tikai pieaugu&scaron;ajiem.<\/p>\n","protected":false},"excerpt":{"rendered":"<p>Maigi not\u012bra zobus un smaganas. Piem\u0113rota visiem mutes dobuma st\u0101vok\u013ciem. Augsta hipertonisk\u0101 s\u0101ls koncentr\u0101cija nodro&scaron;ina lab\u0101ku higi\u0113nu un neitraliz\u0113 nepat\u012bkamu elpu. Atv\u0113sino&scaron;a formula nodro&scaron;ina svaigu piparm\u0113tru arom\u0101tu. Koenz\u012bms Q10 uzlabo smaganu un zobu vesel\u012bbu, bet fluors nov\u0113r&scaron; zobu kariesu. Lieto&scaron;ana: Lai nodro&scaron;in\u0101tu zobu un smaganu vesel\u012bbu, t\u012briet zobus 2-3 min\u016btes vismaz divas reizes dien\u0101. Br\u012bdin\u0101jums: [&#8230;]\n","protected":false},"featured_media":104992,"template":"","meta":[],"product_cat":[1308],"product_tag":[],"class_list":{"0":"post-104337","1":"product","2":"type-product","3":"status-publish","4":"has-post-thumbnail","6":"product_brand-replay_kr-lt","7":"product_cat-dantu-pastos-ir-geliai","9":"first","10":"instock","11":"taxable","12":"shipping-taxable","13":"product-type-simple"},"_links":{"self":[{"href":"https:\/\/e.kosmolat.eu\/lt\/wp-json\/wp\/v2\/product\/104337","targetHints":{"allow":["GET"]}}],"collection":[{"href":"https:\/\/e.kosmolat.eu\/lt\/wp-json\/wp\/v2\/product"}],"about":[{"href":"https:\/\/e.kosmolat.eu\/lt\/wp-json\/wp\/v2\/types\/product"}],"wp:featuredmedia":[{"embeddable":true,"href":"https:\/\/e.kosmolat.eu\/lt\/wp-json\/wp\/v2\/media\/104992"}],"wp:attachment":[{"href":"https:\/\/e.kosmolat.eu\/lt\/wp-json\/wp\/v2\/media?parent=104337"}],"wp:term":[{"taxonomy":"product_cat","embeddable":true,"href":"https:\/\/e.kosmolat.eu\/lt\/wp-json\/wp\/v2\/product_cat?post=104337"},{"taxonomy":"product_tag","embeddable":true,"href":"https:\/\/e.kosmolat.eu\/lt\/wp-json\/wp\/v2\/product_tag?post=104337"}],"curies":[{"name":"wp","href":"https:\/\/api.w.org\/{rel}","templated":true}]}}