{"id":104333,"date":"2026-03-24T07:24:02","date_gmt":"2026-03-24T07:24:02","guid":{"rendered":"https:\/\/e.kosmolat.eu\/product\/salz-zobu-pasta-fresh-80-g\/"},"modified":"2026-04-01T06:16:29","modified_gmt":"2026-04-01T06:16:29","slug":"salz-zobu-pasta-fresh-80-g","status":"publish","type":"product","link":"https:\/\/e.kosmolat.eu\/lt\/produktas\/salz-zobu-pasta-fresh-80-g\/","title":{"rendered":"Salz Zobu pasta Fresh, 80 g"},"content":{"rendered":"<p>Zobu un smaganu kop&scaron;anas zobu pasta, kas nodro&scaron;ina ilgsto&scaron;u svaigu piparm\u0113tru arom\u0101tu. Augsta hipertonisk\u0101 s\u0101ls koncentr\u0101cija nodro&scaron;ina lab\u0101ku higi\u0113nu un neitraliz\u0113 nepat\u012bkamu elpu. 2X Sp\u0113c\u012bga piparm\u0113tra: Jap\u0101\u0146u m\u0113tra un piparm\u0113tra. Koenz\u012bms Q10 uzlabo smaganu un zobu vesel\u012bbu, bet fluors nov\u0113r&scaron; zobu kariesu.<\/p>\n<p><strong>Lieto&scaron;ana:<\/strong> Lai nodro&scaron;in\u0101tu zobu un smaganu vesel\u012bbu, t\u012briet zobus 2-3 min\u016btes vismaz divas reizes dien\u0101.<\/p>\n<p><strong>Br\u012bdin\u0101jums:<\/strong> satur n\u0101trija fluor\u012bdu 0,100 %, kas apr\u0113\u0137in\u0101ti k\u0101 F. Tikai pieaugu&scaron;ajiem.<\/p>\n","protected":false},"excerpt":{"rendered":"<p>Zobu un smaganu kop&scaron;anas zobu pasta, kas nodro&scaron;ina ilgsto&scaron;u svaigu piparm\u0113tru arom\u0101tu. Augsta hipertonisk\u0101 s\u0101ls koncentr\u0101cija nodro&scaron;ina lab\u0101ku higi\u0113nu un neitraliz\u0113 nepat\u012bkamu elpu. 2X Sp\u0113c\u012bga piparm\u0113tra: Jap\u0101\u0146u m\u0113tra un piparm\u0113tra. Koenz\u012bms Q10 uzlabo smaganu un zobu vesel\u012bbu, bet fluors nov\u0113r&scaron; zobu kariesu. Lieto&scaron;ana: Lai nodro&scaron;in\u0101tu zobu un smaganu vesel\u012bbu, t\u012briet zobus 2-3 min\u016btes vismaz divas [&#8230;]\n","protected":false},"featured_media":104988,"template":"","meta":[],"product_cat":[1308],"product_tag":[],"class_list":{"0":"post-104333","1":"product","2":"type-product","3":"status-publish","4":"has-post-thumbnail","6":"product_brand-replay_kr-lt","7":"product_cat-dantu-pastos-ir-geliai","9":"first","10":"instock","11":"taxable","12":"shipping-taxable","13":"product-type-simple"},"_links":{"self":[{"href":"https:\/\/e.kosmolat.eu\/lt\/wp-json\/wp\/v2\/product\/104333","targetHints":{"allow":["GET"]}}],"collection":[{"href":"https:\/\/e.kosmolat.eu\/lt\/wp-json\/wp\/v2\/product"}],"about":[{"href":"https:\/\/e.kosmolat.eu\/lt\/wp-json\/wp\/v2\/types\/product"}],"wp:featuredmedia":[{"embeddable":true,"href":"https:\/\/e.kosmolat.eu\/lt\/wp-json\/wp\/v2\/media\/104988"}],"wp:attachment":[{"href":"https:\/\/e.kosmolat.eu\/lt\/wp-json\/wp\/v2\/media?parent=104333"}],"wp:term":[{"taxonomy":"product_cat","embeddable":true,"href":"https:\/\/e.kosmolat.eu\/lt\/wp-json\/wp\/v2\/product_cat?post=104333"},{"taxonomy":"product_tag","embeddable":true,"href":"https:\/\/e.kosmolat.eu\/lt\/wp-json\/wp\/v2\/product_tag?post=104333"}],"curies":[{"name":"wp","href":"https:\/\/api.w.org\/{rel}","templated":true}]}}