{"id":104309,"date":"2026-03-19T13:22:05","date_gmt":"2026-03-19T13:22:05","guid":{"rendered":"https:\/\/e.kosmolat.eu\/product\/hp-fito-linija-space-3in1-dusas-zeleja-240-ml\/"},"modified":"2026-04-01T09:57:08","modified_gmt":"2026-04-01T09:57:08","slug":"hp-fito-linija-space-3in1-dusas-zeleja-240-ml","status":"publish","type":"product","link":"https:\/\/e.kosmolat.eu\/lt\/produktas\/hp-fito-linija-space-3in1-dusas-zeleja-240-ml\/","title":{"rendered":"HP Fito Linija Space 3in1 Du\u0161as \u017eeleja, 240 ml"},"content":{"rendered":"<p>Du&scaron;as g\u0113ls Space 3-in-1 \u0137ermenim, sejai un matiem. Att\u012bra un sniedz svaiguma saj\u016btu. Sast\u0101v\u0101 ir pantenols, kas mitrina \u0101du. G\u0113la pat\u012bkamais arom\u0101ts uzmundrina un piepilda ar ener\u0123iju.<\/p>\n<p><strong>Lieto&scaron;ana:<\/strong> uzkl\u0101jiet uz mitras \u0137erme\u0146a, sejas \u0101das un matiem, uzputiniet un noskalojiet ar siltu \u016bdeni.<\/p>\n<p><strong>Piesardz\u012bbas pas\u0101kumi:<\/strong> paredz\u0113ts tikai \u0101r\u0113jai lieto&scaron;anai. Ja produkts nok\u013c\u016bst ac\u012bs, nekav\u0113joties izskalojiet t\u0101s ar \u016bdeni. Ir iesp\u0113jama individu\u0101la jut\u012bba pret produkta sast\u0101vda\u013c\u0101m.<\/p>\n<p><strong>Uzglab\u0101&scaron;anas nosac\u012bjumi:<\/strong> uzglab\u0101t temperat\u016br\u0101, kas nav zem\u0101ka par 5 &deg;C un nav augst\u0101ka par 25 &deg;C. Uzglab\u0101&scaron;anas laik\u0101 produktu nedr\u012bkst pak\u013caut tie&scaron;iem saules stariem. Produktu nedr\u012bkst uzglab\u0101t tuv\u0101k par 0,5 m no iesl\u0113gtiem sildier\u012bc\u0113m. Iztuk&scaron;oto iepakojumu izmetiet k\u0101 sadz\u012bves atkritumus.<\/p>\n","protected":false},"excerpt":{"rendered":"<p>Du&scaron;as g\u0113ls Space 3-in-1 \u0137ermenim, sejai un matiem. Att\u012bra un sniedz svaiguma saj\u016btu. Sast\u0101v\u0101 ir pantenols, kas mitrina \u0101du. G\u0113la pat\u012bkamais arom\u0101ts uzmundrina un piepilda ar ener\u0123iju. Lieto&scaron;ana: uzkl\u0101jiet uz mitras \u0137erme\u0146a, sejas \u0101das un matiem, uzputiniet un noskalojiet ar siltu \u016bdeni. Piesardz\u012bbas pas\u0101kumi: paredz\u0113ts tikai \u0101r\u0113jai lieto&scaron;anai. Ja produkts nok\u013c\u016bst ac\u012bs, nekav\u0113joties izskalojiet t\u0101s [&#8230;]\n","protected":false},"featured_media":104844,"template":"","meta":[],"product_cat":[2181],"product_tag":[],"class_list":{"0":"post-104309","1":"product","2":"type-product","3":"status-publish","4":"has-post-thumbnail","6":"product_brand-supermash_ua-lt","7":"product_cat-bez-kategorijas-lt","9":"first","10":"instock","11":"taxable","12":"shipping-taxable","13":"product-type-simple"},"_links":{"self":[{"href":"https:\/\/e.kosmolat.eu\/lt\/wp-json\/wp\/v2\/product\/104309","targetHints":{"allow":["GET"]}}],"collection":[{"href":"https:\/\/e.kosmolat.eu\/lt\/wp-json\/wp\/v2\/product"}],"about":[{"href":"https:\/\/e.kosmolat.eu\/lt\/wp-json\/wp\/v2\/types\/product"}],"wp:featuredmedia":[{"embeddable":true,"href":"https:\/\/e.kosmolat.eu\/lt\/wp-json\/wp\/v2\/media\/104844"}],"wp:attachment":[{"href":"https:\/\/e.kosmolat.eu\/lt\/wp-json\/wp\/v2\/media?parent=104309"}],"wp:term":[{"taxonomy":"product_cat","embeddable":true,"href":"https:\/\/e.kosmolat.eu\/lt\/wp-json\/wp\/v2\/product_cat?post=104309"},{"taxonomy":"product_tag","embeddable":true,"href":"https:\/\/e.kosmolat.eu\/lt\/wp-json\/wp\/v2\/product_tag?post=104309"}],"curies":[{"name":"wp","href":"https:\/\/api.w.org\/{rel}","templated":true}]}}