{"id":104268,"date":"2026-03-17T13:21:43","date_gmt":"2026-03-17T13:21:43","guid":{"rendered":"https:\/\/e.kosmolat.eu\/product\/florex-1-6-zili-melns-matu-krasa-2x25-25ml-10-ml\/"},"modified":"2026-04-01T15:33:32","modified_gmt":"2026-04-01T15:33:32","slug":"florex-1-6-zili-melns-matu-krasa-2x25-25ml-10-ml","status":"publish","type":"product","link":"https:\/\/e.kosmolat.eu\/lt\/produktas\/florex-1-6-zili-melns-matu-krasa-2x25-25ml-10-ml\/","title":{"rendered":"Florex 1.6 Zili melns matu kr\u0101sa 2&#215;25\/25ml, 10 ml"},"content":{"rendered":"<p>Notur\u012bga kr\u0113mkr\u0101sa matiem ar kerat\u012bnu un piec\u0101m e\u013c\u013c\u0101m: agranu, mande\u013cu, avokado, jojobas un ol\u012bvu. Kr\u0101sa nevainojami nokr\u0101so sirmu matu, pie&scaron;\u0137ir notur\u012bgu, pies\u0101tin\u0101tu kr\u0101su. \u012apa&scaron;s balzams ar fitoe\u013c\u013cu kompleksu maigu matu kop&scaron;anai p\u0113c kr\u0101so&scaron;anas pabeidz kr\u0101so&scaron;anas procesu, nodro&scaron;ina kr\u0101sas intensit\u0101ti, matu z\u012bdain\u012bbu un sp\u012bdumu. Kr\u0101so&scaron;anas rezult\u0101ts ir atkar\u012bgs no s\u0101kotn\u0113j\u0101s matu kr\u0101sas. Ja dab\u012bg\u0101 kr\u0101sa ir tum&scaron;\u0101ka par v\u0113lamo toni p\u0113c kr\u0101so&scaron;anas, mati ir iepriek&scaron; j\u0101balina.<\/p>\n<p><strong>Iepakojuma saturs: <\/strong>kr\u0113mkr\u0101sa 2 x 25 ml, kr\u0113mveida oksid\u0113t\u0101js 2 x 25 ml (\u016bde\u0146ra\u017ea peroks\u012bda masas da\u013cu skat. uz iepakojuma), balino&scaron;s pulveris 2 x 10 g (tonis 12.0), balzams 2 x 10 ml, cimdi, lieto&scaron;anas instrukcija.<\/p>\n<p><strong>Lieto&scaron;ana: <\/strong>lieto&scaron;anas instrukciju skat\u012bt iepakojuma iek&scaron;pus\u0113.<\/p>\n<p><strong>PIESARDZ\u012aBAS PAS\u0100KUMI:<\/strong><br \/>\n<strong><strong>Br\u012bdin\u0101jums: <\/strong><\/strong>Satur amonjaku, \u016bde\u0146ra\u017ea peroks\u012bdu (visos to\u0146os); fenilendiam\u012bnus (to\u0146os 1.0, 1.6, 1.8, 2.0, 2.2, 2.3, 2.4, 2.5, 2.6, 2.7, 2.8, 3.0, 3.1, 3.3, 3.4, 3.5, 3.7, 4.4, 4.6, 5.1, 5.2, 6.0, 8.1, 8.5, 8.7, 9.2, 9.4, 9.5, 9.7, 9.8, 11.0), fenilendiam\u012bni (toluenediam\u012bni) (to\u0146os 2.1, 2.7, 2.9, 3.8, 4.1, 4.2, 9.3, 9.6, 10.0). Satur rezorc\u012bnu (to\u0146os 1.0, 1.6, 1.8, 2.2, 2.3, 2.4, 2.5, 2.6, 2.7, 2.8, 3.0, 3.1, 3.4, 3.5, 3.7, 3.8, 4.1, 4.4, 4.6, 8.7, 9.3, 9.4, 9.6, 9.7, 9.8, 10.0). Matu kr\u0101svielas var izrais\u012bt smagu aler\u0123isku reakciju. Izlas\u012bt un iev\u0113rot nor\u0101d\u012bjumus. &Scaron;is l\u012bdzeklis nav paredz\u0113ts person\u0101m, kas jaun\u0101kas par 16 gadiem. Meln\u0101s hennas tetov\u0113jumi, kas nav permanenti, var paaugstin\u0101t aler\u0123iju risku.<\/p>\n<p>Matus nekr\u0101sot, ja:<br \/>\n&#8211; uz sejas ir izsitumi vai galvas \u0101da ir jut\u012bga, kairin\u0101ta vai boj\u0101ta;<br \/>\n&#8211; p\u0113c matu kr\u0101so&scaron;anas ir bijusi k\u0101da reakcija;&nbsp;<br \/>\n&#8211; agr\u0101k ir bijusi reakcija uz meln\u0101s hennas tetov\u0113jumu, kas nav notur\u012bgs.<\/p>\n<p>Kr\u0113mveida oksid\u0113t\u0101js satur \u016bde\u0146ra\u017ea peroks\u012bdu. Nelietot skropstu vai uzacu kr\u0101so&scaron;anai. P\u0113c kr\u0101so&scaron;anas r\u016bp\u012bgi izskalot matus.<\/p>\n<p>Veiciet \u0101das jut\u012bbas testu 24 stundas pirms katras kr\u0101so&scaron;anas reizes, pat ja agr\u0101k esat lietojis matu kr\u0113mkr\u0101sas.&nbsp;<\/p>\n<p>Izvairieties no kr\u0101sojo&scaron;\u0101 mais\u012bjuma iek\u013c\u016b&scaron;anas ac\u012bs. Ja nok\u013c\u016bst ac\u012bs, nekav\u0113joties izskalojiet ar \u016bdeni.<\/p>\n<p>Izmantojiet komplekt\u0101 iek\u013cautos cimdus.&nbsp;<\/p>\n<p>Neieelpojiet pulveri. Str\u0101d\u0101jot ar kr\u0113mkr\u0101su, neizmantojiet met\u0101la priek&scaron;metus.<\/p>\n<p>Uzglab\u0101t b\u0113rniem nepieejam\u0101 viet\u0101.<\/p>\n<p><strong>Uzglab\u0101&scaron;anas noteikumi:<\/strong> uzglab\u0101t temperat\u016br\u0101 no +5 &ordm;C l\u012bdz +25 &ordm;C, sarg\u0101jot no tie&scaron;iem saules stariem, vismaz 0,5 m att\u0101lum\u0101 no apkures ier\u012bc\u0113m. Tuk&scaron;o iepakojumu utiliz\u0113t k\u0101 sadz\u012bves atkritumus.<\/p>\n<p><\/body><\/p>\n","protected":false},"excerpt":{"rendered":"<p>Notur\u012bga kr\u0113mkr\u0101sa matiem ar kerat\u012bnu un piec\u0101m e\u013c\u013c\u0101m: agranu, mande\u013cu, avokado, jojobas un ol\u012bvu. Kr\u0101sa nevainojami nokr\u0101so sirmu matu, pie&scaron;\u0137ir notur\u012bgu, pies\u0101tin\u0101tu kr\u0101su. \u012apa&scaron;s balzams ar fitoe\u013c\u013cu kompleksu maigu matu kop&scaron;anai p\u0113c kr\u0101so&scaron;anas pabeidz kr\u0101so&scaron;anas procesu, nodro&scaron;ina kr\u0101sas intensit\u0101ti, matu z\u012bdain\u012bbu un sp\u012bdumu. Kr\u0101so&scaron;anas rezult\u0101ts ir atkar\u012bgs no s\u0101kotn\u0113j\u0101s matu kr\u0101sas. Ja dab\u012bg\u0101 kr\u0101sa ir [&#8230;]\n","protected":false},"featured_media":104864,"template":"","meta":[],"product_cat":[1442],"product_tag":[],"class_list":{"0":"post-104268","1":"product","2":"type-product","3":"status-publish","4":"has-post-thumbnail","6":"product_brand-supermash_ua-lt","7":"product_cat-plauku-dazai-plauku-dazai","9":"first","10":"instock","11":"taxable","12":"shipping-taxable","13":"product-type-simple"},"_links":{"self":[{"href":"https:\/\/e.kosmolat.eu\/lt\/wp-json\/wp\/v2\/product\/104268","targetHints":{"allow":["GET"]}}],"collection":[{"href":"https:\/\/e.kosmolat.eu\/lt\/wp-json\/wp\/v2\/product"}],"about":[{"href":"https:\/\/e.kosmolat.eu\/lt\/wp-json\/wp\/v2\/types\/product"}],"wp:featuredmedia":[{"embeddable":true,"href":"https:\/\/e.kosmolat.eu\/lt\/wp-json\/wp\/v2\/media\/104864"}],"wp:attachment":[{"href":"https:\/\/e.kosmolat.eu\/lt\/wp-json\/wp\/v2\/media?parent=104268"}],"wp:term":[{"taxonomy":"product_cat","embeddable":true,"href":"https:\/\/e.kosmolat.eu\/lt\/wp-json\/wp\/v2\/product_cat?post=104268"},{"taxonomy":"product_tag","embeddable":true,"href":"https:\/\/e.kosmolat.eu\/lt\/wp-json\/wp\/v2\/product_tag?post=104268"}],"curies":[{"name":"wp","href":"https:\/\/api.w.org\/{rel}","templated":true}]}}