{"id":104031,"date":"2026-03-06T09:42:08","date_gmt":"2026-03-06T09:42:08","guid":{"rendered":"https:\/\/e.kosmolat.eu\/product\/claire-collagen-active-pro-krems-filleris-acu-plakstiniem-15-ml-2\/"},"modified":"2026-04-24T05:59:59","modified_gmt":"2026-04-24T05:59:59","slug":"claire-collagen-active-pro-krems-filleris-acu-plakstiniem-15-ml-2","status":"publish","type":"product","link":"https:\/\/e.kosmolat.eu\/lt\/produktas\/claire-collagen-active-pro-krems-filleris-acu-plakstiniem-15-ml-2\/","title":{"rendered":"ClaireCollagen Active Pro Krems-filleris acu plakstiniem 15 ml"},"content":{"rendered":"<p>Padidina stangrum\u0105 ir elastingum\u0105. Intensyviai dr\u0117kina od\u0105. U\u017epildo ir i\u0161lygina rauk\u0161les. <\/p>\n<p>Naudojimas: lengvais  judesiais u\u017etepkite nedidel\u012f kiek\u012f kremo ant odos aplink akis.<\/p>\n","protected":false},"excerpt":{"rendered":"<p>Padidina stangrum\u0105 ir elastingum\u0105. Intensyviai dr\u0117kina od\u0105. U\u017epildo ir i\u0161lygina rauk\u0161les. Naudojimas: lengvais judesiais u\u017etepkite nedidel\u012f kiek\u012f kremo ant odos aplink akis.<\/p>\n","protected":false},"featured_media":104964,"template":"","meta":[],"product_cat":[1590],"product_tag":[],"class_list":{"0":"post-104031","1":"product","2":"type-product","3":"status-publish","4":"has-post-thumbnail","6":"product_brand-private-label-lt","7":"product_cat-paakiu-kremai","9":"first","10":"instock","11":"taxable","12":"shipping-taxable","13":"product-type-simple"},"_links":{"self":[{"href":"https:\/\/e.kosmolat.eu\/lt\/wp-json\/wp\/v2\/product\/104031","targetHints":{"allow":["GET"]}}],"collection":[{"href":"https:\/\/e.kosmolat.eu\/lt\/wp-json\/wp\/v2\/product"}],"about":[{"href":"https:\/\/e.kosmolat.eu\/lt\/wp-json\/wp\/v2\/types\/product"}],"wp:featuredmedia":[{"embeddable":true,"href":"https:\/\/e.kosmolat.eu\/lt\/wp-json\/wp\/v2\/media\/104964"}],"wp:attachment":[{"href":"https:\/\/e.kosmolat.eu\/lt\/wp-json\/wp\/v2\/media?parent=104031"}],"wp:term":[{"taxonomy":"product_cat","embeddable":true,"href":"https:\/\/e.kosmolat.eu\/lt\/wp-json\/wp\/v2\/product_cat?post=104031"},{"taxonomy":"product_tag","embeddable":true,"href":"https:\/\/e.kosmolat.eu\/lt\/wp-json\/wp\/v2\/product_tag?post=104031"}],"curies":[{"name":"wp","href":"https:\/\/api.w.org\/{rel}","templated":true}]}}