{"id":104027,"date":"2026-03-06T09:35:34","date_gmt":"2026-03-06T09:35:34","guid":{"rendered":"https:\/\/e.kosmolat.eu\/product\/claire-collagen-active-pro-nakts-kr-55-visiem-ad-tip-50-ml\/"},"modified":"2026-04-24T06:19:09","modified_gmt":"2026-04-24T06:19:09","slug":"claire-collagen-active-pro-nakts-kr-55-visiem-ad-tip-50-ml","status":"publish","type":"product","link":"https:\/\/e.kosmolat.eu\/lt\/produktas\/claire-collagen-active-pro-nakts-kr-55-visiem-ad-tip-50-ml\/","title":{"rendered":"\u0421LAIRE Collagen Active Pro Naktinis kremas 55+ visu tipu odai, 50 ml"},"content":{"rendered":"<p>Stangrina od\u0105  Intensyviai dr\u0117kina. I\u0161lygina gilias rauk\u0161les. <\/p>\n<p>Naudojimas: vakare tepkite krem\u0105 ant \u0161varios veido odos pagal masa\u017eo linijas, taip pat kakl\u0105 ir dekolt\u0117 srit\u012f. Norint pasiekti maksimal\u0173 efekt\u0105, od\u0105 rekomenduojama i\u0161 anksto sudr\u0117kinti COLLAGEN ACTIVE PRO toniku.<\/p>\n","protected":false},"excerpt":{"rendered":"<p>Stangrina od\u0105 Intensyviai dr\u0117kina. I\u0161lygina gilias rauk\u0161les. Naudojimas: vakare tepkite krem\u0105 ant \u0161varios veido odos pagal masa\u017eo linijas, taip pat kakl\u0105 ir dekolt\u0117 srit\u012f. Norint pasiekti maksimal\u0173 efekt\u0105, od\u0105 rekomenduojama i\u0161 anksto sudr\u0117kinti COLLAGEN ACTIVE PRO toniku.<\/p>\n","protected":false},"featured_media":104996,"template":"","meta":[],"product_cat":[1678],"product_tag":[],"class_list":{"0":"post-104027","1":"product","2":"type-product","3":"status-publish","4":"has-post-thumbnail","6":"product_brand-private-label-lt","7":"product_cat-veido-prieziurai","9":"first","10":"instock","11":"taxable","12":"shipping-taxable","13":"product-type-simple"},"_links":{"self":[{"href":"https:\/\/e.kosmolat.eu\/lt\/wp-json\/wp\/v2\/product\/104027","targetHints":{"allow":["GET"]}}],"collection":[{"href":"https:\/\/e.kosmolat.eu\/lt\/wp-json\/wp\/v2\/product"}],"about":[{"href":"https:\/\/e.kosmolat.eu\/lt\/wp-json\/wp\/v2\/types\/product"}],"wp:featuredmedia":[{"embeddable":true,"href":"https:\/\/e.kosmolat.eu\/lt\/wp-json\/wp\/v2\/media\/104996"}],"wp:attachment":[{"href":"https:\/\/e.kosmolat.eu\/lt\/wp-json\/wp\/v2\/media?parent=104027"}],"wp:term":[{"taxonomy":"product_cat","embeddable":true,"href":"https:\/\/e.kosmolat.eu\/lt\/wp-json\/wp\/v2\/product_cat?post=104027"},{"taxonomy":"product_tag","embeddable":true,"href":"https:\/\/e.kosmolat.eu\/lt\/wp-json\/wp\/v2\/product_tag?post=104027"}],"curies":[{"name":"wp","href":"https:\/\/api.w.org\/{rel}","templated":true}]}}