{"id":104023,"date":"2026-03-06T09:35:20","date_gmt":"2026-03-06T09:35:20","guid":{"rendered":"https:\/\/e.kosmolat.eu\/product\/claire-collagen-active-pro-dienas-kr-55-visiem-ad-tip-50-ml\/"},"modified":"2026-04-24T06:19:21","modified_gmt":"2026-04-24T06:19:21","slug":"claire-collagen-active-pro-dienas-kr-55-visiem-ad-tip-50-ml","status":"publish","type":"product","link":"https:\/\/e.kosmolat.eu\/lt\/produktas\/claire-collagen-active-pro-dienas-kr-55-visiem-ad-tip-50-ml\/","title":{"rendered":"\u0421LAIRE Collagen Active Pro Dieninis kremas 55+ visu tipu odai, 50 ml"},"content":{"rendered":"<p>Suma\u017eina rauk\u0161les. Giliai dr\u0117kina ir maitina. Stangrina veido kont\u016br\u0105. <\/p>\n<p>Naudojimas: ryte tepkite krem\u0105 ant \u0161varios veido odos i\u0161ilgai masa\u017eo linij\u0173, taip pat kaklo ir dekolt\u0117 zon\u0105. Norint pasiekti maksimal\u0173 efekt\u0105, od\u0105 rekomenduojama i\u0161 anksto sudr\u0117kinti COLLAGEN ACTIVE PRO toniku. Kremas gali b\u016bti naudojamas kaip makia\u017eo pagrindas.<\/p>\n","protected":false},"excerpt":{"rendered":"<p>Suma\u017eina rauk\u0161les. Giliai dr\u0117kina ir maitina. Stangrina veido kont\u016br\u0105. Naudojimas: ryte tepkite krem\u0105 ant \u0161varios veido odos i\u0161ilgai masa\u017eo linij\u0173, taip pat kaklo ir dekolt\u0117 zon\u0105. Norint pasiekti maksimal\u0173 efekt\u0105, od\u0105 rekomenduojama i\u0161 anksto sudr\u0117kinti COLLAGEN ACTIVE PRO toniku. Kremas gali b\u016bti naudojamas kaip makia\u017eo pagrindas.<\/p>\n","protected":false},"featured_media":105000,"template":"","meta":[],"product_cat":[1322],"product_tag":[],"class_list":{"0":"post-104023","1":"product","2":"type-product","3":"status-publish","4":"has-post-thumbnail","6":"product_brand-private-label-lt","7":"product_cat-veido-kremai","9":"first","10":"instock","11":"taxable","12":"shipping-taxable","13":"product-type-simple"},"_links":{"self":[{"href":"https:\/\/e.kosmolat.eu\/lt\/wp-json\/wp\/v2\/product\/104023","targetHints":{"allow":["GET"]}}],"collection":[{"href":"https:\/\/e.kosmolat.eu\/lt\/wp-json\/wp\/v2\/product"}],"about":[{"href":"https:\/\/e.kosmolat.eu\/lt\/wp-json\/wp\/v2\/types\/product"}],"wp:featuredmedia":[{"embeddable":true,"href":"https:\/\/e.kosmolat.eu\/lt\/wp-json\/wp\/v2\/media\/105000"}],"wp:attachment":[{"href":"https:\/\/e.kosmolat.eu\/lt\/wp-json\/wp\/v2\/media?parent=104023"}],"wp:term":[{"taxonomy":"product_cat","embeddable":true,"href":"https:\/\/e.kosmolat.eu\/lt\/wp-json\/wp\/v2\/product_cat?post=104023"},{"taxonomy":"product_tag","embeddable":true,"href":"https:\/\/e.kosmolat.eu\/lt\/wp-json\/wp\/v2\/product_tag?post=104023"}],"curies":[{"name":"wp","href":"https:\/\/api.w.org\/{rel}","templated":true}]}}