{"id":104003,"date":"2026-03-05T10:36:20","date_gmt":"2026-03-05T10:36:20","guid":{"rendered":"https:\/\/e.kosmolat.eu\/product\/claire-collagen-active-pro-pienins-makijazas-nonemsanai-jebkura-tipa-adai-200-ml\/"},"modified":"2026-04-24T06:00:30","modified_gmt":"2026-04-24T06:00:30","slug":"claire-collagen-active-pro-pienins-makijazas-nonemsanai-jebkura-tipa-adai-200-ml","status":"publish","type":"product","link":"https:\/\/e.kosmolat.eu\/lt\/produktas\/claire-collagen-active-pro-pienins-makijazas-nonemsanai-jebkura-tipa-adai-200-ml\/","title":{"rendered":"CLAIRE Collagen Active Pro Pienelis makia\u017eo valymui, 200 ml"},"content":{"rendered":"<p>Suteikia matin\u012f efekt\u0105. Efektyviai dr\u0117kina, mink\u0161tina ir maitina od\u0105. Kolagenu praturtinta formul\u0117 \u0161velniai pa\u0161alina makia\u017e\u0105 ir susikaupusius ne\u0161varumus, nedirgindama odos. <\/p>\n<p>Naudojimas: U\u017etepkite pienelio ant vatos diskelio ir \u0161velniai pa\u0161alinkite makia\u017e\u0105 bei ne\u0161varumus.<\/p>\n","protected":false},"excerpt":{"rendered":"<p>Suteikia matin\u012f efekt\u0105. Efektyviai dr\u0117kina, mink\u0161tina ir maitina od\u0105. Kolagenu praturtinta formul\u0117 \u0161velniai pa\u0161alina makia\u017e\u0105 ir susikaupusius ne\u0161varumus, nedirgindama odos. Naudojimas: U\u017etepkite pienelio ant vatos diskelio ir \u0161velniai pa\u0161alinkite makia\u017e\u0105 bei ne\u0161varumus.<\/p>\n","protected":false},"featured_media":104972,"template":"","meta":[],"product_cat":[1678],"product_tag":[],"class_list":{"0":"post-104003","1":"product","2":"type-product","3":"status-publish","4":"has-post-thumbnail","6":"product_brand-private-label-lt","7":"product_cat-veido-prieziurai","9":"first","10":"instock","11":"taxable","12":"shipping-taxable","13":"product-type-simple"},"_links":{"self":[{"href":"https:\/\/e.kosmolat.eu\/lt\/wp-json\/wp\/v2\/product\/104003","targetHints":{"allow":["GET"]}}],"collection":[{"href":"https:\/\/e.kosmolat.eu\/lt\/wp-json\/wp\/v2\/product"}],"about":[{"href":"https:\/\/e.kosmolat.eu\/lt\/wp-json\/wp\/v2\/types\/product"}],"wp:featuredmedia":[{"embeddable":true,"href":"https:\/\/e.kosmolat.eu\/lt\/wp-json\/wp\/v2\/media\/104972"}],"wp:attachment":[{"href":"https:\/\/e.kosmolat.eu\/lt\/wp-json\/wp\/v2\/media?parent=104003"}],"wp:term":[{"taxonomy":"product_cat","embeddable":true,"href":"https:\/\/e.kosmolat.eu\/lt\/wp-json\/wp\/v2\/product_cat?post=104003"},{"taxonomy":"product_tag","embeddable":true,"href":"https:\/\/e.kosmolat.eu\/lt\/wp-json\/wp\/v2\/product_tag?post=104003"}],"curies":[{"name":"wp","href":"https:\/\/api.w.org\/{rel}","templated":true}]}}