{"id":103999,"date":"2026-03-05T10:36:06","date_gmt":"2026-03-05T10:36:06","guid":{"rendered":"https:\/\/e.kosmolat.eu\/product\/claire-collagen-active-pro-mitrinoss-toniks-200-ml-2\/"},"modified":"2026-04-24T06:00:16","modified_gmt":"2026-04-24T06:00:16","slug":"claire-collagen-active-pro-mitrinoss-toniks-200-ml-2","status":"publish","type":"product","link":"https:\/\/e.kosmolat.eu\/lt\/produktas\/claire-collagen-active-pro-mitrinoss-toniks-200-ml-2\/","title":{"rendered":"CLAIRE Collagen Active Pro Drekinantis tonikas, 200 ml"},"content":{"rendered":"<p>Tonizuoja od\u0105. I\u0161lygina mikroreljef\u0105. Intensyviai dr\u0117kina. Atkuria pH balans\u0105. U\u017ebaigia valymo faz\u0119 ir gerai pri\u017ei\u016bri j\u016bs\u0173 od\u0105, paruo\u0161damas j\u0105 pagrindinei prie\u017ei\u016brai. <\/p>\n<p>Naudojimas: sudr\u0117kinkite vatos diskel\u012f toniku ir nuvalykite veido ir kaklo od\u0105, prie\u0161 tai nuvalyt\u0105 prausimui skirtu geliu-putomis.<\/p>\n","protected":false},"excerpt":{"rendered":"<p>Tonizuoja od\u0105. I\u0161lygina mikroreljef\u0105. Intensyviai dr\u0117kina. Atkuria pH balans\u0105. U\u017ebaigia valymo faz\u0119 ir gerai pri\u017ei\u016bri j\u016bs\u0173 od\u0105, paruo\u0161damas j\u0105 pagrindinei prie\u017ei\u016brai. Naudojimas: sudr\u0117kinkite vatos diskel\u012f toniku ir nuvalykite veido ir kaklo od\u0105, prie\u0161 tai nuvalyt\u0105 prausimui skirtu geliu-putomis.<\/p>\n","protected":false},"featured_media":104968,"template":"","meta":[],"product_cat":[1678],"product_tag":[],"class_list":{"0":"post-103999","1":"product","2":"type-product","3":"status-publish","4":"has-post-thumbnail","6":"product_brand-private-label-lt","7":"product_cat-veido-prieziurai","9":"first","10":"instock","11":"taxable","12":"shipping-taxable","13":"product-type-simple"},"_links":{"self":[{"href":"https:\/\/e.kosmolat.eu\/lt\/wp-json\/wp\/v2\/product\/103999","targetHints":{"allow":["GET"]}}],"collection":[{"href":"https:\/\/e.kosmolat.eu\/lt\/wp-json\/wp\/v2\/product"}],"about":[{"href":"https:\/\/e.kosmolat.eu\/lt\/wp-json\/wp\/v2\/types\/product"}],"wp:featuredmedia":[{"embeddable":true,"href":"https:\/\/e.kosmolat.eu\/lt\/wp-json\/wp\/v2\/media\/104968"}],"wp:attachment":[{"href":"https:\/\/e.kosmolat.eu\/lt\/wp-json\/wp\/v2\/media?parent=103999"}],"wp:term":[{"taxonomy":"product_cat","embeddable":true,"href":"https:\/\/e.kosmolat.eu\/lt\/wp-json\/wp\/v2\/product_cat?post=103999"},{"taxonomy":"product_tag","embeddable":true,"href":"https:\/\/e.kosmolat.eu\/lt\/wp-json\/wp\/v2\/product_tag?post=103999"}],"curies":[{"name":"wp","href":"https:\/\/api.w.org\/{rel}","templated":true}]}}