{"id":103990,"date":"2026-03-03T13:21:46","date_gmt":"2026-03-03T13:21:46","guid":{"rendered":"https:\/\/e.kosmolat.eu\/product\/famirel-wonder-nature-kerm-kr-naves-juras-dunas-180-ml\/"},"modified":"2026-04-22T12:57:29","modified_gmt":"2026-04-22T12:57:29","slug":"famirel-wonder-nature-kerm-kr-naves-juras-dunas-180-ml","status":"publish","type":"product","link":"https:\/\/e.kosmolat.eu\/lt\/produktas\/famirel-wonder-nature-kerm-kr-naves-juras-dunas-180-ml\/","title":{"rendered":"FAMIREL Wonder Nature Negyvosios j\u016bros purvo regeneruojamasis k\u016bno kremas, 180 ml"},"content":{"rendered":"<p>Palepinkite savo od\u0105 sodria \u201eWonder Nature\u201c dr\u0117kinam\u0105ja galia kremu su Negyvosios j\u016bros purvu. Praturtintas Negyvosios j\u016bros mineraliniu purvu ir maitinamaisiais botaniniais ingredientais, \u0161is aksominis kremas giliai dr\u0117kina ir atkuria saus\u0105 od\u0105, palikdamas j\u0105 nenugalimai \u0161velni\u0105, lygi\u0105 ir spindin\u010di\u0105.<\/p>\n<p>Naudojimas: Gausiai tepkite ant \u0161varios, sausos odos. \u0160velniai masa\u017euokite, kol visi\u0161kai \u012fsigers. Geriausiems rezultatams pasiekti naudokite kasdien.<\/p>\n<p>Atsargumo priemon\u0117s: Naudokite pagal instrukcijas.<\/p>\n<p>Nenuryti. Venkite patekimo \u012f akis. Laikyti vaikams nepasiekiamoje vietoje. Nenaudokite, jei esate jautrus bet kuriai i\u0161 sudedam\u0173j\u0173 dali\u0173. Jei atsiranda dirginimas, nedelsdami nutraukite naudojim\u0105.<\/p>\n","protected":false},"excerpt":{"rendered":"<p>Palepinkite savo od\u0105 sodria \u201eWonder Nature\u201c dr\u0117kinam\u0105ja galia kremu su Negyvosios j\u016bros purvu. Praturtintas Negyvosios j\u016bros mineraliniu purvu ir maitinamaisiais botaniniais ingredientais, \u0161is aksominis kremas giliai dr\u0117kina ir atkuria saus\u0105 od\u0105, palikdamas j\u0105 nenugalimai \u0161velni\u0105, lygi\u0105 ir spindin\u010di\u0105. Naudojimas: Gausiai tepkite ant \u0161varios, sausos odos. \u0160velniai masa\u017euokite, kol visi\u0161kai \u012fsigers. Geriausiems rezultatams pasiekti naudokite kasdien. [&#8230;]\n","protected":false},"featured_media":104500,"template":"","meta":[],"product_cat":[1390],"product_tag":[],"class_list":{"0":"post-103990","1":"product","2":"type-product","3":"status-publish","4":"has-post-thumbnail","6":"product_brand-famirel-il-lt","7":"product_cat-kremai-aliejai-kuno-pienelis","9":"first","10":"instock","11":"taxable","12":"shipping-taxable","13":"product-type-simple"},"_links":{"self":[{"href":"https:\/\/e.kosmolat.eu\/lt\/wp-json\/wp\/v2\/product\/103990","targetHints":{"allow":["GET"]}}],"collection":[{"href":"https:\/\/e.kosmolat.eu\/lt\/wp-json\/wp\/v2\/product"}],"about":[{"href":"https:\/\/e.kosmolat.eu\/lt\/wp-json\/wp\/v2\/types\/product"}],"wp:featuredmedia":[{"embeddable":true,"href":"https:\/\/e.kosmolat.eu\/lt\/wp-json\/wp\/v2\/media\/104500"}],"wp:attachment":[{"href":"https:\/\/e.kosmolat.eu\/lt\/wp-json\/wp\/v2\/media?parent=103990"}],"wp:term":[{"taxonomy":"product_cat","embeddable":true,"href":"https:\/\/e.kosmolat.eu\/lt\/wp-json\/wp\/v2\/product_cat?post=103990"},{"taxonomy":"product_tag","embeddable":true,"href":"https:\/\/e.kosmolat.eu\/lt\/wp-json\/wp\/v2\/product_tag?post=103990"}],"curies":[{"name":"wp","href":"https:\/\/api.w.org\/{rel}","templated":true}]}}