{"id":103982,"date":"2026-03-03T13:21:19","date_gmt":"2026-03-03T13:21:19","guid":{"rendered":"https:\/\/e.kosmolat.eu\/product\/famirel-wonder-nature-kerm-krems-alveja-180-ml\/"},"modified":"2026-04-22T12:57:00","modified_gmt":"2026-04-22T12:57:00","slug":"famirel-wonder-nature-kerm-krems-alveja-180-ml","status":"publish","type":"product","link":"https:\/\/e.kosmolat.eu\/lt\/produktas\/famirel-wonder-nature-kerm-krems-alveja-180-ml\/","title":{"rendered":"Famirel Wonder Nature gaivinantis daugiafunkcis k\u016bno kremas su alavijais, 180 ml"},"content":{"rendered":"<p>\u0160is daugiafunkcis kremas, praturtintas alavij\u0173 ekstraktu, \u0161velniai pri\u017ei\u016bri saus\u0105 od\u0105. Idealiai tinka kasdieniam naudojimui, jis giliai dr\u0117kina, ramina paraudimus ir padeda atkurti nat\u016bral\u0173 odos mink\u0161tum\u0105 bei pusiausvyr\u0105.<\/p>\n<p>Naudojimas: Gausiai tepkite ant \u0161varios, sausos odos. \u0160velniai masa\u017euokite, kol visi\u0161kai \u012fsigers. Geriausiems rezultatams pasiekti naudokite kasdien.<\/p>\n<p>Atsargumo priemon\u0117s: Naudokite pagal instrukcijas.<\/p>\n<p>Nenuryti. Venkite patekimo \u012f akis. Laikyti vaikams nepasiekiamoje vietoje. Nenaudokite, jei esate jautrus bet kuriai i\u0161 sudedam\u0173j\u0173 dali\u0173. Jei atsiranda dirginimas, nedelsdami nutraukite naudojim\u0105.<\/p>\n","protected":false},"excerpt":{"rendered":"<p>\u0160is daugiafunkcis kremas, praturtintas alavij\u0173 ekstraktu, \u0161velniai pri\u017ei\u016bri saus\u0105 od\u0105. Idealiai tinka kasdieniam naudojimui, jis giliai dr\u0117kina, ramina paraudimus ir padeda atkurti nat\u016bral\u0173 odos mink\u0161tum\u0105 bei pusiausvyr\u0105. Naudojimas: Gausiai tepkite ant \u0161varios, sausos odos. \u0160velniai masa\u017euokite, kol visi\u0161kai \u012fsigers. Geriausiems rezultatams pasiekti naudokite kasdien. Atsargumo priemon\u0117s: Naudokite pagal instrukcijas. Nenuryti. Venkite patekimo \u012f akis. Laikyti [&#8230;]\n","protected":false},"featured_media":105076,"template":"","meta":[],"product_cat":[1390],"product_tag":[],"class_list":{"0":"post-103982","1":"product","2":"type-product","3":"status-publish","4":"has-post-thumbnail","6":"product_brand-famirel-il-lt","7":"product_cat-kremai-aliejai-kuno-pienelis","9":"first","10":"instock","11":"taxable","12":"shipping-taxable","13":"product-type-simple"},"_links":{"self":[{"href":"https:\/\/e.kosmolat.eu\/lt\/wp-json\/wp\/v2\/product\/103982","targetHints":{"allow":["GET"]}}],"collection":[{"href":"https:\/\/e.kosmolat.eu\/lt\/wp-json\/wp\/v2\/product"}],"about":[{"href":"https:\/\/e.kosmolat.eu\/lt\/wp-json\/wp\/v2\/types\/product"}],"wp:featuredmedia":[{"embeddable":true,"href":"https:\/\/e.kosmolat.eu\/lt\/wp-json\/wp\/v2\/media\/105076"}],"wp:attachment":[{"href":"https:\/\/e.kosmolat.eu\/lt\/wp-json\/wp\/v2\/media?parent=103982"}],"wp:term":[{"taxonomy":"product_cat","embeddable":true,"href":"https:\/\/e.kosmolat.eu\/lt\/wp-json\/wp\/v2\/product_cat?post=103982"},{"taxonomy":"product_tag","embeddable":true,"href":"https:\/\/e.kosmolat.eu\/lt\/wp-json\/wp\/v2\/product_tag?post=103982"}],"curies":[{"name":"wp","href":"https:\/\/api.w.org\/{rel}","templated":true}]}}