{"id":103886,"date":"2026-02-12T17:20:37","date_gmt":"2026-02-12T17:20:37","guid":{"rendered":"https:\/\/e.kosmolat.eu\/product\/after-shave-gentle-cream-for-men-100ml\/"},"modified":"2026-03-31T21:51:38","modified_gmt":"2026-03-31T21:51:38","slug":"famirel-krems-pec-skusanas-100-ml","status":"publish","type":"product","link":"https:\/\/e.kosmolat.eu\/lt\/produktas\/famirel-krems-pec-skusanas-100-ml\/","title":{"rendered":"Famirel kremas po skutimosi, 100 ml"},"content":{"rendered":"<p>\u0160is \u0161velnios formul\u0117s ir ilgai i\u0161liekan\u010dio, gaivinan\u010dio kvapo kremas po skutimosi sud\u0117tyje turi botanini\u0173 aliej\u0173, kurie mink\u0161tina ir maitina od\u0105. Ramun\u0117li\u0173, alavij\u0173 ir agurk\u0173 botaniniai ekstraktai padeda nuraminti od\u0105 ir i\u0161vengti paraudimo po skutimosi. Lengva tekst\u016bra greitai \u012fsigeria, tod\u0117l oda tampa mink\u0161ta, lygi ir gaivi. Gaivus \u2013 tobulas akcentas po skutimosi.<\/p>\n<p>Naudojimo instrukcijos:<br \/>\nU\u017etepkite ir \u012fmasa\u017euokite \u012f od\u0105, kol visi\u0161kai \u012fsigers.<\/p>\n<p>Atsargumo priemon\u0117s<br \/>\n\u2022 Naudokite pagal instrukcijas.<br \/>\n\u2022 Nenurykite.<br \/>\n\u2022 Venkite patekimo \u012f akis.<br \/>\n\u2022 Laikyti vaikams nepasiekiamoje vietoje.<br \/>\n\u2022 Nenaudokite \u0161io produkto, jei netoleruojate kurios nors i\u0161 sudedam\u0173j\u0173 dali\u0173.<br \/>\nJei atsiranda dirginimas, nedelsdami nutraukite naudojim\u0105.<\/p>\n","protected":false},"excerpt":{"rendered":"<p>\u0160is \u0161velnios formul\u0117s ir ilgai i\u0161liekan\u010dio, gaivinan\u010dio kvapo kremas po skutimosi sud\u0117tyje turi botanini\u0173 aliej\u0173, kurie mink\u0161tina ir maitina od\u0105. Ramun\u0117li\u0173, alavij\u0173 ir agurk\u0173 botaniniai ekstraktai padeda nuraminti od\u0105 ir i\u0161vengti paraudimo po skutimosi. Lengva tekst\u016bra greitai \u012fsigeria, tod\u0117l oda tampa mink\u0161ta, lygi ir gaivi. Gaivus \u2013 tobulas akcentas po skutimosi. Naudojimo instrukcijos: U\u017etepkite ir [&#8230;]\n","protected":false},"featured_media":104516,"template":"","meta":[],"product_cat":[1682],"product_tag":[],"class_list":{"0":"post-103886","1":"product","2":"type-product","3":"status-publish","4":"has-post-thumbnail","6":"product_brand-famirel-il-lt","7":"product_cat-kosmetika-skutimuisi","9":"first","10":"outofstock","11":"taxable","12":"shipping-taxable","13":"product-type-simple"},"_links":{"self":[{"href":"https:\/\/e.kosmolat.eu\/lt\/wp-json\/wp\/v2\/product\/103886","targetHints":{"allow":["GET"]}}],"collection":[{"href":"https:\/\/e.kosmolat.eu\/lt\/wp-json\/wp\/v2\/product"}],"about":[{"href":"https:\/\/e.kosmolat.eu\/lt\/wp-json\/wp\/v2\/types\/product"}],"wp:featuredmedia":[{"embeddable":true,"href":"https:\/\/e.kosmolat.eu\/lt\/wp-json\/wp\/v2\/media\/104516"}],"wp:attachment":[{"href":"https:\/\/e.kosmolat.eu\/lt\/wp-json\/wp\/v2\/media?parent=103886"}],"wp:term":[{"taxonomy":"product_cat","embeddable":true,"href":"https:\/\/e.kosmolat.eu\/lt\/wp-json\/wp\/v2\/product_cat?post=103886"},{"taxonomy":"product_tag","embeddable":true,"href":"https:\/\/e.kosmolat.eu\/lt\/wp-json\/wp\/v2\/product_tag?post=103886"}],"curies":[{"name":"wp","href":"https:\/\/api.w.org\/{rel}","templated":true}]}}