{"id":103880,"date":"2026-02-11T18:50:51","date_gmt":"2026-02-11T18:50:51","guid":{"rendered":"https:\/\/e.kosmolat.eu\/?post_type=product&#038;p=103880"},"modified":"2026-03-30T04:07:25","modified_gmt":"2026-03-30T04:07:25","slug":"famirel-3-in-1-dusas-zeleja-viriesiem-spicy-lemon-500-ml","status":"publish","type":"product","link":"https:\/\/e.kosmolat.eu\/lt\/produktas\/famirel-3-in-1-dusas-zeleja-viriesiem-spicy-lemon-500-ml\/","title":{"rendered":"FAMIREL 3 in1 du\u0161o gelis vyrams A\u0161tri citrina, 500 ml"},"content":{"rendered":"<p>Sukurtas valyti, dr\u0117kinti ir atgaivinti, jis idealiai tinka k\u016bnui, veidui ir plaukams. Gaivinantis kvapas pa\u017eadina jausmingum\u0105, o \u0161velni, bet veiksminga formul\u0117 palieka od\u0105 lygi\u0105, plaukus \u0161varius ir suteikia energijos.<\/p>\n<p>\u0160is universalus produktas puikiai tinka kasdieniam naudojimui, universalus produktas si\u016blo patogum\u0105 be kompromis\u0173.<\/p>\n<p>Naudojimas:<br \/>\nSu\u0161lapinkite od\u0105 ir plaukus \u0161iltu vandeniu. U\u017etepkite reikiam\u0105 kiek\u012f du\u0161o gelio ant rank\u0173 arba rank\u0161luos\u010dio. \u0160velniai masa\u017euokite k\u016bn\u0105, veid\u0105 ir plaukus, kol susidarys tir\u0161tos putos. Kruop\u0161\u010diai nuplaukite vandeniu. Tinka naudoti kasdien.<br \/>\nAtsargumo priemon\u0117s<br \/>\n\u2022 Naudokite pagal naudojimo instrukcij\u0105.<br \/>\n\u2022 Nenurykite.<br \/>\n\u2022 Venkite patekimo \u012f akis.<br \/>\n\u2022 Laikyti vaikams nepasiekiamoje vietoje.<br \/>\n\u2022 Nenaudokite, jei netoleruojate kurios nors i\u0161 sudedam\u0173j\u0173 dali\u0173.<br \/>\nJei atsiranda dirginimas, nedelsdami nutraukite naudojim\u0105.<\/p>\n","protected":false},"excerpt":{"rendered":"<p>Sukurtas valyti, dr\u0117kinti ir atgaivinti, jis idealiai tinka k\u016bnui, veidui ir plaukams. Gaivinantis kvapas pa\u017eadina jausmingum\u0105, o \u0161velni, bet veiksminga formul\u0117 palieka od\u0105 lygi\u0105, plaukus \u0161varius ir suteikia energijos. \u0160is universalus produktas puikiai tinka kasdieniam naudojimui, universalus produktas si\u016blo patogum\u0105 be kompromis\u0173. Naudojimas: Su\u0161lapinkite od\u0105 ir plaukus \u0161iltu vandeniu. U\u017etepkite reikiam\u0105 kiek\u012f du\u0161o gelio ant [&#8230;]\n","protected":false},"featured_media":0,"template":"","meta":[],"product_cat":[1688],"product_tag":[],"class_list":{"0":"post-103880","1":"product","2":"type-product","3":"status-publish","5":"product_brand-famirel-il-lt","6":"product_cat-plauku-prieziura-vyrams-2","8":"first","9":"outofstock","10":"taxable","11":"shipping-taxable","12":"product-type-simple"},"_links":{"self":[{"href":"https:\/\/e.kosmolat.eu\/lt\/wp-json\/wp\/v2\/product\/103880","targetHints":{"allow":["GET"]}}],"collection":[{"href":"https:\/\/e.kosmolat.eu\/lt\/wp-json\/wp\/v2\/product"}],"about":[{"href":"https:\/\/e.kosmolat.eu\/lt\/wp-json\/wp\/v2\/types\/product"}],"wp:attachment":[{"href":"https:\/\/e.kosmolat.eu\/lt\/wp-json\/wp\/v2\/media?parent=103880"}],"wp:term":[{"taxonomy":"product_cat","embeddable":true,"href":"https:\/\/e.kosmolat.eu\/lt\/wp-json\/wp\/v2\/product_cat?post=103880"},{"taxonomy":"product_tag","embeddable":true,"href":"https:\/\/e.kosmolat.eu\/lt\/wp-json\/wp\/v2\/product_tag?post=103880"}],"curies":[{"name":"wp","href":"https:\/\/api.w.org\/{rel}","templated":true}]}}