{"id":103876,"date":"2026-02-11T18:35:54","date_gmt":"2026-02-11T18:35:54","guid":{"rendered":"https:\/\/e.kosmolat.eu\/?post_type=product&#038;p=103876"},"modified":"2026-03-31T21:51:11","modified_gmt":"2026-03-31T21:51:11","slug":"famirel-dead-sea-bardas-ellas-serums-30-ml","status":"publish","type":"product","link":"https:\/\/e.kosmolat.eu\/lt\/produktas\/famirel-dead-sea-bardas-ellas-serums-30-ml\/","title":{"rendered":"FAMIREL Barzdos aliejus -serumas, 30 ml"},"content":{"rendered":"<p>\u0160is auk\u0161\u010diausios kokyb\u0117s barzdos serumas dr\u0117kina ir mink\u0161tina, skatina sveik\u0105 augim\u0105, ramina od\u0105 ir apsaugo nuo nie\u017eulio.<br \/>\nSud\u0117tyje yra marul\u0173 aliejaus giliam dr\u0117kinimui, imbier\u0173 ekstrakto augimui skatinti, pipirm\u0117\u010di\u0173 ekstrakto gaivinan\u010diam v\u0117sinan\u010diam poveikiui ir vitamino E, kuris apsaugo ir stiprina. Lengvas, neriebus ir puikiai tinka kasdieniam naudojimui \u2013 nes j\u016bs\u0173 barzda nusipelno geriausio!<\/p>\n<p>Naudojimas:<br \/>\nU\u017ela\u0161inkite 3\u20135 la\u0161us ant deln\u0173 ir \u012fmasa\u017euokite \u012f barzd\u0105 ir od\u0105. Geriausiems rezultatams pasiekti naudokite kasdien.<\/p>\n<p>Atsargumo priemon\u0117s<br \/>\n\u2022 Naudokite pagal nurodymus. \u017dr. naudojimo instrukcijas.<br \/>\n\u2022 Nenurykite.<br \/>\n\u2022 Venkite patekimo \u012f akis.<br \/>\n\u2022 Laikyti vaikams nepasiekiamoje vietoje.<br \/>\n\u2022 Nenaudokite, jei netoleruojate kurios nors i\u0161 sudedam\u0173j\u0173 dali\u0173.<br \/>\nJei atsiranda dirginimas, nedelsdami nutraukite naudojim\u0105.<\/p>\n","protected":false},"excerpt":{"rendered":"<p>\u0160is auk\u0161\u010diausios kokyb\u0117s barzdos serumas dr\u0117kina ir mink\u0161tina, skatina sveik\u0105 augim\u0105, ramina od\u0105 ir apsaugo nuo nie\u017eulio. Sud\u0117tyje yra marul\u0173 aliejaus giliam dr\u0117kinimui, imbier\u0173 ekstrakto augimui skatinti, pipirm\u0117\u010di\u0173 ekstrakto gaivinan\u010diam v\u0117sinan\u010diam poveikiui ir vitamino E, kuris apsaugo ir stiprina. Lengvas, neriebus ir puikiai tinka kasdieniam naudojimui \u2013 nes j\u016bs\u0173 barzda nusipelno geriausio! Naudojimas: U\u017ela\u0161inkite 3\u20135 [&#8230;]\n","protected":false},"featured_media":104508,"template":"","meta":[],"product_cat":[1678],"product_tag":[],"class_list":{"0":"post-103876","1":"product","2":"type-product","3":"status-publish","4":"has-post-thumbnail","6":"product_brand-famirel-il-lt","7":"product_cat-veido-prieziurai","9":"first","10":"outofstock","11":"taxable","12":"shipping-taxable","13":"product-type-simple"},"_links":{"self":[{"href":"https:\/\/e.kosmolat.eu\/lt\/wp-json\/wp\/v2\/product\/103876","targetHints":{"allow":["GET"]}}],"collection":[{"href":"https:\/\/e.kosmolat.eu\/lt\/wp-json\/wp\/v2\/product"}],"about":[{"href":"https:\/\/e.kosmolat.eu\/lt\/wp-json\/wp\/v2\/types\/product"}],"wp:featuredmedia":[{"embeddable":true,"href":"https:\/\/e.kosmolat.eu\/lt\/wp-json\/wp\/v2\/media\/104508"}],"wp:attachment":[{"href":"https:\/\/e.kosmolat.eu\/lt\/wp-json\/wp\/v2\/media?parent=103876"}],"wp:term":[{"taxonomy":"product_cat","embeddable":true,"href":"https:\/\/e.kosmolat.eu\/lt\/wp-json\/wp\/v2\/product_cat?post=103876"},{"taxonomy":"product_tag","embeddable":true,"href":"https:\/\/e.kosmolat.eu\/lt\/wp-json\/wp\/v2\/product_tag?post=103876"}],"curies":[{"name":"wp","href":"https:\/\/api.w.org\/{rel}","templated":true}]}}