{"id":103868,"date":"2026-02-11T18:20:55","date_gmt":"2026-02-11T18:20:55","guid":{"rendered":"https:\/\/e.kosmolat.eu\/?post_type=product&#038;p=103868"},"modified":"2026-04-07T10:52:34","modified_gmt":"2026-04-07T10:52:34","slug":"famirel-dead-sea-attir-zeleja-sejai-un-bardai-150-ml","status":"publish","type":"product","link":"https:\/\/e.kosmolat.eu\/lt\/produktas\/famirel-dead-sea-attir-zeleja-sejai-un-bardai-150-ml\/","title":{"rendered":"FAMIREL Dead Sea veido ir barzdos prausimo gelis, 150 ml"},"content":{"rendered":"<p>Imbier\u0173 ir laim\u0173 prausimosi gelis veidui ir barzdai giliai valo ir pa\u0161alina ne\u0161varumus, gaivina ir tonizuoja od\u0105, apsaugo nuo i\u0161saus\u0117jimo ir sudirginimo. Idealiai tinka kasdieniam naudojimui.<br \/>\nSud\u0117tyje yra imbier\u0173 ekstrakto, kuris valo ir atkuria od\u0105, ir laim\u0173 ekstrakto, kuris gaivina ir suteikia energijos. \u0160i \u0161velni, bet veiksminga formul\u0117 pa\u0161alina ne\u0161varumus, riebal\u0173 pertekli\u0173 nesausindama odos, tod\u0117l j\u016bs\u0173 veidas ir barzda tampa \u0161var\u016bs, gaiv\u016bs ir sudr\u0117kinti.<\/p>\n<p>Naudojimas:<br \/>\nNedidel\u012f kiek\u012f u\u017etepkite ant dr\u0117gnos odos ir barzdos. \u0160velniai \u012fmasa\u017euokite, tada kruop\u0161\u010diai nuplaukite vandeniu. Geriausiems rezultatams pasiekti naudokite ryt\u0105 ir vakare.<\/p>\n<p>Atsargumo priemon\u0117s<br \/>\n\u2022 Naudokite pagal naudojimo instrukcij\u0105.<br \/>\n\u2022 Nenurykite.<br \/>\n\u2022 Venkite patekimo \u012f akis.<br \/>\n\u2022 Laikyti vaikams nepasiekiamoje vietoje.<br \/>\n\u2022 Nenaudokite, jei netoleruojate kurios nors i\u0161 sudedam\u0173j\u0173 dali\u0173.<br \/>\nJei atsirado sudirgimas nustokite naudoti.<\/p>\n","protected":false},"excerpt":{"rendered":"<p>Imbier\u0173 ir laim\u0173 prausimosi gelis veidui ir barzdai giliai valo ir pa\u0161alina ne\u0161varumus, gaivina ir tonizuoja od\u0105, apsaugo nuo i\u0161saus\u0117jimo ir sudirginimo. Idealiai tinka kasdieniam naudojimui. Sud\u0117tyje yra imbier\u0173 ekstrakto, kuris valo ir atkuria od\u0105, ir laim\u0173 ekstrakto, kuris gaivina ir suteikia energijos. \u0160i \u0161velni, bet veiksminga formul\u0117 pa\u0161alina ne\u0161varumus, riebal\u0173 pertekli\u0173 nesausindama odos, tod\u0117l [&#8230;]\n","protected":false},"featured_media":104512,"template":"","meta":[],"product_cat":[1678],"product_tag":[],"class_list":{"0":"post-103868","1":"product","2":"type-product","3":"status-publish","4":"has-post-thumbnail","6":"product_brand-famirel-il-lt","7":"product_cat-veido-prieziurai","9":"first","10":"outofstock","11":"taxable","12":"shipping-taxable","13":"product-type-simple"},"_links":{"self":[{"href":"https:\/\/e.kosmolat.eu\/lt\/wp-json\/wp\/v2\/product\/103868","targetHints":{"allow":["GET"]}}],"collection":[{"href":"https:\/\/e.kosmolat.eu\/lt\/wp-json\/wp\/v2\/product"}],"about":[{"href":"https:\/\/e.kosmolat.eu\/lt\/wp-json\/wp\/v2\/types\/product"}],"wp:featuredmedia":[{"embeddable":true,"href":"https:\/\/e.kosmolat.eu\/lt\/wp-json\/wp\/v2\/media\/104512"}],"wp:attachment":[{"href":"https:\/\/e.kosmolat.eu\/lt\/wp-json\/wp\/v2\/media?parent=103868"}],"wp:term":[{"taxonomy":"product_cat","embeddable":true,"href":"https:\/\/e.kosmolat.eu\/lt\/wp-json\/wp\/v2\/product_cat?post=103868"},{"taxonomy":"product_tag","embeddable":true,"href":"https:\/\/e.kosmolat.eu\/lt\/wp-json\/wp\/v2\/product_tag?post=103868"}],"curies":[{"name":"wp","href":"https:\/\/api.w.org\/{rel}","templated":true}]}}