{"id":103864,"date":"2026-02-11T18:20:41","date_gmt":"2026-02-11T18:20:41","guid":{"rendered":"https:\/\/e.kosmolat.eu\/?post_type=product&#038;p=103864"},"modified":"2026-04-07T10:52:46","modified_gmt":"2026-04-07T10:52:46","slug":"shaving-cream-for-men-150ml","status":"publish","type":"product","link":"https:\/\/e.kosmolat.eu\/lt\/produktas\/shaving-cream-for-men-150ml\/","title":{"rendered":"FAMIREL skutimosi kremas Dunaliella ir Calendula, 150 ml"},"content":{"rendered":"<p>\u0160is ypa\u010d \u0161velnus skutimosi kremas padeda i\u0161vengti odos sudirginimo ir nuramina paraudimus.<\/p>\n<p>Jis sumink\u0161tina barzdos \u0161erius ir lengvai slysta oda, pad\u0117damas i\u0161vengti sudirginimo skutimosi metu. Prabangus ingredient\u0173 mi\u0161inys, sudarytas i\u0161 Dunaliella dumbli\u0173, medetk\u0173 ir alyvuogi\u0173 aliejaus, kurie maitina ir mink\u0161tina od\u0105, o ramun\u0117li\u0173, agurk\u0173 ir alavij\u0173 ekstraktai ramina paraudimus ir sudirginimus.<\/p>\n<p>Naudojimas:<br \/>\nSu\u0161lapinkite veid\u0105 \u0161iltu vandeniu. U\u017etepkite nedidel\u012f kiek\u012f kremo ant pir\u0161t\u0173 ir masa\u017euokite prie\u0161inga barzdos augimo kryptimi, kol barzda bus visi\u0161kai padengta. Kremas neputoja.<\/p>\n<p>Atsargumo priemon\u0117s.<br \/>\n\u2022 Naudokite pagal naudojimo instrukcijas.<br \/>\n\u2022 Nenurykite.<br \/>\n\u2022 Venkite patekimo \u012f akis.<br \/>\n\u2022 Laikyti vaikams nepasiekiamoje vietoje.<br \/>\n\u2022 Nenaudokite, jei netoleruojate kurios nors i\u0161 sudedam\u0173j\u0173 dali\u0173.<br \/>\nJei atsiranda dirginimas, nedelsdami nutraukite naudojim\u0105.<\/p>\n","protected":false},"excerpt":{"rendered":"<p>\u0160is ypa\u010d \u0161velnus skutimosi kremas padeda i\u0161vengti odos sudirginimo ir nuramina paraudimus. Jis sumink\u0161tina barzdos \u0161erius ir lengvai slysta oda, pad\u0117damas i\u0161vengti sudirginimo skutimosi metu. Prabangus ingredient\u0173 mi\u0161inys, sudarytas i\u0161 Dunaliella dumbli\u0173, medetk\u0173 ir alyvuogi\u0173 aliejaus, kurie maitina ir mink\u0161tina od\u0105, o ramun\u0117li\u0173, agurk\u0173 ir alavij\u0173 ekstraktai ramina paraudimus ir sudirginimus. Naudojimas: Su\u0161lapinkite veid\u0105 \u0161iltu [&#8230;]\n","protected":false},"featured_media":104520,"template":"","meta":[],"product_cat":[1678],"product_tag":[],"class_list":{"0":"post-103864","1":"product","2":"type-product","3":"status-publish","4":"has-post-thumbnail","6":"product_brand-famirel-il-lt","7":"product_cat-veido-prieziurai","9":"first","10":"outofstock","11":"taxable","12":"shipping-taxable","13":"product-type-simple"},"_links":{"self":[{"href":"https:\/\/e.kosmolat.eu\/lt\/wp-json\/wp\/v2\/product\/103864","targetHints":{"allow":["GET"]}}],"collection":[{"href":"https:\/\/e.kosmolat.eu\/lt\/wp-json\/wp\/v2\/product"}],"about":[{"href":"https:\/\/e.kosmolat.eu\/lt\/wp-json\/wp\/v2\/types\/product"}],"wp:featuredmedia":[{"embeddable":true,"href":"https:\/\/e.kosmolat.eu\/lt\/wp-json\/wp\/v2\/media\/104520"}],"wp:attachment":[{"href":"https:\/\/e.kosmolat.eu\/lt\/wp-json\/wp\/v2\/media?parent=103864"}],"wp:term":[{"taxonomy":"product_cat","embeddable":true,"href":"https:\/\/e.kosmolat.eu\/lt\/wp-json\/wp\/v2\/product_cat?post=103864"},{"taxonomy":"product_tag","embeddable":true,"href":"https:\/\/e.kosmolat.eu\/lt\/wp-json\/wp\/v2\/product_tag?post=103864"}],"curies":[{"name":"wp","href":"https:\/\/api.w.org\/{rel}","templated":true}]}}