{"id":103858,"date":"2026-02-06T06:05:23","date_gmt":"2026-02-06T06:05:23","guid":{"rendered":"https:\/\/e.kosmolat.eu\/product\/zact-smeketaju-zobu-pasta-100-g\/"},"modified":"2026-04-01T06:07:13","modified_gmt":"2026-04-01T06:07:13","slug":"zact-smeketaju-zobu-pasta-100-g","status":"publish","type":"product","link":"https:\/\/e.kosmolat.eu\/lt\/produktas\/zact-smeketaju-zobu-pasta-100-g\/","title":{"rendered":"ZACT dant\u0173 pasta r\u016bkantiems, 100 g"},"content":{"rendered":"<p>\u201eZact\u201c dant\u0173 pasta r\u016bkantiems specialiai sukurta efektyviai ir saugiai pa\u0161alinti tabako d\u0117mes. Reguliariai naudojant, dantys tampa nat\u016braliai baltesni ir sveikesni.<\/p>\n<p>\u2022 Pa\u017eangi d\u0117mes \u0161alinanti formul\u0117 efektyviai pa\u0161alina tabako d\u0117mes.<br \/>\n\u2022 60 % efektyviau \u0161alina d\u0117mes nei \u012fprasta dant\u0173 pasta.<br \/>\n\u2022 Apsaugo nuo \u0117duonies ir apna\u0161\u0173 kaupimosi.<br \/>\n\u2022 Sveikesni dantys, gaivus burnos kvapas ir u\u017etikrinta \u0161ypsena.<br \/>\n\u2022 Saugu ir \u0161velnu kasdieniam naudojimui.<\/p>\n<p>\u012esp\u0117jimas: Sud\u0117tyje yra natrio monofluorofosfato. Vaikams iki 6 met\u0173: naudokite \u017eirnio dyd\u017eio dant\u0173 pastos kiek\u012f ir valykite dantis pri\u017ei\u016brint suaugusiajam, kad suma\u017eintum\u0117te prarijimo rizik\u0105. Jei naudojate kitus fluoro turin\u010dius produktus, pasitarkite su odontologu arba gydytoju. Po naudojimo sandariai u\u017edarykite t\u016bbel\u0119. Jei atsiranda dirginimas ar alergin\u0117s reakcijos, nutraukite vartojim\u0105.<\/p>\n","protected":false},"excerpt":{"rendered":"<p>\u201eZact\u201c dant\u0173 pasta r\u016bkantiems specialiai sukurta efektyviai ir saugiai pa\u0161alinti tabako d\u0117mes. Reguliariai naudojant, dantys tampa nat\u016braliai baltesni ir sveikesni. \u2022 Pa\u017eangi d\u0117mes \u0161alinanti formul\u0117 efektyviai pa\u0161alina tabako d\u0117mes. \u2022 60 % efektyviau \u0161alina d\u0117mes nei \u012fprasta dant\u0173 pasta. \u2022 Apsaugo nuo \u0117duonies ir apna\u0161\u0173 kaupimosi. \u2022 Sveikesni dantys, gaivus burnos kvapas ir u\u017etikrinta \u0161ypsena. [&#8230;]\n","protected":false},"featured_media":104912,"template":"","meta":[],"product_cat":[1308],"product_tag":[],"class_list":{"0":"post-103858","1":"product","2":"type-product","3":"status-publish","4":"has-post-thumbnail","6":"product_brand-replay_kr-lt","7":"product_cat-dantu-pastos-ir-geliai","9":"first","10":"instock","11":"taxable","12":"shipping-taxable","13":"product-type-simple"},"_links":{"self":[{"href":"https:\/\/e.kosmolat.eu\/lt\/wp-json\/wp\/v2\/product\/103858","targetHints":{"allow":["GET"]}}],"collection":[{"href":"https:\/\/e.kosmolat.eu\/lt\/wp-json\/wp\/v2\/product"}],"about":[{"href":"https:\/\/e.kosmolat.eu\/lt\/wp-json\/wp\/v2\/types\/product"}],"wp:featuredmedia":[{"embeddable":true,"href":"https:\/\/e.kosmolat.eu\/lt\/wp-json\/wp\/v2\/media\/104912"}],"wp:attachment":[{"href":"https:\/\/e.kosmolat.eu\/lt\/wp-json\/wp\/v2\/media?parent=103858"}],"wp:term":[{"taxonomy":"product_cat","embeddable":true,"href":"https:\/\/e.kosmolat.eu\/lt\/wp-json\/wp\/v2\/product_cat?post=103858"},{"taxonomy":"product_tag","embeddable":true,"href":"https:\/\/e.kosmolat.eu\/lt\/wp-json\/wp\/v2\/product_tag?post=103858"}],"curies":[{"name":"wp","href":"https:\/\/api.w.org\/{rel}","templated":true}]}}