{"id":103847,"date":"2026-02-03T06:05:37","date_gmt":"2026-02-03T06:05:37","guid":{"rendered":"https:\/\/e.kosmolat.eu\/product\/med-b-hyaluronic-acid-aud-sejas-maska-ar-hialuronsk-27-ml\/"},"modified":"2026-04-01T10:00:54","modified_gmt":"2026-04-01T10:00:54","slug":"med-b-hyaluronic-acid-aud-sejas-maska-ar-hialuronsk-27-ml","status":"publish","type":"product","link":"https:\/\/e.kosmolat.eu\/lt\/produktas\/med-b-hyaluronic-acid-aud-sejas-maska-ar-hialuronsk-27-ml\/","title":{"rendered":"MED B Hyaluronic Acid Aud. sejas maska ar hialuronsk., 27 ml"},"content":{"rendered":"<p>Pal\u012bdz kontrol\u0113t sebuma l\u012bdzsvaru un regul\u0113t keratiniz\u0101ciju. Maska cie\u0161i piegu\u013c \u0101dai, \u013caujot esencei labi uzs\u016bkties un padar\u012bt \u0101du dzidru.<\/p>\n<p>Hialuronsk\u0101be, kas paz\u012bstama k\u0101 dab\u012bgs mitrin\u0101t\u0101js, pal\u012bdz mitrin\u0101t \u0101du un uztur\u0113t mitruma l\u012bdzsvaru. Hipoaler\u0123isk\u0101 celulozes maska cie\u0161i piegu\u013c \u0101dai un ir piem\u0113rota ar\u012b jut\u012bgai \u0101dai.<\/p>\n<p>Lieto\u0161ana:<br \/>\n1. P\u0113c sejas mazg\u0101\u0161anas no\u0146emiet mitrumu un not\u012briet \u0101du ar kosm\u0113tikas \u016bdeni.<br \/>\n2. P\u0113c maisi\u0146a atv\u0113r\u0161anas iz\u0146emiet maskas lapu un uzlieciet to uz visa sejas, iz\u0146emot acis un muti.<br \/>\n3. Uzlieciet masku uz 10 l\u012bdz 20 min\u016bt\u0113m, lai bar\u012bbas vielas var\u0113tu ies\u016bkties \u0101d\u0101.<br \/>\n4. Kad maskas barojo\u0161\u0101s vielas ir piln\u012bb\u0101 uzs\u016bku\u0161\u0101s, masku no\u0146emiet no sejas un atliku\u0161o saturu uzs\u016bciet, viegli pieskaroties.<\/p>\n<p>Uzglab\u0101t b\u0113rniem nepieejam\u0101 viet\u0101, temperat\u016br\u0101 no +5 \u00b0\u0421 l\u012bdz +25 \u00b0\u0421, sarg\u0101jot no tie\u0161iem saules stariem, siltuma avotiem.<\/p>\n","protected":false},"excerpt":{"rendered":"<p>Pal\u012bdz kontrol\u0113t sebuma l\u012bdzsvaru un regul\u0113t keratiniz\u0101ciju. Maska cie\u0161i piegu\u013c \u0101dai, \u013caujot esencei labi uzs\u016bkties un padar\u012bt \u0101du dzidru. Hialuronsk\u0101be, kas paz\u012bstama k\u0101 dab\u012bgs mitrin\u0101t\u0101js, pal\u012bdz mitrin\u0101t \u0101du un uztur\u0113t mitruma l\u012bdzsvaru. Hipoaler\u0123isk\u0101 celulozes maska cie\u0161i piegu\u013c \u0101dai un ir piem\u0113rota ar\u012b jut\u012bgai \u0101dai. Lieto\u0161ana: 1. P\u0113c sejas mazg\u0101\u0161anas no\u0146emiet mitrumu un not\u012briet \u0101du ar [&#8230;]\n","protected":false},"featured_media":104904,"template":"","meta":[],"product_cat":[2181],"product_tag":[],"class_list":{"0":"post-103847","1":"product","2":"type-product","3":"status-publish","4":"has-post-thumbnail","6":"product_brand-replay_kr-lt","7":"product_cat-bez-kategorijas-lt","9":"first","10":"instock","11":"taxable","12":"shipping-taxable","13":"product-type-simple"},"_links":{"self":[{"href":"https:\/\/e.kosmolat.eu\/lt\/wp-json\/wp\/v2\/product\/103847","targetHints":{"allow":["GET"]}}],"collection":[{"href":"https:\/\/e.kosmolat.eu\/lt\/wp-json\/wp\/v2\/product"}],"about":[{"href":"https:\/\/e.kosmolat.eu\/lt\/wp-json\/wp\/v2\/types\/product"}],"wp:featuredmedia":[{"embeddable":true,"href":"https:\/\/e.kosmolat.eu\/lt\/wp-json\/wp\/v2\/media\/104904"}],"wp:attachment":[{"href":"https:\/\/e.kosmolat.eu\/lt\/wp-json\/wp\/v2\/media?parent=103847"}],"wp:term":[{"taxonomy":"product_cat","embeddable":true,"href":"https:\/\/e.kosmolat.eu\/lt\/wp-json\/wp\/v2\/product_cat?post=103847"},{"taxonomy":"product_tag","embeddable":true,"href":"https:\/\/e.kosmolat.eu\/lt\/wp-json\/wp\/v2\/product_tag?post=103847"}],"curies":[{"name":"wp","href":"https:\/\/api.w.org\/{rel}","templated":true}]}}