{"id":103842,"date":"2026-02-01T17:36:04","date_gmt":"2026-02-01T17:36:04","guid":{"rendered":"https:\/\/e.kosmolat.eu\/product\/gp-serums-jut-galvas-adai-zensens-un-marokas-piparmetru-ella-100-ml\/"},"modified":"2026-05-09T01:03:27","modified_gmt":"2026-05-09T01:03:27","slug":"gp-serums-jut-galvas-adai-zensens-un-marokas-piparmetru-ella-100-ml","status":"publish","type":"product","link":"https:\/\/e.kosmolat.eu\/lt\/produktas\/gp-serums-jut-galvas-adai-zensens-un-marokas-piparmetru-ella-100-ml\/","title":{"rendered":"GP Serumas jautriai galvos odai \u017een\u0161enis ir maroko metu aliejus, 100 ml"},"content":{"rendered":"<p>Raminamasis serumas su \u017een\u0161eniu ir marokieti\u0161ka m\u0117ta jautriai galvos odai.<\/p>\n<p>Dermatolog\u0173 patikrinta.<br \/>\nNaudojimas: paskirstyti ant galvos odos, \u0161velniai \u012fmasa\u017euoti, paskirstyti \u0161ukomis i\u0161ilgai plauk\u0173. Nenuskalauti.<br \/>\nSaugumo priemon\u0117s: patekus \u012f akis, praskalauti jas vandeniu.<\/p>\n","protected":false},"excerpt":{"rendered":"<p>Raminamasis serumas su \u017een\u0161eniu ir marokieti\u0161ka m\u0117ta jautriai galvos odai. Dermatolog\u0173 patikrinta. Naudojimas: paskirstyti ant galvos odos, \u0161velniai \u012fmasa\u017euoti, paskirstyti \u0161ukomis i\u0161ilgai plauk\u0173. Nenuskalauti. Saugumo priemon\u0117s: patekus \u012f akis, praskalauti jas vandeniu.<\/p>\n","protected":false},"featured_media":104628,"template":"","meta":[],"product_cat":[1345],"product_tag":[],"class_list":{"0":"post-103842","1":"product","2":"type-product","3":"status-publish","4":"has-post-thumbnail","6":"product_brand-elfa_ua-lt","7":"product_cat-kitos-plauku-prieziuros-priemones","9":"first","10":"instock","11":"taxable","12":"shipping-taxable","13":"product-type-simple"},"_links":{"self":[{"href":"https:\/\/e.kosmolat.eu\/lt\/wp-json\/wp\/v2\/product\/103842","targetHints":{"allow":["GET"]}}],"collection":[{"href":"https:\/\/e.kosmolat.eu\/lt\/wp-json\/wp\/v2\/product"}],"about":[{"href":"https:\/\/e.kosmolat.eu\/lt\/wp-json\/wp\/v2\/types\/product"}],"wp:featuredmedia":[{"embeddable":true,"href":"https:\/\/e.kosmolat.eu\/lt\/wp-json\/wp\/v2\/media\/104628"}],"wp:attachment":[{"href":"https:\/\/e.kosmolat.eu\/lt\/wp-json\/wp\/v2\/media?parent=103842"}],"wp:term":[{"taxonomy":"product_cat","embeddable":true,"href":"https:\/\/e.kosmolat.eu\/lt\/wp-json\/wp\/v2\/product_cat?post=103842"},{"taxonomy":"product_tag","embeddable":true,"href":"https:\/\/e.kosmolat.eu\/lt\/wp-json\/wp\/v2\/product_tag?post=103842"}],"curies":[{"name":"wp","href":"https:\/\/api.w.org\/{rel}","templated":true}]}}