{"id":103838,"date":"2026-02-01T17:21:17","date_gmt":"2026-02-01T17:21:17","guid":{"rendered":"https:\/\/e.kosmolat.eu\/product\/green-pharmacy-%d1%81u%d0%b2%d0%bes%d0%be%d1%82%d0%baa-%d0%bfs%d0%be%d1%82c%d0%b2-%d0%b2u%d0%bfaa%d0%b5%d0%bdc%d1%8f-%d0%b2%d0%bee%d0%be%d1%81-s%d0%b5%d0%bf%d0%b5%d0%b9%d0%bdc%d0%ba-c-%d0%bfs%d0%be\/"},"modified":"2026-05-09T01:03:14","modified_gmt":"2026-05-09T01:03:14","slug":"gp-serums-p-matu-izkris-dizdadzis-un-kviesu-proteini-100-ml","status":"publish","type":"product","link":"https:\/\/e.kosmolat.eu\/lt\/produktas\/gp-serums-p-matu-izkris-dizdadzis-un-kviesu-proteini-100-ml\/","title":{"rendered":"GP Serumas nuo plauku slinkimo varnale\u0161a ir kvie\u010diu baltymai, 100 ml"},"content":{"rendered":"<p>Koncentruotas galvos odos serumas su varnal\u0117\u0161\u0173 aliejumi ir kvie\u010di\u0173 baltymais plauk\u0173 \u0161aknims stiprinti.<\/p>\n<p>Dermatolog\u0173 patikrinta.<br \/>\nNaudojimas: paskirstyti ant galvos odos, \u0161velniai \u012fmasa\u017euoti, paskirstyti \u0161ukomis i\u0161ilgai plauk\u0173. Nenuskalauti.<br \/>\nSaugumo priemon\u0117s: patekus \u012f akis, praskalauti jas vandeniu.<\/p>\n","protected":false},"excerpt":{"rendered":"<p>Koncentruotas galvos odos serumas su varnal\u0117\u0161\u0173 aliejumi ir kvie\u010di\u0173 baltymais plauk\u0173 \u0161aknims stiprinti. Dermatolog\u0173 patikrinta. Naudojimas: paskirstyti ant galvos odos, \u0161velniai \u012fmasa\u017euoti, paskirstyti \u0161ukomis i\u0161ilgai plauk\u0173. Nenuskalauti. Saugumo priemon\u0117s: patekus \u012f akis, praskalauti jas vandeniu.<\/p>\n","protected":false},"featured_media":104624,"template":"","meta":[],"product_cat":[1345],"product_tag":[],"class_list":{"0":"post-103838","1":"product","2":"type-product","3":"status-publish","4":"has-post-thumbnail","6":"product_brand-elfa_ua-lt","7":"product_cat-kitos-plauku-prieziuros-priemones","9":"first","10":"instock","11":"taxable","12":"shipping-taxable","13":"product-type-simple"},"_links":{"self":[{"href":"https:\/\/e.kosmolat.eu\/lt\/wp-json\/wp\/v2\/product\/103838","targetHints":{"allow":["GET"]}}],"collection":[{"href":"https:\/\/e.kosmolat.eu\/lt\/wp-json\/wp\/v2\/product"}],"about":[{"href":"https:\/\/e.kosmolat.eu\/lt\/wp-json\/wp\/v2\/types\/product"}],"wp:featuredmedia":[{"embeddable":true,"href":"https:\/\/e.kosmolat.eu\/lt\/wp-json\/wp\/v2\/media\/104624"}],"wp:attachment":[{"href":"https:\/\/e.kosmolat.eu\/lt\/wp-json\/wp\/v2\/media?parent=103838"}],"wp:term":[{"taxonomy":"product_cat","embeddable":true,"href":"https:\/\/e.kosmolat.eu\/lt\/wp-json\/wp\/v2\/product_cat?post=103838"},{"taxonomy":"product_tag","embeddable":true,"href":"https:\/\/e.kosmolat.eu\/lt\/wp-json\/wp\/v2\/product_tag?post=103838"}],"curies":[{"name":"wp","href":"https:\/\/api.w.org\/{rel}","templated":true}]}}