{"id":103834,"date":"2026-02-01T17:21:03","date_gmt":"2026-02-01T17:21:03","guid":{"rendered":"https:\/\/e.kosmolat.eu\/product\/gp-eliksirs-p-matu-izkris-ar-dizdadzi-un-kviesu-protein-150-ml\/"},"modified":"2026-05-09T01:02:49","modified_gmt":"2026-05-09T01:02:49","slug":"gp-eliksirs-p-matu-izkris-ar-dizdadzi-un-kviesu-protein-150-ml","status":"publish","type":"product","link":"https:\/\/e.kosmolat.eu\/lt\/produktas\/gp-eliksirs-p-matu-izkris-ar-dizdadzi-un-kviesu-protein-150-ml\/","title":{"rendered":"GP Serumas nuo plauku slinkimo varnale\u0161a ir kvie\u010diu baltymai, 150 ml"},"content":{"rendered":"<p>Stiprinamasis eliksyras su varnal\u0117\u0161\u0173 aliejumi ir kvie\u010di\u0173 baltymais, skirtas plauk\u0173 slinkimui ma\u017einti ir plaukams stiprinti.<\/p>\n<p>Naudojimas: purk\u0161kite ant saus\u0173 arba dr\u0117gn\u0173 plauk\u0173. Nenuplaukite.<\/p>\n<p>Saugumo priemon\u0117s: patekus \u012f akis, praskalauti vandeniu.<br \/>\nLaikyti nuo +5 \u00b0C iki +25 \u00b0C temperat\u016broje.<\/p>\n","protected":false},"excerpt":{"rendered":"<p>Stiprinamasis eliksyras su varnal\u0117\u0161\u0173 aliejumi ir kvie\u010di\u0173 baltymais, skirtas plauk\u0173 slinkimui ma\u017einti ir plaukams stiprinti. Naudojimas: purk\u0161kite ant saus\u0173 arba dr\u0117gn\u0173 plauk\u0173. Nenuplaukite. Saugumo priemon\u0117s: patekus \u012f akis, praskalauti vandeniu. Laikyti nuo +5 \u00b0C iki +25 \u00b0C temperat\u016broje.<\/p>\n","protected":false},"featured_media":104616,"template":"","meta":[],"product_cat":[1345],"product_tag":[],"class_list":{"0":"post-103834","1":"product","2":"type-product","3":"status-publish","4":"has-post-thumbnail","6":"product_brand-elfa_ua-lt","7":"product_cat-kitos-plauku-prieziuros-priemones","9":"first","10":"outofstock","11":"taxable","12":"shipping-taxable","13":"product-type-simple"},"_links":{"self":[{"href":"https:\/\/e.kosmolat.eu\/lt\/wp-json\/wp\/v2\/product\/103834","targetHints":{"allow":["GET"]}}],"collection":[{"href":"https:\/\/e.kosmolat.eu\/lt\/wp-json\/wp\/v2\/product"}],"about":[{"href":"https:\/\/e.kosmolat.eu\/lt\/wp-json\/wp\/v2\/types\/product"}],"wp:featuredmedia":[{"embeddable":true,"href":"https:\/\/e.kosmolat.eu\/lt\/wp-json\/wp\/v2\/media\/104616"}],"wp:attachment":[{"href":"https:\/\/e.kosmolat.eu\/lt\/wp-json\/wp\/v2\/media?parent=103834"}],"wp:term":[{"taxonomy":"product_cat","embeddable":true,"href":"https:\/\/e.kosmolat.eu\/lt\/wp-json\/wp\/v2\/product_cat?post=103834"},{"taxonomy":"product_tag","embeddable":true,"href":"https:\/\/e.kosmolat.eu\/lt\/wp-json\/wp\/v2\/product_tag?post=103834"}],"curies":[{"name":"wp","href":"https:\/\/api.w.org\/{rel}","templated":true}]}}