{"id":103830,"date":"2026-02-01T17:06:17","date_gmt":"2026-02-01T17:06:17","guid":{"rendered":"https:\/\/e.kosmolat.eu\/product\/gp-eliksirs-ar-natru-un-dadzu-ellu-norm-matiem-150-ml\/"},"modified":"2026-05-09T01:03:02","modified_gmt":"2026-05-09T01:03:02","slug":"gp-eliksirs-ar-natru-un-dadzu-ellu-norm-matiem-150-ml","status":"publish","type":"product","link":"https:\/\/e.kosmolat.eu\/lt\/produktas\/gp-eliksirs-ar-natru-un-dadzu-ellu-norm-matiem-150-ml\/","title":{"rendered":"GP Eliksyras normaliems plaukams su dilgeliu ir varnale\u0161u aliejumi, 150 ml"},"content":{"rendered":"<p>Lengvas, nenuplaunamas eliksyras su dilg\u0117li\u0173 ir varnal\u0117\u0161\u0173 aliejumi, suteikiantis plaukams blizgesio ir i\u0161puosel\u0117tos i\u0161vaizdos.<\/p>\n<p>Naudojimas: purk\u0161kite ant saus\u0173 arba dr\u0117gn\u0173 plauk\u0173. Nenuplaukite.<\/p>\n<p>Saugumo priemon\u0117s: patekus \u012f akis, praskalauti vandeniu.<br \/>\nLaikyti nuo +5 \u00b0C iki +25 \u00b0C temperat\u016broje.<\/p>\n","protected":false},"excerpt":{"rendered":"<p>Lengvas, nenuplaunamas eliksyras su dilg\u0117li\u0173 ir varnal\u0117\u0161\u0173 aliejumi, suteikiantis plaukams blizgesio ir i\u0161puosel\u0117tos i\u0161vaizdos. Naudojimas: purk\u0161kite ant saus\u0173 arba dr\u0117gn\u0173 plauk\u0173. Nenuplaukite. Saugumo priemon\u0117s: patekus \u012f akis, praskalauti vandeniu. Laikyti nuo +5 \u00b0C iki +25 \u00b0C temperat\u016broje.<\/p>\n","protected":false},"featured_media":104620,"template":"","meta":[],"product_cat":[1345],"product_tag":[],"class_list":{"0":"post-103830","1":"product","2":"type-product","3":"status-publish","4":"has-post-thumbnail","6":"product_brand-elfa_ua-lt","7":"product_cat-kitos-plauku-prieziuros-priemones","9":"first","10":"instock","11":"taxable","12":"shipping-taxable","13":"product-type-simple"},"_links":{"self":[{"href":"https:\/\/e.kosmolat.eu\/lt\/wp-json\/wp\/v2\/product\/103830","targetHints":{"allow":["GET"]}}],"collection":[{"href":"https:\/\/e.kosmolat.eu\/lt\/wp-json\/wp\/v2\/product"}],"about":[{"href":"https:\/\/e.kosmolat.eu\/lt\/wp-json\/wp\/v2\/types\/product"}],"wp:featuredmedia":[{"embeddable":true,"href":"https:\/\/e.kosmolat.eu\/lt\/wp-json\/wp\/v2\/media\/104620"}],"wp:attachment":[{"href":"https:\/\/e.kosmolat.eu\/lt\/wp-json\/wp\/v2\/media?parent=103830"}],"wp:term":[{"taxonomy":"product_cat","embeddable":true,"href":"https:\/\/e.kosmolat.eu\/lt\/wp-json\/wp\/v2\/product_cat?post=103830"},{"taxonomy":"product_tag","embeddable":true,"href":"https:\/\/e.kosmolat.eu\/lt\/wp-json\/wp\/v2\/product_tag?post=103830"}],"curies":[{"name":"wp","href":"https:\/\/api.w.org\/{rel}","templated":true}]}}