{"id":103822,"date":"2026-02-01T16:51:27","date_gmt":"2026-02-01T16:51:27","guid":{"rendered":"https:\/\/e.kosmolat.eu\/product\/gp-dizdadza-ella-ar-kosa-ekstraktu-p-matu-izkrisanu-100-ml\/"},"modified":"2026-05-09T01:03:53","modified_gmt":"2026-05-09T01:03:53","slug":"gp-dizdadza-ella-ar-kosa-ekstraktu-p-matu-izkrisanu-100-ml","status":"publish","type":"product","link":"https:\/\/e.kosmolat.eu\/lt\/produktas\/gp-dizdadza-ella-ar-kosa-ekstraktu-p-matu-izkrisanu-100-ml\/","title":{"rendered":"GP Varnale\u0161u aliejus su asi\u016bkli\u016b ekstraktu nuo plauku slinkimo, 100 ml"},"content":{"rendered":"","protected":false},"excerpt":{"rendered":"","protected":false},"featured_media":107070,"template":"","meta":[],"product_cat":[1345],"product_tag":[],"class_list":{"0":"post-103822","1":"product","2":"type-product","3":"status-publish","4":"has-post-thumbnail","6":"product_brand-elfa_ua-lt","7":"product_cat-kitos-plauku-prieziuros-priemones","9":"first","10":"outofstock","11":"taxable","12":"shipping-taxable","13":"product-type-simple"},"_links":{"self":[{"href":"https:\/\/e.kosmolat.eu\/lt\/wp-json\/wp\/v2\/product\/103822","targetHints":{"allow":["GET"]}}],"collection":[{"href":"https:\/\/e.kosmolat.eu\/lt\/wp-json\/wp\/v2\/product"}],"about":[{"href":"https:\/\/e.kosmolat.eu\/lt\/wp-json\/wp\/v2\/types\/product"}],"wp:featuredmedia":[{"embeddable":true,"href":"https:\/\/e.kosmolat.eu\/lt\/wp-json\/wp\/v2\/media\/107070"}],"wp:attachment":[{"href":"https:\/\/e.kosmolat.eu\/lt\/wp-json\/wp\/v2\/media?parent=103822"}],"wp:term":[{"taxonomy":"product_cat","embeddable":true,"href":"https:\/\/e.kosmolat.eu\/lt\/wp-json\/wp\/v2\/product_cat?post=103822"},{"taxonomy":"product_tag","embeddable":true,"href":"https:\/\/e.kosmolat.eu\/lt\/wp-json\/wp\/v2\/product_tag?post=103822"}],"curies":[{"name":"wp","href":"https:\/\/api.w.org\/{rel}","templated":true}]}}